{"id":79,"date":"2022-06-13T18:22:21","date_gmt":"2022-06-13T16:22:21","guid":{"rendered":"https:\/\/ikasougou.com\/bazarturc\/sample-product\/un-coffret-religieux-pour-vos-enfants-2\/"},"modified":"2022-08-01T14:08:37","modified_gmt":"2022-08-01T12:08:37","slug":"un-coffret-religieux-pour-vos-enfants-2","status":"publish","type":"product","link":"https:\/\/ikasougou.com\/bazarturc\/produit\/un-coffret-religieux-pour-vos-enfants-2\/","title":{"rendered":"Un coffret religieux pour vos enfants"},"content":{"rendered":"<p>Un coffret religieux pour vos enfants ! \u00c0 l\u2019int\u00e9rieur, vous avez un tapis et un chapelet, pour initier vos enfants \u00e0 la pri\u00e8re et aussi un petit appareil photo pour l\u2019amuser ! Ce coffret est utilisable comme bo\u00eete \u00e0 \u00e9pargner leurs petites monnaies\u202f!<\/p>\n<div style=\"display:flex; gap:10px;justify-content:center\" class=\"wps-pgfw-pdf-generate-icon__wrapper-frontend\">\n\t\t<a  href=\"https:\/\/ikasougou.com\/bazarturc\/wp-json\/wp\/v2\/product\/79?action=genpdf&amp;id=79\" class=\"pgfw-single-pdf-download-button\" ><img src=\"https:\/\/ikasougou.com\/bazarturc\/wp-content\/plugins\/pdf-generator-for-wp\/admin\/src\/images\/PDF_Tray.svg\" title=\"G\u00e9n\u00e9rer un PDF\" style=\"width:auto; height:45px;\"><\/a>\n\t\t<\/div>","protected":false},"excerpt":{"rendered":"<p>Un tapis et un chapelet, pour initier vos enfants \u00e0 la pri\u00e8re et une boite \u00e0 \u00e9conomies<\/p>\n","protected":false},"featured_media":117,"comment_status":"open","ping_status":"closed","template":"","meta":{"jetpack_publicize_message":"","jetpack_publicize_feature_enabled":true,"jetpack_social_post_already_shared":true,"jetpack_social_options":{"image_generator_settings":{"template":"highway","default_image_id":0,"font":"","enabled":false},"version":2}},"product_brand":[],"product_cat":[67],"product_tag":[19,20,21],"class_list":{"0":"post-79","1":"product","2":"type-product","3":"status-publish","4":"has-post-thumbnail","6":"product_cat-religieux","7":"product_tag-enfants","8":"product_tag-priere","9":"product_tag-tapis-chapelet","11":"first","12":"instock","13":"shipping-taxable","14":"purchasable","15":"product-type-simple"},"ams_default_variation_id":0,"ams_product_points_reward":[],"ams_product_discount_percentage":0,"ams_price_to_display":12500,"aioseo_notices":[],"ams_acf":[],"jetpack_publicize_connections":[],"jetpack_sharing_enabled":true,"jetpack-related-posts":[],"jetpack_likes_enabled":true,"_links":{"self":[{"href":"https:\/\/ikasougou.com\/bazarturc\/wp-json\/wp\/v2\/product\/79","targetHints":{"allow":["GET"]}}],"collection":[{"href":"https:\/\/ikasougou.com\/bazarturc\/wp-json\/wp\/v2\/product"}],"about":[{"href":"https:\/\/ikasougou.com\/bazarturc\/wp-json\/wp\/v2\/types\/product"}],"replies":[{"embeddable":true,"href":"https:\/\/ikasougou.com\/bazarturc\/wp-json\/wp\/v2\/comments?post=79"}],"wp:featuredmedia":[{"embeddable":true,"href":"https:\/\/ikasougou.com\/bazarturc\/wp-json\/wp\/v2\/media\/117"}],"wp:attachment":[{"href":"https:\/\/ikasougou.com\/bazarturc\/wp-json\/wp\/v2\/media?parent=79"}],"wp:term":[{"taxonomy":"product_brand","embeddable":true,"href":"https:\/\/ikasougou.com\/bazarturc\/wp-json\/wp\/v2\/product_brand?post=79"},{"taxonomy":"product_cat","embeddable":true,"href":"https:\/\/ikasougou.com\/bazarturc\/wp-json\/wp\/v2\/product_cat?post=79"},{"taxonomy":"product_tag","embeddable":true,"href":"https:\/\/ikasougou.com\/bazarturc\/wp-json\/wp\/v2\/product_tag?post=79"}],"curies":[{"name":"wp","href":"https:\/\/api.w.org\/{rel}","templated":true}]}}