{"id":2777,"date":"2021-01-25T01:07:58","date_gmt":"2021-01-25T01:07:58","guid":{"rendered":"https:\/\/ikasougou.com\/bintaservice\/?post_type=product&#038;p=2777"},"modified":"2022-09-28T15:08:43","modified_gmt":"2022-09-28T15:08:43","slug":"sac-a-dos-enfant-bunny-lemon-ribbon","status":"publish","type":"product","link":"https:\/\/ikasougou.com\/bintaservice\/produit\/sac-a-dos-enfant-bunny-lemon-ribbon\/","title":{"rendered":"Sac \u00e0 Dos Enfant Bunny Lemon Ribbon"},"content":{"rendered":"<p>D\u00e9couvrez ce magnifique sac \u00e0 dos Bunny Lemon Ribbon, id\u00e9ale pour la rentr\u00e9e.<\/p>\n<p>Votre tout-petit peut transporter tous ses jouets et ses bandes dessin\u00e9es pr\u00e9f\u00e9r\u00e9s lors de ses grandes aventures\u202f!<\/p>\n<p><img loading=\"lazy\" decoding=\"async\" class=\"size-medium wp-image-2778 alignleft\" src=\"https:\/\/ikasougou.com\/bintaservice\/wp-content\/uploads\/sites\/3\/2021\/01\/TF-TH-6-267x400.jpg\" alt=\"\" width=\"267\" height=\"400\" srcset=\"https:\/\/ikasougou.com\/bintaservice\/wp-content\/uploads\/sites\/3\/2021\/01\/TF-TH-6-267x400.jpg 267w, https:\/\/ikasougou.com\/bintaservice\/wp-content\/uploads\/sites\/3\/2021\/01\/TF-TH-6-533x800.jpg 533w, https:\/\/ikasougou.com\/bintaservice\/wp-content\/uploads\/sites\/3\/2021\/01\/TF-TH-6-768x1152.jpg 768w, https:\/\/ikasougou.com\/bintaservice\/wp-content\/uploads\/sites\/3\/2021\/01\/TF-TH-6-1024x1536.jpg 1024w, https:\/\/ikasougou.com\/bintaservice\/wp-content\/uploads\/sites\/3\/2021\/01\/TF-TH-6-1365x2048.jpg 1365w, https:\/\/ikasougou.com\/bintaservice\/wp-content\/uploads\/sites\/3\/2021\/01\/TF-TH-6-510x765.jpg 510w, https:\/\/ikasougou.com\/bintaservice\/wp-content\/uploads\/sites\/3\/2021\/01\/TF-TH-6-scaled.jpg 1707w\" sizes=\"auto, (max-width: 267px) 100vw, 267px\" \/> <img loading=\"lazy\" decoding=\"async\" class=\"size-medium wp-image-2779 alignright\" src=\"https:\/\/ikasougou.com\/bintaservice\/wp-content\/uploads\/sites\/3\/2021\/01\/TF-TH-8-267x400.jpg\" alt=\"\" width=\"267\" height=\"400\" srcset=\"https:\/\/ikasougou.com\/bintaservice\/wp-content\/uploads\/sites\/3\/2021\/01\/TF-TH-8-267x400.jpg 267w, https:\/\/ikasougou.com\/bintaservice\/wp-content\/uploads\/sites\/3\/2021\/01\/TF-TH-8-533x800.jpg 533w, https:\/\/ikasougou.com\/bintaservice\/wp-content\/uploads\/sites\/3\/2021\/01\/TF-TH-8-768x1152.jpg 768w, https:\/\/ikasougou.com\/bintaservice\/wp-content\/uploads\/sites\/3\/2021\/01\/TF-TH-8-1024x1536.jpg 1024w, https:\/\/ikasougou.com\/bintaservice\/wp-content\/uploads\/sites\/3\/2021\/01\/TF-TH-8-1365x2048.jpg 1365w, https:\/\/ikasougou.com\/bintaservice\/wp-content\/uploads\/sites\/3\/2021\/01\/TF-TH-8-510x765.jpg 510w, https:\/\/ikasougou.com\/bintaservice\/wp-content\/uploads\/sites\/3\/2021\/01\/TF-TH-8-scaled.jpg 1707w\" sizes=\"auto, (max-width: 267px) 100vw, 267px\" \/><\/p>\n<div class=\"wps-pgfw-pdf-generate-icon__wrapper-frontend pgfw-icon-display pgfw-icon-display--default\" style=\"--pgfw-icon-justify:center;\"><a href=\"https:\/\/ikasougou.com\/bintaservice\/wp-json\/wp\/v2\/product\/2777?action=genpdf&#038;id=2777\" class=\"pgfw-single-pdf-download-button pgfw-single-pdf-download-button--default pgfw-single-pdf-download-button--icon-only\" title=\"G\u00e9n\u00e9rer un PDF\" style=\"--pgfw-icon-width:25px;--pgfw-icon-height:45px;\" aria-label=\"Download PDF\"><span class=\"pgfw-single-pdf-download-button__media\" aria-hidden=\"true\"><img src=\"https:\/\/ikasougou.com\/bintaservice\/wp-content\/plugins\/pdf-generator-for-wp\/admin\/src\/images\/PDF_Tray.svg\" alt=\"\" decoding=\"async\"><\/span><\/a><\/div>","protected":false},"excerpt":{"rendered":"<p>D\u00e9couvrez ce magnifique sac \u00e0 dos Bunny Lemon Ribbon, id\u00e9ale pour la rentr\u00e9e. Votre tout-petit peut transporter tous ses jouets et ses bandes dessin\u00e9es pr\u00e9f\u00e9r\u00e9s lors de ses grandes aventures\u202f!<\/p>\n","protected":false},"featured_media":2780,"comment_status":"open","ping_status":"closed","template":"","meta":{"jetpack_publicize_message":"","jetpack_publicize_feature_enabled":true,"jetpack_social_post_already_shared":true,"jetpack_social_options":{"image_generator_settings":{"template":"highway","default_image_id":0,"font":"","enabled":false},"version":2}},"product_brand":[],"product_cat":[53,28],"product_tag":[],"class_list":{"0":"post-2777","1":"product","2":"type-product","3":"status-publish","4":"has-post-thumbnail","6":"product_cat-fourniture-scolaire","7":"product_cat-home","9":"first","10":"outofstock","11":"shipping-taxable","12":"purchasable","13":"product-type-simple"},"ams_default_variation_id":0,"ams_product_points_reward":[],"ams_product_discount_percentage":0,"ams_price_to_display":6000,"aioseo_notices":[],"ams_acf":[],"jetpack_publicize_connections":[],"jetpack_sharing_enabled":true,"jetpack_likes_enabled":true,"jetpack-related-posts":[],"_links":{"self":[{"href":"https:\/\/ikasougou.com\/bintaservice\/wp-json\/wp\/v2\/product\/2777","targetHints":{"allow":["GET"]}}],"collection":[{"href":"https:\/\/ikasougou.com\/bintaservice\/wp-json\/wp\/v2\/product"}],"about":[{"href":"https:\/\/ikasougou.com\/bintaservice\/wp-json\/wp\/v2\/types\/product"}],"replies":[{"embeddable":true,"href":"https:\/\/ikasougou.com\/bintaservice\/wp-json\/wp\/v2\/comments?post=2777"}],"wp:featuredmedia":[{"embeddable":true,"href":"https:\/\/ikasougou.com\/bintaservice\/wp-json\/wp\/v2\/media\/2780"}],"wp:attachment":[{"href":"https:\/\/ikasougou.com\/bintaservice\/wp-json\/wp\/v2\/media?parent=2777"}],"wp:term":[{"taxonomy":"product_brand","embeddable":true,"href":"https:\/\/ikasougou.com\/bintaservice\/wp-json\/wp\/v2\/product_brand?post=2777"},{"taxonomy":"product_cat","embeddable":true,"href":"https:\/\/ikasougou.com\/bintaservice\/wp-json\/wp\/v2\/product_cat?post=2777"},{"taxonomy":"product_tag","embeddable":true,"href":"https:\/\/ikasougou.com\/bintaservice\/wp-json\/wp\/v2\/product_tag?post=2777"}],"curies":[{"name":"wp","href":"https:\/\/api.w.org\/{rel}","templated":true}]}}