{"id":2819,"date":"2021-01-27T00:41:08","date_gmt":"2021-01-27T00:41:08","guid":{"rendered":"https:\/\/ikasougou.com\/bintaservice\/?post_type=product&#038;p=2819"},"modified":"2022-09-28T15:08:43","modified_gmt":"2022-09-28T15:08:43","slug":"paquet-de-stylos-bleu-50-bic","status":"publish","type":"product","link":"https:\/\/ikasougou.com\/bintaservice\/produit\/paquet-de-stylos-bleu-50-bic\/","title":{"rendered":"Paquet de 50 Stylos Bleu &#8211; BIC"},"content":{"rendered":"<p>\u00c9crivez avec ces stylos de la c\u00e9l\u00e8bre marque <strong>BIC<\/strong> qui combinent confort et fluidit\u00e9 dans l&#8217;\u00e9criture. Le niveau d&#8217;encre est visible gr\u00e2ce \u00e0 la transparence \u00e9tui et offre une aisance dans l&#8217;\u00e9criture. <span style=\"color: #333333;\">Sa bille glisse sur le papier avec un confort in\u00e9gal\u00e9 et permet une \u00e9criture propre et nette.<\/span><\/p>\n<table id=\"productDetails_techSpec_section_1\" class=\"a-keyvalue prodDetTable\" role=\"presentation\">\n<tbody>\n<tr>\n<th class=\"a-color-secondary a-size-base prodDetSectionEntry\">Fabricant<\/th>\n<td class=\"a-size-base\">Bic<\/td>\n<\/tr>\n<tr>\n<th class=\"a-color-secondary a-size-base prodDetSectionEntry\">Marque<\/th>\n<td class=\"a-size-base\">BIC<\/td>\n<\/tr>\n<tr>\n<th class=\"a-color-secondary a-size-base prodDetSectionEntry\"><\/th>\n<td class=\"a-size-base\"><\/td>\n<\/tr>\n<tr>\n<th class=\"a-color-secondary a-size-base prodDetSectionEntry\">Dimensions du produit (L x l x h)<\/th>\n<td class=\"a-size-base\">0.16 x 0.14 x 0.07 cm\u202f; 615 grammes<\/td>\n<\/tr>\n<tr>\n<th class=\"a-color-secondary a-size-base prodDetSectionEntry\">Couleur<\/th>\n<td class=\"a-size-base\">Bleu<\/td>\n<\/tr>\n<tr>\n<th class=\"a-color-secondary a-size-base prodDetSectionEntry\">Type de mat\u00e9riau<\/th>\n<td class=\"a-size-base\">Plastique<\/td>\n<\/tr>\n<tr>\n<th class=\"a-color-secondary a-size-base prodDetSectionEntry\">Nombre d\u2019unit\u00e9s par article<\/th>\n<td class=\"a-size-base\">50<\/td>\n<\/tr>\n<tr>\n<th class=\"a-color-secondary a-size-base prodDetSectionEntry\">Taille<\/th>\n<td class=\"a-size-base\">Un Paquet de 50<\/td>\n<\/tr>\n<tr>\n<th class=\"a-color-secondary a-size-base prodDetSectionEntry\"><\/th>\n<td class=\"a-size-base\"><\/td>\n<\/tr>\n<tr>\n<th class=\"a-color-secondary a-size-base prodDetSectionEntry\">Couleur d&#8217;encre<\/th>\n<td class=\"a-size-base\">Bleu<\/td>\n<\/tr>\n<\/tbody>\n<\/table>\n<p><img loading=\"lazy\" decoding=\"async\" class=\"alignnone size-medium wp-image-2820\" src=\"https:\/\/ikasougou.com\/bintaservice\/wp-content\/uploads\/sites\/3\/2021\/01\/2250-600x400.jpg\" alt=\"\" width=\"600\" height=\"400\" srcset=\"https:\/\/ikasougou.com\/bintaservice\/wp-content\/uploads\/sites\/3\/2021\/01\/2250-600x400.jpg 600w, https:\/\/ikasougou.com\/bintaservice\/wp-content\/uploads\/sites\/3\/2021\/01\/2250-1200x800.jpg 1200w, https:\/\/ikasougou.com\/bintaservice\/wp-content\/uploads\/sites\/3\/2021\/01\/2250-768x512.jpg 768w, https:\/\/ikasougou.com\/bintaservice\/wp-content\/uploads\/sites\/3\/2021\/01\/2250-1536x1024.jpg 1536w, https:\/\/ikasougou.com\/bintaservice\/wp-content\/uploads\/sites\/3\/2021\/01\/2250-2048x1365.jpg 2048w, https:\/\/ikasougou.com\/bintaservice\/wp-content\/uploads\/sites\/3\/2021\/01\/2250-510x340.jpg 510w\" sizes=\"auto, (max-width: 600px) 100vw, 600px\" \/><\/p>\n<div style=\"display:flex; gap:10px;justify-content:center\" class=\"wps-pgfw-pdf-generate-icon__wrapper-frontend\">\n\t\t<a  href=\"https:\/\/ikasougou.com\/bintaservice\/wp-json\/wp\/v2\/product\/2819?action=genpdf&amp;id=2819\" class=\"pgfw-single-pdf-download-button\" ><img src=\"https:\/\/ikasougou.com\/bintaservice\/wp-content\/plugins\/pdf-generator-for-wp\/admin\/src\/images\/PDF_Tray.svg\" title=\"G\u00e9n\u00e9rer un PDF\" style=\"width:auto; height:45px;\"><\/a>\n\t\t<\/div>","protected":false},"excerpt":{"rendered":"<p>\u00c9crivez avec ces stylos de la c\u00e9l\u00e8bre marque BIC qui combinent confort et fluidit\u00e9 dans l&#8217;\u00e9criture. Le niveau d&#8217;encre est visible gr\u00e2ce \u00e0 la transparence \u00e9tui et offre une aisance dans l&#8217;\u00e9criture. Sa bille glisse sur le papier avec un confort in\u00e9gal\u00e9 et permet une \u00e9criture propre et nette. Fabricant Bic Marque BIC Dimensions du [&#8230;]\n","protected":false},"featured_media":2820,"comment_status":"open","ping_status":"closed","template":"","meta":{"jetpack_post_was_ever_published":false,"jetpack_publicize_message":"","jetpack_publicize_feature_enabled":true,"jetpack_social_post_already_shared":true,"jetpack_social_options":{"image_generator_settings":{"template":"highway","default_image_id":0,"font":"","enabled":false},"version":2}},"product_brand":[],"product_cat":[53,54,28],"product_tag":[],"class_list":{"0":"post-2819","1":"product","2":"type-product","3":"status-publish","4":"has-post-thumbnail","6":"product_cat-fourniture-scolaire","7":"product_cat-gourde-pour-enfants","8":"product_cat-home","10":"first","11":"outofstock","12":"shipping-taxable","13":"purchasable","14":"product-type-simple"},"ams_default_variation_id":0,"ams_product_points_reward":[],"ams_product_discount_percentage":0,"ams_price_to_display":2250,"aioseo_notices":[],"ams_acf":[],"jetpack_publicize_connections":[],"jetpack_sharing_enabled":true,"jetpack_likes_enabled":true,"jetpack-related-posts":[],"_links":{"self":[{"href":"https:\/\/ikasougou.com\/bintaservice\/wp-json\/wp\/v2\/product\/2819","targetHints":{"allow":["GET"]}}],"collection":[{"href":"https:\/\/ikasougou.com\/bintaservice\/wp-json\/wp\/v2\/product"}],"about":[{"href":"https:\/\/ikasougou.com\/bintaservice\/wp-json\/wp\/v2\/types\/product"}],"replies":[{"embeddable":true,"href":"https:\/\/ikasougou.com\/bintaservice\/wp-json\/wp\/v2\/comments?post=2819"}],"wp:featuredmedia":[{"embeddable":true,"href":"https:\/\/ikasougou.com\/bintaservice\/wp-json\/wp\/v2\/media\/2820"}],"wp:attachment":[{"href":"https:\/\/ikasougou.com\/bintaservice\/wp-json\/wp\/v2\/media?parent=2819"}],"wp:term":[{"taxonomy":"product_brand","embeddable":true,"href":"https:\/\/ikasougou.com\/bintaservice\/wp-json\/wp\/v2\/product_brand?post=2819"},{"taxonomy":"product_cat","embeddable":true,"href":"https:\/\/ikasougou.com\/bintaservice\/wp-json\/wp\/v2\/product_cat?post=2819"},{"taxonomy":"product_tag","embeddable":true,"href":"https:\/\/ikasougou.com\/bintaservice\/wp-json\/wp\/v2\/product_tag?post=2819"}],"curies":[{"name":"wp","href":"https:\/\/api.w.org\/{rel}","templated":true}]}}