{"id":2829,"date":"2021-01-27T14:55:40","date_gmt":"2021-01-27T14:55:40","guid":{"rendered":"https:\/\/ikasougou.com\/bintaservice\/?post_type=product&#038;p=2829"},"modified":"2022-09-28T15:08:42","modified_gmt":"2022-09-28T15:08:42","slug":"sac-a-dos-coccinelle-pour-enfant-maternelle","status":"publish","type":"product","link":"https:\/\/ikasougou.com\/bintaservice\/produit\/sac-a-dos-coccinelle-pour-enfant-maternelle\/","title":{"rendered":"Sac \u00e0 Dos Coccinelle pour Enfant"},"content":{"rendered":"<p>Craquez pour ce mini sac \u00e0 dos aux motifs de coccinelle qui ravira vos bouts de chou et les encouragera \u00e0 aller aux jardins d&#8217;enfants.<\/p>\n<p><img loading=\"lazy\" decoding=\"async\" class=\"alignnone size-medium wp-image-2830\" src=\"https:\/\/ikasougou.com\/bintaservice\/wp-content\/uploads\/sites\/3\/2021\/01\/SAC-JARDIN-ENFANT-4000-267x400.jpg\" alt=\"\" width=\"267\" height=\"400\" srcset=\"https:\/\/ikasougou.com\/bintaservice\/wp-content\/uploads\/sites\/3\/2021\/01\/SAC-JARDIN-ENFANT-4000-267x400.jpg 267w, https:\/\/ikasougou.com\/bintaservice\/wp-content\/uploads\/sites\/3\/2021\/01\/SAC-JARDIN-ENFANT-4000-533x800.jpg 533w, https:\/\/ikasougou.com\/bintaservice\/wp-content\/uploads\/sites\/3\/2021\/01\/SAC-JARDIN-ENFANT-4000-768x1152.jpg 768w, https:\/\/ikasougou.com\/bintaservice\/wp-content\/uploads\/sites\/3\/2021\/01\/SAC-JARDIN-ENFANT-4000-1024x1536.jpg 1024w, https:\/\/ikasougou.com\/bintaservice\/wp-content\/uploads\/sites\/3\/2021\/01\/SAC-JARDIN-ENFANT-4000-1365x2048.jpg 1365w, https:\/\/ikasougou.com\/bintaservice\/wp-content\/uploads\/sites\/3\/2021\/01\/SAC-JARDIN-ENFANT-4000-510x765.jpg 510w, https:\/\/ikasougou.com\/bintaservice\/wp-content\/uploads\/sites\/3\/2021\/01\/SAC-JARDIN-ENFANT-4000-scaled.jpg 1707w\" sizes=\"auto, (max-width: 267px) 100vw, 267px\" \/><\/p>\n<div style=\"display:flex; gap:10px;justify-content:center\" class=\"wps-pgfw-pdf-generate-icon__wrapper-frontend\">\n\t\t<a  href=\"https:\/\/ikasougou.com\/bintaservice\/wp-json\/wp\/v2\/product\/2829?action=genpdf&amp;id=2829\" class=\"pgfw-single-pdf-download-button\" ><img src=\"https:\/\/ikasougou.com\/bintaservice\/wp-content\/plugins\/pdf-generator-for-wp\/admin\/src\/images\/PDF_Tray.svg\" title=\"G\u00e9n\u00e9rer un PDF\" style=\"width:auto; height:45px;\"><\/a>\n\t\t<\/div>","protected":false},"excerpt":{"rendered":"<p>Craquez pour ce mini sac \u00e0 dos aux motifs de coccinelle qui ravira vos bouts de chou et les encouragera \u00e0 aller aux jardins d&#8217;enfants.<\/p>\n","protected":false},"featured_media":2831,"comment_status":"open","ping_status":"closed","template":"","meta":{"jetpack_post_was_ever_published":false,"jetpack_publicize_message":"","jetpack_publicize_feature_enabled":true,"jetpack_social_post_already_shared":true,"jetpack_social_options":{"image_generator_settings":{"template":"highway","default_image_id":0,"font":"","enabled":false},"version":2}},"product_brand":[],"product_cat":[53,28],"product_tag":[],"class_list":{"0":"post-2829","1":"product","2":"type-product","3":"status-publish","4":"has-post-thumbnail","6":"product_cat-fourniture-scolaire","7":"product_cat-home","9":"first","10":"outofstock","11":"shipping-taxable","12":"purchasable","13":"product-type-simple"},"ams_default_variation_id":0,"ams_product_points_reward":[],"ams_product_discount_percentage":0,"ams_price_to_display":4000,"aioseo_notices":[],"ams_acf":[],"jetpack_publicize_connections":[],"jetpack_sharing_enabled":true,"jetpack_likes_enabled":true,"jetpack-related-posts":[],"_links":{"self":[{"href":"https:\/\/ikasougou.com\/bintaservice\/wp-json\/wp\/v2\/product\/2829","targetHints":{"allow":["GET"]}}],"collection":[{"href":"https:\/\/ikasougou.com\/bintaservice\/wp-json\/wp\/v2\/product"}],"about":[{"href":"https:\/\/ikasougou.com\/bintaservice\/wp-json\/wp\/v2\/types\/product"}],"replies":[{"embeddable":true,"href":"https:\/\/ikasougou.com\/bintaservice\/wp-json\/wp\/v2\/comments?post=2829"}],"wp:featuredmedia":[{"embeddable":true,"href":"https:\/\/ikasougou.com\/bintaservice\/wp-json\/wp\/v2\/media\/2831"}],"wp:attachment":[{"href":"https:\/\/ikasougou.com\/bintaservice\/wp-json\/wp\/v2\/media?parent=2829"}],"wp:term":[{"taxonomy":"product_brand","embeddable":true,"href":"https:\/\/ikasougou.com\/bintaservice\/wp-json\/wp\/v2\/product_brand?post=2829"},{"taxonomy":"product_cat","embeddable":true,"href":"https:\/\/ikasougou.com\/bintaservice\/wp-json\/wp\/v2\/product_cat?post=2829"},{"taxonomy":"product_tag","embeddable":true,"href":"https:\/\/ikasougou.com\/bintaservice\/wp-json\/wp\/v2\/product_tag?post=2829"}],"curies":[{"name":"wp","href":"https:\/\/api.w.org\/{rel}","templated":true}]}}