{"id":2982,"date":"2021-10-08T10:52:10","date_gmt":"2021-10-08T10:52:10","guid":{"rendered":"https:\/\/ikasougou.com\/bintaservice\/?post_type=product&#038;p=2982"},"modified":"2022-09-28T15:08:39","modified_gmt":"2022-09-28T15:08:39","slug":"boites-a-dejeuner-et-gourdes","status":"publish","type":"product","link":"https:\/\/ikasougou.com\/bintaservice\/produit\/boites-a-dejeuner-et-gourdes\/","title":{"rendered":"Bo\u00eete \u00e0 d\u00e9jeuner et Gourde"},"content":{"rendered":"<p>Boite pour les repas : Id\u00e9ale pour un d\u00e9jeuner complet avec entr\u00e9e, plat, dessert (plat cuisin\u00e9, sandwich, salade, fruits, yaourt, etc).<\/p>\n<p>Gourde : Indispensable pour les enfants, cette magnifique gourde en plastique est tr\u00e8s r\u00e9sistante. Vos enfants auront leurs boissons \u00e0 disposition pendant les d\u00e9placements, les sorties ou \u00e0 l&#8217;\u00e9cole.<\/p>\n<div class=\"woocommerce-tabs wc-tabs-wrapper container tabbed-content\">\n<div class=\"tab-panels\">\n<div id=\"tab-reviews\" class=\"woocommerce-Tabs-panel woocommerce-Tabs-panel--reviews panel entry-content \" role=\"tabpanel\" aria-labelledby=\"tab-title-reviews\">\n<div id=\"reviews\" class=\"woocommerce-Reviews row\">\n<div id=\"review_form_wrapper\" class=\"large-12 col\">\n<div id=\"review_form\" class=\"col-inner\">\n<div class=\"review-form-inner has-border\">\n<div id=\"respond\" class=\"comment-respond\">\n<h3 id=\"reply-title\" class=\"comment-reply-title\"><\/h3>\n<form id=\"commentform\" class=\"comment-form\" action=\"https:\/\/ikasougou.com\/bintaservice\/wp-comments-post.php\" method=\"post\" novalidate=\"\">\n<div class=\"comment-form-rating\">\n<p>&nbsp;<\/p>\n<p><select id=\"rating\" name=\"rating\" required=\"\"><option value=\"\">\u00c9valuation&#8230;<\/option><option value=\"5\">Parfait<\/option><option value=\"4\">Bon<\/option><option value=\"3\">Moyen<\/option><option value=\"2\">Pas mal<\/option><option value=\"1\">Tr\u00e8s mauvais<\/option><\/select><\/p>\n<\/div>\n<p class=\"comment-form-comment\"><label for=\"comment\"><\/label><textarea id=\"comment\" cols=\"45\" name=\"comment\" required=\"\" rows=\"8\"><\/textarea><\/p>\n<p class=\"comment-subscription-form\"><input id=\"subscribe_blog\" name=\"subscribe_blog\" type=\"checkbox\" value=\"subscribe\" \/><label id=\"subscribe-blog-label\" class=\"subscribe-label\" for=\"subscribe_blog\"><\/label><\/p>\n<p class=\"form-submit wp-block-button\"><input id=\"submit\" class=\"submit wp-block-button__link\" name=\"submit\" type=\"submit\" value=\"Soumettre\" \/><\/p>\n<\/form>\n<\/div>\n<\/div>\n<\/div>\n<\/div>\n<\/div>\n<\/div>\n<\/div>\n<\/div>\n<div class=\"related related-products-wrapper product-section\"><\/div>\n<p>&nbsp;<\/p>\n<div style=\"display:flex; gap:10px;justify-content:center\" class=\"wps-pgfw-pdf-generate-icon__wrapper-frontend\">\n\t\t<a  href=\"https:\/\/ikasougou.com\/bintaservice\/wp-json\/wp\/v2\/product\/2982?action=genpdf&amp;id=2982\" class=\"pgfw-single-pdf-download-button\" ><img src=\"https:\/\/ikasougou.com\/bintaservice\/wp-content\/plugins\/pdf-generator-for-wp\/admin\/src\/images\/PDF_Tray.svg\" title=\"G\u00e9n\u00e9rer un PDF\" style=\"width:auto; height:45px;\"><\/a>\n\t\t<\/div>","protected":false},"excerpt":{"rendered":"<p>Boite pour les repas : Id\u00e9ale pour un d\u00e9jeuner complet avec entr\u00e9e, plat, dessert (plat cuisin\u00e9, sandwich, salade, fruits, yaourt, etc). Gourde : Indispensable pour les enfants, cette magnifique gourde en plastique est tr\u00e8s r\u00e9sistante. Vos enfants auront leurs boissons \u00e0 disposition pendant les d\u00e9placements, les sorties ou \u00e0 l&#8217;\u00e9cole. &nbsp; \u00c9valuation&#8230;ParfaitBonMoyenPas malTr\u00e8s mauvais &nbsp;<\/p>\n","protected":false},"featured_media":2983,"comment_status":"open","ping_status":"closed","template":"","meta":{"jetpack_post_was_ever_published":false,"jetpack_publicize_message":"","jetpack_publicize_feature_enabled":true,"jetpack_social_post_already_shared":true,"jetpack_social_options":{"image_generator_settings":{"template":"highway","default_image_id":0,"font":"","enabled":false},"version":2}},"product_brand":[],"product_cat":[83,54,97],"product_tag":[84,85,60],"class_list":{"0":"post-2982","1":"product","2":"type-product","3":"status-publish","4":"has-post-thumbnail","6":"product_cat-boite-a-repas","7":"product_cat-gourde-pour-enfants","8":"product_cat-rentre-2021","9":"product_tag-boite-a-repas","10":"product_tag-enfant","11":"product_tag-gourde","13":"first","14":"outofstock","15":"shipping-taxable","16":"purchasable","17":"product-type-simple"},"ams_default_variation_id":0,"ams_product_points_reward":[],"ams_product_discount_percentage":0,"ams_price_to_display":4000,"aioseo_notices":[],"ams_acf":[],"jetpack_publicize_connections":[],"jetpack_sharing_enabled":true,"jetpack_likes_enabled":true,"jetpack-related-posts":[],"_links":{"self":[{"href":"https:\/\/ikasougou.com\/bintaservice\/wp-json\/wp\/v2\/product\/2982","targetHints":{"allow":["GET"]}}],"collection":[{"href":"https:\/\/ikasougou.com\/bintaservice\/wp-json\/wp\/v2\/product"}],"about":[{"href":"https:\/\/ikasougou.com\/bintaservice\/wp-json\/wp\/v2\/types\/product"}],"replies":[{"embeddable":true,"href":"https:\/\/ikasougou.com\/bintaservice\/wp-json\/wp\/v2\/comments?post=2982"}],"wp:featuredmedia":[{"embeddable":true,"href":"https:\/\/ikasougou.com\/bintaservice\/wp-json\/wp\/v2\/media\/2983"}],"wp:attachment":[{"href":"https:\/\/ikasougou.com\/bintaservice\/wp-json\/wp\/v2\/media?parent=2982"}],"wp:term":[{"taxonomy":"product_brand","embeddable":true,"href":"https:\/\/ikasougou.com\/bintaservice\/wp-json\/wp\/v2\/product_brand?post=2982"},{"taxonomy":"product_cat","embeddable":true,"href":"https:\/\/ikasougou.com\/bintaservice\/wp-json\/wp\/v2\/product_cat?post=2982"},{"taxonomy":"product_tag","embeddable":true,"href":"https:\/\/ikasougou.com\/bintaservice\/wp-json\/wp\/v2\/product_tag?post=2982"}],"curies":[{"name":"wp","href":"https:\/\/api.w.org\/{rel}","templated":true}]}}