{"id":3151,"date":"2022-08-22T12:12:50","date_gmt":"2022-08-22T12:12:50","guid":{"rendered":"https:\/\/ikasougou.com\/bintaservice\/?post_type=product&#038;p=3151"},"modified":"2025-01-16T21:35:35","modified_gmt":"2025-01-16T21:35:35","slug":"valise-orange","status":"publish","type":"product","link":"https:\/\/ikasougou.com\/bintaservice\/produit\/valise-orange\/","title":{"rendered":"Valise Orange"},"content":{"rendered":"<p>Parfaite pour vos voyages et comme cadeau pour la mari\u00e9e, cette valise en toile nylon, est extr\u00eamement l\u00e9g\u00e8re. Elle est robuste et peut contenir beaucoup d&#8217;affaires. Elle dispose de 4 roues qui vous permettent de la d\u00e9placer avec aisance. Elle poss\u00e8de des poches int\u00e9rieures et peut \u00eatre port\u00e9e \u00e0 la main ou tir\u00e9e par une barre r\u00e9tractable.<\/p>\n<div class=\"wps-pgfw-pdf-generate-icon__wrapper-frontend pgfw-icon-display pgfw-icon-display--default\" style=\"--pgfw-icon-justify:center;\"><a href=\"https:\/\/ikasougou.com\/bintaservice\/wp-json\/wp\/v2\/product\/3151?action=genpdf&#038;id=3151\" class=\"pgfw-single-pdf-download-button pgfw-single-pdf-download-button--default pgfw-single-pdf-download-button--icon-only\" title=\"G\u00e9n\u00e9rer un PDF\" style=\"--pgfw-icon-width:25px;--pgfw-icon-height:45px;\" aria-label=\"Download PDF\"><span class=\"pgfw-single-pdf-download-button__media\" aria-hidden=\"true\"><img src=\"https:\/\/ikasougou.com\/bintaservice\/wp-content\/plugins\/pdf-generator-for-wp\/admin\/src\/images\/PDF_Tray.svg\" alt=\"\" decoding=\"async\"><\/span><\/a><\/div>","protected":false},"excerpt":{"rendered":"<p>Parfaite pour vos voyages et comme cadeau pour la mari\u00e9e, cette valise en toile nylon, est extr\u00eamement l\u00e9g\u00e8re. Elle est robuste et peut contenir beaucoup d&#8217;affaires. Elle dispose de 4 roues qui vous permettent de la d\u00e9placer avec aisance. Elle poss\u00e8de des poches int\u00e9rieures et peut \u00eatre port\u00e9e \u00e0 la main ou tir\u00e9e par une [&#8230;]\n","protected":false},"featured_media":3144,"comment_status":"open","ping_status":"closed","template":"","meta":{"jetpack_publicize_message":"","jetpack_publicize_feature_enabled":true,"jetpack_social_post_already_shared":true,"jetpack_social_options":{"image_generator_settings":{"template":"highway","default_image_id":0,"font":"","enabled":false},"version":2}},"product_brand":[],"product_cat":[33],"product_tag":[],"class_list":{"0":"post-3151","1":"product","2":"type-product","3":"status-publish","4":"has-post-thumbnail","6":"product_cat-textile-bijoux","8":"first","9":"outofstock","10":"shipping-taxable","11":"product-type-simple"},"ams_default_variation_id":0,"ams_product_points_reward":[],"ams_product_discount_percentage":0,"ams_price_to_display":0,"aioseo_notices":[],"ams_acf":[],"jetpack_publicize_connections":[],"jetpack_sharing_enabled":true,"jetpack_likes_enabled":true,"jetpack-related-posts":[],"_links":{"self":[{"href":"https:\/\/ikasougou.com\/bintaservice\/wp-json\/wp\/v2\/product\/3151","targetHints":{"allow":["GET"]}}],"collection":[{"href":"https:\/\/ikasougou.com\/bintaservice\/wp-json\/wp\/v2\/product"}],"about":[{"href":"https:\/\/ikasougou.com\/bintaservice\/wp-json\/wp\/v2\/types\/product"}],"replies":[{"embeddable":true,"href":"https:\/\/ikasougou.com\/bintaservice\/wp-json\/wp\/v2\/comments?post=3151"}],"wp:featuredmedia":[{"embeddable":true,"href":"https:\/\/ikasougou.com\/bintaservice\/wp-json\/wp\/v2\/media\/3144"}],"wp:attachment":[{"href":"https:\/\/ikasougou.com\/bintaservice\/wp-json\/wp\/v2\/media?parent=3151"}],"wp:term":[{"taxonomy":"product_brand","embeddable":true,"href":"https:\/\/ikasougou.com\/bintaservice\/wp-json\/wp\/v2\/product_brand?post=3151"},{"taxonomy":"product_cat","embeddable":true,"href":"https:\/\/ikasougou.com\/bintaservice\/wp-json\/wp\/v2\/product_cat?post=3151"},{"taxonomy":"product_tag","embeddable":true,"href":"https:\/\/ikasougou.com\/bintaservice\/wp-json\/wp\/v2\/product_tag?post=3151"}],"curies":[{"name":"wp","href":"https:\/\/api.w.org\/{rel}","templated":true}]}}