{"id":3294,"date":"2022-09-01T16:22:11","date_gmt":"2022-09-01T16:22:11","guid":{"rendered":"https:\/\/ikasougou.com\/bintaservice\/?post_type=product&#038;p=3294"},"modified":"2022-09-28T15:08:32","modified_gmt":"2022-09-28T15:08:32","slug":"lot-de-4-valise-couleur-marron-metal","status":"publish","type":"product","link":"https:\/\/ikasougou.com\/bintaservice\/produit\/lot-de-4-valise-couleur-marron-metal\/","title":{"rendered":"Lot de 4 Valise Couleur Marron M\u00e9tal"},"content":{"rendered":"<p>Lot de 4 Valise de taille diff\u00e9rente ultra-l\u00e9g\u00e8re au design recherch\u00e9 sera un parfait compagnon de voyage disponible \u00e0 85 000 FCFA.<\/p>\n<p>Une valise de qualit\u00e9 ne doit pas manquer chez vous, pour vos belles vacances ou pour les jeunes mari\u00e9s\u202f!<br \/>\nLe forfait comprend une grande valise, une valise moyenne et une petite valise. En cas de voyage, vous avez une valise disponible pour les courts trajets, moyens et longs.<\/p>\n<p>Gr\u00e2ce au mat\u00e9riau durable (ABS avec film polycarbonate), les bo\u00eetiers peuvent subir des coups. La serrure \u00e0 combinaison solide prot\u00e8ge les caisses contre le vol. Autre avantage : les valises sont \u00e9quip\u00e9es de 4 roues doubles rotatives, ce qui garantit un confort d&#8217;utilisation \u00e0 100\u2009%\u202f!<\/p>\n<p><img loading=\"lazy\" decoding=\"async\" class=\" wp-image-3299 alignleft\" src=\"https:\/\/ikasougou.com\/bintaservice\/wp-content\/uploads\/sites\/3\/2022\/09\/20220827_172400-400x400.jpg\" alt=\"\" width=\"348\" height=\"348\" srcset=\"https:\/\/ikasougou.com\/bintaservice\/wp-content\/uploads\/sites\/3\/2022\/09\/20220827_172400-400x400.jpg 400w, https:\/\/ikasougou.com\/bintaservice\/wp-content\/uploads\/sites\/3\/2022\/09\/20220827_172400-800x800.jpg 800w, https:\/\/ikasougou.com\/bintaservice\/wp-content\/uploads\/sites\/3\/2022\/09\/20220827_172400-280x280.jpg 280w, https:\/\/ikasougou.com\/bintaservice\/wp-content\/uploads\/sites\/3\/2022\/09\/20220827_172400-768x768.jpg 768w, https:\/\/ikasougou.com\/bintaservice\/wp-content\/uploads\/sites\/3\/2022\/09\/20220827_172400-510x510.jpg 510w, https:\/\/ikasougou.com\/bintaservice\/wp-content\/uploads\/sites\/3\/2022\/09\/20220827_172400-100x100.jpg 100w, https:\/\/ikasougou.com\/bintaservice\/wp-content\/uploads\/sites\/3\/2022\/09\/20220827_172400.jpg 1000w\" sizes=\"auto, (max-width: 348px) 100vw, 348px\" \/> <img loading=\"lazy\" decoding=\"async\" class=\" wp-image-3300 alignleft\" src=\"https:\/\/ikasougou.com\/bintaservice\/wp-content\/uploads\/sites\/3\/2022\/09\/20220827_172436-400x400.jpg\" alt=\"\" width=\"343\" height=\"343\" srcset=\"https:\/\/ikasougou.com\/bintaservice\/wp-content\/uploads\/sites\/3\/2022\/09\/20220827_172436-400x400.jpg 400w, https:\/\/ikasougou.com\/bintaservice\/wp-content\/uploads\/sites\/3\/2022\/09\/20220827_172436-800x800.jpg 800w, https:\/\/ikasougou.com\/bintaservice\/wp-content\/uploads\/sites\/3\/2022\/09\/20220827_172436-280x280.jpg 280w, https:\/\/ikasougou.com\/bintaservice\/wp-content\/uploads\/sites\/3\/2022\/09\/20220827_172436-768x768.jpg 768w, https:\/\/ikasougou.com\/bintaservice\/wp-content\/uploads\/sites\/3\/2022\/09\/20220827_172436-510x510.jpg 510w, https:\/\/ikasougou.com\/bintaservice\/wp-content\/uploads\/sites\/3\/2022\/09\/20220827_172436-100x100.jpg 100w, https:\/\/ikasougou.com\/bintaservice\/wp-content\/uploads\/sites\/3\/2022\/09\/20220827_172436.jpg 1000w\" sizes=\"auto, (max-width: 343px) 100vw, 343px\" \/><\/p>\n<div class=\"wps-pgfw-pdf-generate-icon__wrapper-frontend pgfw-icon-display pgfw-icon-display--default\" style=\"--pgfw-icon-justify:center;\"><a href=\"https:\/\/ikasougou.com\/bintaservice\/wp-json\/wp\/v2\/product\/3294?action=genpdf&#038;id=3294\" class=\"pgfw-single-pdf-download-button pgfw-single-pdf-download-button--default pgfw-single-pdf-download-button--icon-only\" title=\"G\u00e9n\u00e9rer un PDF\" style=\"--pgfw-icon-width:25px;--pgfw-icon-height:45px;\" aria-label=\"Download PDF\"><span class=\"pgfw-single-pdf-download-button__media\" aria-hidden=\"true\"><img src=\"https:\/\/ikasougou.com\/bintaservice\/wp-content\/plugins\/pdf-generator-for-wp\/admin\/src\/images\/PDF_Tray.svg\" alt=\"\" decoding=\"async\"><\/span><\/a><\/div>","protected":false},"excerpt":{"rendered":"<p>Lot de 4 Valise de taille diff\u00e9rente ultra-l\u00e9g\u00e8re au design recherch\u00e9 sera un parfait compagnon de voyage disponible \u00e0 85 000 FCFA. Une valise de qualit\u00e9 ne doit pas manquer chez vous, pour vos belles vacances ou pour les jeunes mari\u00e9s\u202f! Le forfait comprend une grande valise, une valise moyenne et une petite valise. En [&#8230;]\n","protected":false},"featured_media":3300,"comment_status":"open","ping_status":"closed","template":"","meta":{"jetpack_publicize_message":"","jetpack_publicize_feature_enabled":true,"jetpack_social_post_already_shared":true,"jetpack_social_options":{"image_generator_settings":{"template":"highway","default_image_id":0,"font":"","enabled":false},"version":2}},"product_brand":[],"product_cat":[33],"product_tag":[],"class_list":{"0":"post-3294","1":"product","2":"type-product","3":"status-publish","4":"has-post-thumbnail","6":"product_cat-textile-bijoux","8":"first","9":"outofstock","10":"sale","11":"shipping-taxable","12":"purchasable","13":"product-type-simple"},"ams_default_variation_id":0,"ams_product_points_reward":[],"ams_product_discount_percentage":5.56,"ams_price_to_display":85000,"aioseo_notices":[],"ams_acf":[],"jetpack_publicize_connections":[],"jetpack_sharing_enabled":true,"jetpack_likes_enabled":true,"jetpack-related-posts":[],"_links":{"self":[{"href":"https:\/\/ikasougou.com\/bintaservice\/wp-json\/wp\/v2\/product\/3294","targetHints":{"allow":["GET"]}}],"collection":[{"href":"https:\/\/ikasougou.com\/bintaservice\/wp-json\/wp\/v2\/product"}],"about":[{"href":"https:\/\/ikasougou.com\/bintaservice\/wp-json\/wp\/v2\/types\/product"}],"replies":[{"embeddable":true,"href":"https:\/\/ikasougou.com\/bintaservice\/wp-json\/wp\/v2\/comments?post=3294"}],"wp:featuredmedia":[{"embeddable":true,"href":"https:\/\/ikasougou.com\/bintaservice\/wp-json\/wp\/v2\/media\/3300"}],"wp:attachment":[{"href":"https:\/\/ikasougou.com\/bintaservice\/wp-json\/wp\/v2\/media?parent=3294"}],"wp:term":[{"taxonomy":"product_brand","embeddable":true,"href":"https:\/\/ikasougou.com\/bintaservice\/wp-json\/wp\/v2\/product_brand?post=3294"},{"taxonomy":"product_cat","embeddable":true,"href":"https:\/\/ikasougou.com\/bintaservice\/wp-json\/wp\/v2\/product_cat?post=3294"},{"taxonomy":"product_tag","embeddable":true,"href":"https:\/\/ikasougou.com\/bintaservice\/wp-json\/wp\/v2\/product_tag?post=3294"}],"curies":[{"name":"wp","href":"https:\/\/api.w.org\/{rel}","templated":true}]}}