{"id":3362,"date":"2022-09-12T12:15:28","date_gmt":"2022-09-12T12:15:28","guid":{"rendered":"https:\/\/ikasougou.com\/bintaservice\/?post_type=product&#038;p=3362"},"modified":"2022-09-28T15:10:06","modified_gmt":"2022-09-28T15:10:06","slug":"gourde-transparente","status":"publish","type":"product","link":"https:\/\/ikasougou.com\/bintaservice\/produit\/gourde-transparente\/","title":{"rendered":"Gourde Transparente"},"content":{"rendered":"<table width=\"472\">\n<tbody>\n<tr>\n<td width=\"472\">Cette Gourde transparente est originale, car il y est inscrit des indicateurs de niveaux, ce qui permet d\u2019encourager votre enfant \u00e0 boire beaucoup. Elle sera parfaite pour une rentr\u00e9e des classes en maternelle ou en primaire. Avec son bec r\u00e9tractable pour que l&#8217;eau ne coule pas et elle dispose d\u2019une sangle que votre enfant pourra mettre autour de son cou ou \u00e9paule et d\u2019une manche s&#8217;il veut la porter \u00e0 la main.<\/td>\n<\/tr>\n<\/tbody>\n<\/table>\n<div class=\"wps-pgfw-pdf-generate-icon__wrapper-frontend pgfw-icon-display pgfw-icon-display--default\" style=\"--pgfw-icon-justify:center;\"><a href=\"https:\/\/ikasougou.com\/bintaservice\/wp-json\/wp\/v2\/product\/3362?action=genpdf&#038;id=3362\" class=\"pgfw-single-pdf-download-button pgfw-single-pdf-download-button--default pgfw-single-pdf-download-button--icon-only\" title=\"G\u00e9n\u00e9rer un PDF\" style=\"--pgfw-icon-width:25px;--pgfw-icon-height:45px;\" aria-label=\"Download PDF\"><span class=\"pgfw-single-pdf-download-button__media\" aria-hidden=\"true\"><img src=\"https:\/\/ikasougou.com\/bintaservice\/wp-content\/plugins\/pdf-generator-for-wp\/admin\/src\/images\/PDF_Tray.svg\" alt=\"\" decoding=\"async\"><\/span><\/a><\/div>","protected":false},"excerpt":{"rendered":"<p>Cette Gourde transparente est originale, car il y est inscrit des indicateurs de niveaux, ce qui permet d\u2019encourager votre enfant \u00e0 boire beaucoup. Elle sera parfaite pour une rentr\u00e9e des classes en maternelle ou en primaire. Avec son bec r\u00e9tractable pour que l&#8217;eau ne coule pas et elle dispose d\u2019une sangle que votre enfant pourra [&#8230;]\n","protected":false},"featured_media":3368,"comment_status":"open","ping_status":"closed","template":"","meta":{"jetpack_publicize_message":"","jetpack_publicize_feature_enabled":true,"jetpack_social_post_already_shared":true,"jetpack_social_options":{"image_generator_settings":{"template":"highway","default_image_id":0,"font":"","enabled":false},"version":2}},"product_brand":[],"product_cat":[54,97],"product_tag":[59,60,81],"class_list":{"0":"post-3362","1":"product","2":"type-product","3":"status-publish","4":"has-post-thumbnail","6":"product_cat-gourde-pour-enfants","7":"product_cat-rentre-2021","8":"product_tag-enfants","9":"product_tag-gourde","10":"product_tag-rentre","12":"first","13":"outofstock","14":"shipping-taxable","15":"purchasable","16":"product-type-simple"},"ams_default_variation_id":0,"ams_product_points_reward":[],"ams_product_discount_percentage":0,"ams_price_to_display":4500,"aioseo_notices":[],"ams_acf":[],"jetpack_publicize_connections":[],"jetpack_sharing_enabled":true,"jetpack_likes_enabled":true,"jetpack-related-posts":[],"_links":{"self":[{"href":"https:\/\/ikasougou.com\/bintaservice\/wp-json\/wp\/v2\/product\/3362","targetHints":{"allow":["GET"]}}],"collection":[{"href":"https:\/\/ikasougou.com\/bintaservice\/wp-json\/wp\/v2\/product"}],"about":[{"href":"https:\/\/ikasougou.com\/bintaservice\/wp-json\/wp\/v2\/types\/product"}],"replies":[{"embeddable":true,"href":"https:\/\/ikasougou.com\/bintaservice\/wp-json\/wp\/v2\/comments?post=3362"}],"wp:featuredmedia":[{"embeddable":true,"href":"https:\/\/ikasougou.com\/bintaservice\/wp-json\/wp\/v2\/media\/3368"}],"wp:attachment":[{"href":"https:\/\/ikasougou.com\/bintaservice\/wp-json\/wp\/v2\/media?parent=3362"}],"wp:term":[{"taxonomy":"product_brand","embeddable":true,"href":"https:\/\/ikasougou.com\/bintaservice\/wp-json\/wp\/v2\/product_brand?post=3362"},{"taxonomy":"product_cat","embeddable":true,"href":"https:\/\/ikasougou.com\/bintaservice\/wp-json\/wp\/v2\/product_cat?post=3362"},{"taxonomy":"product_tag","embeddable":true,"href":"https:\/\/ikasougou.com\/bintaservice\/wp-json\/wp\/v2\/product_tag?post=3362"}],"curies":[{"name":"wp","href":"https:\/\/api.w.org\/{rel}","templated":true}]}}