{"id":3372,"date":"2022-09-12T12:41:44","date_gmt":"2022-09-12T12:41:44","guid":{"rendered":"https:\/\/ikasougou.com\/bintaservice\/?post_type=product&#038;p=3372"},"modified":"2022-09-28T15:08:31","modified_gmt":"2022-09-28T15:08:31","slug":"gourde-debi-rabbit-3","status":"publish","type":"product","link":"https:\/\/ikasougou.com\/bintaservice\/produit\/gourde-debi-rabbit-3\/","title":{"rendered":"Gourde Debi Rabbit"},"content":{"rendered":"<p>Id\u00e9ale  pour accompagner le go\u00fbter de votre enfant \u00e0 l&#8217;heure de la r\u00e9cr\u00e9, cette magnifique gourde, peut contenir du froid comme du chaud. Son double couvercle permet une excellente \u00e9tanch\u00e9it\u00e9 .Elle  peut servir de gourde pour l&#8217;\u00e9cole ou  en cas de sortie. Son sangle est  ajustable et d\u00e9tachable pour permettre de l&#8217;emporter partout.<\/p>\n<div class=\"wps-pgfw-pdf-generate-icon__wrapper-frontend pgfw-icon-display pgfw-icon-display--default\" style=\"--pgfw-icon-justify:center;\"><a href=\"https:\/\/ikasougou.com\/bintaservice\/wp-json\/wp\/v2\/product\/3372?action=genpdf&#038;id=3372\" class=\"pgfw-single-pdf-download-button pgfw-single-pdf-download-button--default pgfw-single-pdf-download-button--icon-only\" title=\"G\u00e9n\u00e9rer un PDF\" style=\"--pgfw-icon-width:25px;--pgfw-icon-height:45px;\" aria-label=\"Download PDF\"><span class=\"pgfw-single-pdf-download-button__media\" aria-hidden=\"true\"><img src=\"https:\/\/ikasougou.com\/bintaservice\/wp-content\/plugins\/pdf-generator-for-wp\/admin\/src\/images\/PDF_Tray.svg\" alt=\"\" decoding=\"async\"><\/span><\/a><\/div>","protected":false},"excerpt":{"rendered":"<p>Id\u00e9ale pour accompagner le go\u00fbter de votre enfant \u00e0 l&#8217;heure de la r\u00e9cr\u00e9, cette magnifique gourde, peut contenir du froid comme du chaud. Son double couvercle permet une excellente \u00e9tanch\u00e9it\u00e9 .Elle peut servir de gourde pour l&#8217;\u00e9cole ou en cas de sortie. Son sangle est ajustable et d\u00e9tachable pour permettre de l&#8217;emporter partout.<\/p>\n","protected":false},"featured_media":3377,"comment_status":"open","ping_status":"closed","template":"","meta":{"jetpack_publicize_message":"","jetpack_publicize_feature_enabled":true,"jetpack_social_post_already_shared":true,"jetpack_social_options":{"image_generator_settings":{"template":"highway","default_image_id":0,"font":"","enabled":false},"version":2}},"product_brand":[],"product_cat":[53,54,28],"product_tag":[57,61,63,62,59,58,60,64,56,65],"class_list":{"0":"post-3372","1":"product","2":"type-product","3":"status-publish","4":"has-post-thumbnail","6":"product_cat-fourniture-scolaire","7":"product_cat-gourde-pour-enfants","8":"product_cat-home","9":"product_tag-bamako","10":"product_tag-bidon","11":"product_tag-boisson","12":"product_tag-eau","13":"product_tag-enfants","14":"product_tag-fourniture-scolaire","15":"product_tag-gourde","16":"product_tag-jardin-denfants","17":"product_tag-mali","18":"product_tag-mini-gourde-couleur-violet-pour-enfant","20":"first","21":"outofstock","22":"shipping-taxable","23":"purchasable","24":"product-type-simple"},"ams_default_variation_id":0,"ams_product_points_reward":[],"ams_product_discount_percentage":0,"ams_price_to_display":2500,"aioseo_notices":[],"ams_acf":[],"jetpack_publicize_connections":[],"jetpack_sharing_enabled":true,"jetpack_likes_enabled":true,"jetpack-related-posts":[],"_links":{"self":[{"href":"https:\/\/ikasougou.com\/bintaservice\/wp-json\/wp\/v2\/product\/3372","targetHints":{"allow":["GET"]}}],"collection":[{"href":"https:\/\/ikasougou.com\/bintaservice\/wp-json\/wp\/v2\/product"}],"about":[{"href":"https:\/\/ikasougou.com\/bintaservice\/wp-json\/wp\/v2\/types\/product"}],"replies":[{"embeddable":true,"href":"https:\/\/ikasougou.com\/bintaservice\/wp-json\/wp\/v2\/comments?post=3372"}],"wp:featuredmedia":[{"embeddable":true,"href":"https:\/\/ikasougou.com\/bintaservice\/wp-json\/wp\/v2\/media\/3377"}],"wp:attachment":[{"href":"https:\/\/ikasougou.com\/bintaservice\/wp-json\/wp\/v2\/media?parent=3372"}],"wp:term":[{"taxonomy":"product_brand","embeddable":true,"href":"https:\/\/ikasougou.com\/bintaservice\/wp-json\/wp\/v2\/product_brand?post=3372"},{"taxonomy":"product_cat","embeddable":true,"href":"https:\/\/ikasougou.com\/bintaservice\/wp-json\/wp\/v2\/product_cat?post=3372"},{"taxonomy":"product_tag","embeddable":true,"href":"https:\/\/ikasougou.com\/bintaservice\/wp-json\/wp\/v2\/product_tag?post=3372"}],"curies":[{"name":"wp","href":"https:\/\/api.w.org\/{rel}","templated":true}]}}