{"id":3380,"date":"2022-09-12T12:46:57","date_gmt":"2022-09-12T12:46:57","guid":{"rendered":"https:\/\/ikasougou.com\/bintaservice\/?post_type=product&#038;p=3380"},"modified":"2022-09-28T15:08:31","modified_gmt":"2022-09-28T15:08:31","slug":"gourde-poussins-2-en-1","status":"publish","type":"product","link":"https:\/\/ikasougou.com\/bintaservice\/produit\/gourde-poussins-2-en-1\/","title":{"rendered":"Gourde Poussins 2 en 1"},"content":{"rendered":"<table width=\"472\">\n<tbody>\n<tr>\n<td width=\"472\">Gourde Petits Poussins 2 en 1\u00a0\u00a0\u00a0\u00a0\u00a0\u00a0\u00a0\u00a0\u00a0\u00a0\u00a0\u00a0\u00a0\u00a0\u00a0\u00a0\u00a0\u00a0\u00a0\u00a0\u00a0\u00a0\u00a0\u00a0\u00a0\u00a0\u00a0\u00a0\u00a0\u00a0\u00a0\u00a0\u00a0\u00a0\u00a0\u00a0\u00a0\u00a0\u00a0\u00a0\u00a0\u00a0\u00a0\u00a0\u00a0\u00a0\u00a0\u00a0\u00a0\u00a0\u00a0\u00a0\u00a0\u00a0\u00a0\u00a0\u00a0\u00a0\u00a0\u00a0\u00a0\u00a0\u00a0\u00a0\u00a0\u00a0\u00a0\u00a0\u00a0\u00a0\u00a0\u00a0\u00a0\u00a0\u00a0\u00a0\u00a0\u00a0\u00a0\u00a0\u00a0\u00a0\u00a0\u00a0\u00a0\u00a0\u00a0\u00a0\u00a0\u00a0\u00a0\u00a0\u00a0\u00a0\u00a0\u00a0\u00a0\u00a0\u00a0\u00a0\u00a0\u00a0\u00a0\u00a0\u00a0\u00a0\u00a0\u00a0\u00a0\u00a0\u00a0\u00a0\u00a0\u00a0\u00a0\u00a0\u00a0\u00a0\u00a0\u00a0\u00a0\u00a0 Le Combo Set Petits Poussins est l&#8217;accessoire indispensable pour vos enfants de la maternelle. Il est compos\u00e9 : d&#8217;une bo\u00eete pour le go\u00fbter. D&#8217;une gourde int\u00e9gr\u00e9e facile \u00e0 ranger !. D&#8217;une sangle pour permettre \u00e0 l\u2019enfant de le porter facilement. Laver le produit \u00e0 l&#8217;eau savonneuse avant la premi\u00e8re utilisation et avant chaque utilisation.\u00a0<\/td>\n<\/tr>\n<\/tbody>\n<\/table>\n<div class=\"wps-pgfw-pdf-generate-icon__wrapper-frontend pgfw-icon-display pgfw-icon-display--default\" style=\"--pgfw-icon-justify:center;\"><a href=\"https:\/\/ikasougou.com\/bintaservice\/wp-json\/wp\/v2\/product\/3380?action=genpdf&#038;id=3380\" class=\"pgfw-single-pdf-download-button pgfw-single-pdf-download-button--default pgfw-single-pdf-download-button--icon-only\" title=\"G\u00e9n\u00e9rer un PDF\" style=\"--pgfw-icon-width:25px;--pgfw-icon-height:45px;\" aria-label=\"Download PDF\"><span class=\"pgfw-single-pdf-download-button__media\" aria-hidden=\"true\"><img src=\"https:\/\/ikasougou.com\/bintaservice\/wp-content\/plugins\/pdf-generator-for-wp\/admin\/src\/images\/PDF_Tray.svg\" alt=\"\" decoding=\"async\"><\/span><\/a><\/div>","protected":false},"excerpt":{"rendered":"<p>Gourde Petits Poussins 2 en 1\u00a0\u00a0\u00a0\u00a0\u00a0\u00a0\u00a0\u00a0\u00a0\u00a0\u00a0\u00a0\u00a0\u00a0\u00a0\u00a0\u00a0\u00a0\u00a0\u00a0\u00a0\u00a0\u00a0\u00a0\u00a0\u00a0\u00a0\u00a0\u00a0\u00a0\u00a0\u00a0\u00a0\u00a0\u00a0\u00a0\u00a0\u00a0\u00a0\u00a0\u00a0\u00a0\u00a0\u00a0\u00a0\u00a0\u00a0\u00a0\u00a0\u00a0\u00a0\u00a0\u00a0\u00a0\u00a0\u00a0\u00a0\u00a0\u00a0\u00a0\u00a0\u00a0\u00a0\u00a0\u00a0\u00a0\u00a0\u00a0\u00a0\u00a0\u00a0\u00a0\u00a0\u00a0\u00a0\u00a0\u00a0\u00a0\u00a0\u00a0\u00a0\u00a0\u00a0\u00a0\u00a0\u00a0\u00a0\u00a0\u00a0\u00a0\u00a0\u00a0\u00a0\u00a0\u00a0\u00a0\u00a0\u00a0\u00a0\u00a0\u00a0\u00a0\u00a0\u00a0\u00a0\u00a0\u00a0\u00a0\u00a0\u00a0\u00a0\u00a0\u00a0\u00a0\u00a0\u00a0\u00a0\u00a0\u00a0\u00a0\u00a0\u00a0 Le Combo Set Petits Poussins est l&#8217;accessoire indispensable pour vos enfants de la maternelle. Il est compos\u00e9 : d&#8217;une bo\u00eete pour le go\u00fbter. D&#8217;une gourde int\u00e9gr\u00e9e facile \u00e0 ranger !. D&#8217;une sangle pour permettre \u00e0 l\u2019enfant de le porter facilement. Laver le produit \u00e0 l&#8217;eau savonneuse avant la premi\u00e8re [&#8230;]\n","protected":false},"featured_media":3383,"comment_status":"open","ping_status":"closed","template":"","meta":{"jetpack_publicize_message":"","jetpack_publicize_feature_enabled":true,"jetpack_social_post_already_shared":true,"jetpack_social_options":{"image_generator_settings":{"template":"highway","default_image_id":0,"font":"","enabled":false},"version":2}},"product_brand":[],"product_cat":[53,54,28],"product_tag":[57,61,63,62,59,58,60,64,56,65],"class_list":{"0":"post-3380","1":"product","2":"type-product","3":"status-publish","4":"has-post-thumbnail","6":"product_cat-fourniture-scolaire","7":"product_cat-gourde-pour-enfants","8":"product_cat-home","9":"product_tag-bamako","10":"product_tag-bidon","11":"product_tag-boisson","12":"product_tag-eau","13":"product_tag-enfants","14":"product_tag-fourniture-scolaire","15":"product_tag-gourde","16":"product_tag-jardin-denfants","17":"product_tag-mali","18":"product_tag-mini-gourde-couleur-violet-pour-enfant","20":"first","21":"outofstock","22":"shipping-taxable","23":"purchasable","24":"product-type-simple"},"ams_default_variation_id":0,"ams_product_points_reward":[],"ams_product_discount_percentage":0,"ams_price_to_display":4000,"aioseo_notices":[],"ams_acf":[],"jetpack_publicize_connections":[],"jetpack_sharing_enabled":true,"jetpack_likes_enabled":true,"jetpack-related-posts":[],"_links":{"self":[{"href":"https:\/\/ikasougou.com\/bintaservice\/wp-json\/wp\/v2\/product\/3380","targetHints":{"allow":["GET"]}}],"collection":[{"href":"https:\/\/ikasougou.com\/bintaservice\/wp-json\/wp\/v2\/product"}],"about":[{"href":"https:\/\/ikasougou.com\/bintaservice\/wp-json\/wp\/v2\/types\/product"}],"replies":[{"embeddable":true,"href":"https:\/\/ikasougou.com\/bintaservice\/wp-json\/wp\/v2\/comments?post=3380"}],"wp:featuredmedia":[{"embeddable":true,"href":"https:\/\/ikasougou.com\/bintaservice\/wp-json\/wp\/v2\/media\/3383"}],"wp:attachment":[{"href":"https:\/\/ikasougou.com\/bintaservice\/wp-json\/wp\/v2\/media?parent=3380"}],"wp:term":[{"taxonomy":"product_brand","embeddable":true,"href":"https:\/\/ikasougou.com\/bintaservice\/wp-json\/wp\/v2\/product_brand?post=3380"},{"taxonomy":"product_cat","embeddable":true,"href":"https:\/\/ikasougou.com\/bintaservice\/wp-json\/wp\/v2\/product_cat?post=3380"},{"taxonomy":"product_tag","embeddable":true,"href":"https:\/\/ikasougou.com\/bintaservice\/wp-json\/wp\/v2\/product_tag?post=3380"}],"curies":[{"name":"wp","href":"https:\/\/api.w.org\/{rel}","templated":true}]}}