{"id":3385,"date":"2022-09-12T14:23:47","date_gmt":"2022-09-12T14:23:47","guid":{"rendered":"https:\/\/ikasougou.com\/bintaservice\/?post_type=product&#038;p=3385"},"modified":"2022-09-28T15:10:06","modified_gmt":"2022-09-28T15:10:06","slug":"boite-a-gouter-en-inox","status":"publish","type":"product","link":"https:\/\/ikasougou.com\/bintaservice\/produit\/boite-a-gouter-en-inox\/","title":{"rendered":"Bo\u00eete \u00e0 Go\u00fbter en Inox"},"content":{"rendered":"<p>\u00c9quip\u00e9e de 4 verrouillages de s\u00e9curit\u00e9, cette bo\u00eete \u00e0 go\u00fbter restera toujours bien ferm\u00e9e pour un go\u00fbter frais et savoureux. Chouette aussi comme bo\u00eete \u00e0 d\u00e9jeuner, car elle est munie d\u2019un ensemble de cuill\u00e8re et fourchette ! Cette bo\u00eete \u00e0 go\u00fbter robuste est compos\u00e9e de mat\u00e9riaux sans odeur et qui ne donnent pas de go\u00fbt aux aliments.<\/p>\n<div style=\"display:flex; gap:10px;justify-content:center\" class=\"wps-pgfw-pdf-generate-icon__wrapper-frontend\">\n\t\t<a  href=\"https:\/\/ikasougou.com\/bintaservice\/wp-json\/wp\/v2\/product\/3385?action=genpdf&amp;id=3385\" class=\"pgfw-single-pdf-download-button\" ><img src=\"https:\/\/ikasougou.com\/bintaservice\/wp-content\/plugins\/pdf-generator-for-wp\/admin\/src\/images\/PDF_Tray.svg\" title=\"G\u00e9n\u00e9rer un PDF\" style=\"width:auto; height:45px;\"><\/a>\n\t\t<\/div>","protected":false},"excerpt":{"rendered":"<p>\u00c9quip\u00e9e de 4 verrouillages de s\u00e9curit\u00e9, cette bo\u00eete \u00e0 go\u00fbter restera toujours bien ferm\u00e9e pour un go\u00fbter frais et savoureux. Chouette aussi comme bo\u00eete \u00e0 d\u00e9jeuner, car elle est munie d\u2019un ensemble de cuill\u00e8re et fourchette ! Cette bo\u00eete \u00e0 go\u00fbter robuste est compos\u00e9e de mat\u00e9riaux sans odeur et qui ne donnent pas de go\u00fbt [&#8230;]\n","protected":false},"featured_media":3386,"comment_status":"open","ping_status":"closed","template":"","meta":{"jetpack_post_was_ever_published":false,"jetpack_publicize_message":"","jetpack_publicize_feature_enabled":true,"jetpack_social_post_already_shared":true,"jetpack_social_options":{"image_generator_settings":{"template":"highway","default_image_id":0,"font":"","enabled":false},"version":2}},"product_brand":[],"product_cat":[83,28],"product_tag":[],"class_list":{"0":"post-3385","1":"product","2":"type-product","3":"status-publish","4":"has-post-thumbnail","6":"product_cat-boite-a-repas","7":"product_cat-home","9":"first","10":"outofstock","11":"shipping-taxable","12":"purchasable","13":"product-type-simple"},"ams_default_variation_id":0,"ams_product_points_reward":[],"ams_product_discount_percentage":0,"ams_price_to_display":5000,"aioseo_notices":[],"ams_acf":[],"jetpack_publicize_connections":[],"jetpack_sharing_enabled":true,"jetpack_likes_enabled":true,"jetpack-related-posts":[],"_links":{"self":[{"href":"https:\/\/ikasougou.com\/bintaservice\/wp-json\/wp\/v2\/product\/3385","targetHints":{"allow":["GET"]}}],"collection":[{"href":"https:\/\/ikasougou.com\/bintaservice\/wp-json\/wp\/v2\/product"}],"about":[{"href":"https:\/\/ikasougou.com\/bintaservice\/wp-json\/wp\/v2\/types\/product"}],"replies":[{"embeddable":true,"href":"https:\/\/ikasougou.com\/bintaservice\/wp-json\/wp\/v2\/comments?post=3385"}],"wp:featuredmedia":[{"embeddable":true,"href":"https:\/\/ikasougou.com\/bintaservice\/wp-json\/wp\/v2\/media\/3386"}],"wp:attachment":[{"href":"https:\/\/ikasougou.com\/bintaservice\/wp-json\/wp\/v2\/media?parent=3385"}],"wp:term":[{"taxonomy":"product_brand","embeddable":true,"href":"https:\/\/ikasougou.com\/bintaservice\/wp-json\/wp\/v2\/product_brand?post=3385"},{"taxonomy":"product_cat","embeddable":true,"href":"https:\/\/ikasougou.com\/bintaservice\/wp-json\/wp\/v2\/product_cat?post=3385"},{"taxonomy":"product_tag","embeddable":true,"href":"https:\/\/ikasougou.com\/bintaservice\/wp-json\/wp\/v2\/product_tag?post=3385"}],"curies":[{"name":"wp","href":"https:\/\/api.w.org\/{rel}","templated":true}]}}