{"id":3428,"date":"2022-09-21T16:22:29","date_gmt":"2022-09-21T16:22:29","guid":{"rendered":"https:\/\/ikasougou.com\/bintaservice\/?post_type=product&#038;p=3428"},"modified":"2022-09-26T09:37:33","modified_gmt":"2022-09-26T09:37:33","slug":"sac-a-dos-professionel-2","status":"publish","type":"product","link":"https:\/\/ikasougou.com\/bintaservice\/produit\/sac-a-dos-professionel-2\/","title":{"rendered":"Sac \u00e0 dos Professionel"},"content":{"rendered":"<p>Un sac \u00e0 la fois intemporel et original ? C\u2019est possible avec Sprayground ! La marque revisite le noir, grand classique du pr\u00eat-\u00e0-porter, en agr\u00e9mentant ce sac \u00e0 dos Side Shark de l\u2019embl\u00e9matique gueule de requin. Avec son compartiment principal, ses nombreuses poches \u00e0 fermeture \u00c9clair et son compartiment pour PC portable, ce sac \u00e0 dos fait craquer les ados voulant se d\u00e9marquer.<\/p>\n<div style=\"display:flex; gap:10px;justify-content:center\" class=\"wps-pgfw-pdf-generate-icon__wrapper-frontend\">\n\t\t<a  href=\"https:\/\/ikasougou.com\/bintaservice\/wp-json\/wp\/v2\/product\/3428?action=genpdf&amp;id=3428\" class=\"pgfw-single-pdf-download-button\" ><img src=\"https:\/\/ikasougou.com\/bintaservice\/wp-content\/plugins\/pdf-generator-for-wp\/admin\/src\/images\/PDF_Tray.svg\" title=\"G\u00e9n\u00e9rer un PDF\" style=\"width:auto; height:45px;\"><\/a>\n\t\t<\/div>","protected":false},"excerpt":{"rendered":"<p>Un sac \u00e0 la fois intemporel et original ? C\u2019est possible avec Sprayground ! La marque revisite le noir, grand classique du pr\u00eat-\u00e0-porter, en agr\u00e9mentant ce sac \u00e0 dos Side Shark de l\u2019embl\u00e9matique gueule de requin. Avec son compartiment principal, ses nombreuses poches \u00e0 fermeture \u00c9clair et son compartiment pour PC portable, ce sac \u00e0 [&#8230;]\n","protected":false},"featured_media":3451,"comment_status":"open","ping_status":"closed","template":"","meta":{"jetpack_post_was_ever_published":false,"jetpack_publicize_message":"","jetpack_publicize_feature_enabled":true,"jetpack_social_post_already_shared":true,"jetpack_social_options":{"image_generator_settings":{"template":"highway","default_image_id":0,"font":"","enabled":false},"version":2}},"product_brand":[],"product_cat":[53,28],"product_tag":[],"class_list":{"0":"post-3428","1":"product","2":"type-product","3":"status-publish","4":"has-post-thumbnail","6":"product_cat-fourniture-scolaire","7":"product_cat-home","9":"first","10":"instock","11":"shipping-taxable","12":"purchasable","13":"product-type-simple"},"ams_default_variation_id":0,"ams_product_points_reward":[],"ams_product_discount_percentage":0,"ams_price_to_display":12500,"aioseo_notices":[],"ams_acf":[],"jetpack_publicize_connections":[],"jetpack_sharing_enabled":true,"jetpack_likes_enabled":true,"jetpack-related-posts":[],"_links":{"self":[{"href":"https:\/\/ikasougou.com\/bintaservice\/wp-json\/wp\/v2\/product\/3428","targetHints":{"allow":["GET"]}}],"collection":[{"href":"https:\/\/ikasougou.com\/bintaservice\/wp-json\/wp\/v2\/product"}],"about":[{"href":"https:\/\/ikasougou.com\/bintaservice\/wp-json\/wp\/v2\/types\/product"}],"replies":[{"embeddable":true,"href":"https:\/\/ikasougou.com\/bintaservice\/wp-json\/wp\/v2\/comments?post=3428"}],"wp:featuredmedia":[{"embeddable":true,"href":"https:\/\/ikasougou.com\/bintaservice\/wp-json\/wp\/v2\/media\/3451"}],"wp:attachment":[{"href":"https:\/\/ikasougou.com\/bintaservice\/wp-json\/wp\/v2\/media?parent=3428"}],"wp:term":[{"taxonomy":"product_brand","embeddable":true,"href":"https:\/\/ikasougou.com\/bintaservice\/wp-json\/wp\/v2\/product_brand?post=3428"},{"taxonomy":"product_cat","embeddable":true,"href":"https:\/\/ikasougou.com\/bintaservice\/wp-json\/wp\/v2\/product_cat?post=3428"},{"taxonomy":"product_tag","embeddable":true,"href":"https:\/\/ikasougou.com\/bintaservice\/wp-json\/wp\/v2\/product_tag?post=3428"}],"curies":[{"name":"wp","href":"https:\/\/api.w.org\/{rel}","templated":true}]}}