{"id":3518,"date":"2023-01-13T16:33:19","date_gmt":"2023-01-13T16:33:19","guid":{"rendered":"https:\/\/ikasougou.com\/bintaservice\/?post_type=product&#038;p=3518"},"modified":"2023-01-13T16:37:11","modified_gmt":"2023-01-13T16:37:11","slug":"lot-de-6-valise-rose","status":"publish","type":"product","link":"https:\/\/ikasougou.com\/bintaservice\/produit\/lot-de-6-valise-rose\/","title":{"rendered":"Lot de 6 Valise Rose"},"content":{"rendered":"<p>Description 6 valises Sp\u00e9cial lot de 6 valises, id\u00e9al pour toute la famille; Elles sont confectionn\u00e9es dans des tissus solides, r\u00e9sistants et l\u00e9gers. Elles sont dot\u00e9es de 4 roues rotatives pour un transport facile.<\/p>\n<p><img loading=\"lazy\" decoding=\"async\" class=\"alignnone size-medium wp-image-3519\" src=\"https:\/\/ikasougou.com\/bintaservice\/wp-content\/uploads\/sites\/3\/2023\/01\/2023-01-13-12.02-300x400.png\" alt=\"\" width=\"300\" height=\"400\" srcset=\"https:\/\/ikasougou.com\/bintaservice\/wp-content\/uploads\/sites\/3\/2023\/01\/2023-01-13-12.02-300x400.png 300w, https:\/\/ikasougou.com\/bintaservice\/wp-content\/uploads\/sites\/3\/2023\/01\/2023-01-13-12.02-600x800.png 600w, https:\/\/ikasougou.com\/bintaservice\/wp-content\/uploads\/sites\/3\/2023\/01\/2023-01-13-12.02-768x1024.png 768w, https:\/\/ikasougou.com\/bintaservice\/wp-content\/uploads\/sites\/3\/2023\/01\/2023-01-13-12.02-510x680.png 510w, https:\/\/ikasougou.com\/bintaservice\/wp-content\/uploads\/sites\/3\/2023\/01\/2023-01-13-12.02.png 960w\" sizes=\"auto, (max-width: 300px) 100vw, 300px\" \/> <img loading=\"lazy\" decoding=\"async\" class=\"alignnone size-medium wp-image-3520\" src=\"https:\/\/ikasougou.com\/bintaservice\/wp-content\/uploads\/sites\/3\/2023\/01\/lot-de-6-valises-01-300x400.png\" alt=\"\" width=\"300\" height=\"400\" srcset=\"https:\/\/ikasougou.com\/bintaservice\/wp-content\/uploads\/sites\/3\/2023\/01\/lot-de-6-valises-01-300x400.png 300w, https:\/\/ikasougou.com\/bintaservice\/wp-content\/uploads\/sites\/3\/2023\/01\/lot-de-6-valises-01-600x800.png 600w, https:\/\/ikasougou.com\/bintaservice\/wp-content\/uploads\/sites\/3\/2023\/01\/lot-de-6-valises-01-768x1024.png 768w, https:\/\/ikasougou.com\/bintaservice\/wp-content\/uploads\/sites\/3\/2023\/01\/lot-de-6-valises-01-510x680.png 510w, https:\/\/ikasougou.com\/bintaservice\/wp-content\/uploads\/sites\/3\/2023\/01\/lot-de-6-valises-01.png 960w\" sizes=\"auto, (max-width: 300px) 100vw, 300px\" \/> <img loading=\"lazy\" decoding=\"async\" class=\"alignnone size-medium wp-image-3521\" src=\"https:\/\/ikasougou.com\/bintaservice\/wp-content\/uploads\/sites\/3\/2023\/01\/lot-de-6-valises-02-300x400.png\" alt=\"\" width=\"300\" height=\"400\" srcset=\"https:\/\/ikasougou.com\/bintaservice\/wp-content\/uploads\/sites\/3\/2023\/01\/lot-de-6-valises-02-300x400.png 300w, https:\/\/ikasougou.com\/bintaservice\/wp-content\/uploads\/sites\/3\/2023\/01\/lot-de-6-valises-02-600x800.png 600w, https:\/\/ikasougou.com\/bintaservice\/wp-content\/uploads\/sites\/3\/2023\/01\/lot-de-6-valises-02-768x1024.png 768w, https:\/\/ikasougou.com\/bintaservice\/wp-content\/uploads\/sites\/3\/2023\/01\/lot-de-6-valises-02-510x680.png 510w, https:\/\/ikasougou.com\/bintaservice\/wp-content\/uploads\/sites\/3\/2023\/01\/lot-de-6-valises-02.png 960w\" sizes=\"auto, (max-width: 300px) 100vw, 300px\" \/> <img loading=\"lazy\" decoding=\"async\" class=\"alignnone size-medium wp-image-3522\" src=\"https:\/\/ikasougou.com\/bintaservice\/wp-content\/uploads\/sites\/3\/2023\/01\/lot-de-6-valises-04-300x400.png\" alt=\"\" width=\"300\" height=\"400\" srcset=\"https:\/\/ikasougou.com\/bintaservice\/wp-content\/uploads\/sites\/3\/2023\/01\/lot-de-6-valises-04-300x400.png 300w, https:\/\/ikasougou.com\/bintaservice\/wp-content\/uploads\/sites\/3\/2023\/01\/lot-de-6-valises-04-600x800.png 600w, https:\/\/ikasougou.com\/bintaservice\/wp-content\/uploads\/sites\/3\/2023\/01\/lot-de-6-valises-04-768x1024.png 768w, https:\/\/ikasougou.com\/bintaservice\/wp-content\/uploads\/sites\/3\/2023\/01\/lot-de-6-valises-04-510x680.png 510w, https:\/\/ikasougou.com\/bintaservice\/wp-content\/uploads\/sites\/3\/2023\/01\/lot-de-6-valises-04.png 960w\" sizes=\"auto, (max-width: 300px) 100vw, 300px\" \/> <img loading=\"lazy\" decoding=\"async\" class=\"alignnone size-medium wp-image-3523\" src=\"https:\/\/ikasougou.com\/bintaservice\/wp-content\/uploads\/sites\/3\/2023\/01\/lot-de-6-valises-300x400.png\" alt=\"\" width=\"300\" height=\"400\" srcset=\"https:\/\/ikasougou.com\/bintaservice\/wp-content\/uploads\/sites\/3\/2023\/01\/lot-de-6-valises-300x400.png 300w, https:\/\/ikasougou.com\/bintaservice\/wp-content\/uploads\/sites\/3\/2023\/01\/lot-de-6-valises-600x800.png 600w, https:\/\/ikasougou.com\/bintaservice\/wp-content\/uploads\/sites\/3\/2023\/01\/lot-de-6-valises-768x1024.png 768w, https:\/\/ikasougou.com\/bintaservice\/wp-content\/uploads\/sites\/3\/2023\/01\/lot-de-6-valises-510x680.png 510w, https:\/\/ikasougou.com\/bintaservice\/wp-content\/uploads\/sites\/3\/2023\/01\/lot-de-6-valises.png 960w\" sizes=\"auto, (max-width: 300px) 100vw, 300px\" \/> <img loading=\"lazy\" decoding=\"async\" class=\"alignnone size-medium wp-image-3524\" src=\"https:\/\/ikasougou.com\/bintaservice\/wp-content\/uploads\/sites\/3\/2023\/01\/valise-6-pieves-300x400.png\" alt=\"\" width=\"300\" height=\"400\" srcset=\"https:\/\/ikasougou.com\/bintaservice\/wp-content\/uploads\/sites\/3\/2023\/01\/valise-6-pieves-300x400.png 300w, https:\/\/ikasougou.com\/bintaservice\/wp-content\/uploads\/sites\/3\/2023\/01\/valise-6-pieves-600x800.png 600w, https:\/\/ikasougou.com\/bintaservice\/wp-content\/uploads\/sites\/3\/2023\/01\/valise-6-pieves-768x1024.png 768w, https:\/\/ikasougou.com\/bintaservice\/wp-content\/uploads\/sites\/3\/2023\/01\/valise-6-pieves-510x680.png 510w, https:\/\/ikasougou.com\/bintaservice\/wp-content\/uploads\/sites\/3\/2023\/01\/valise-6-pieves.png 960w\" sizes=\"auto, (max-width: 300px) 100vw, 300px\" \/> <img loading=\"lazy\" decoding=\"async\" class=\"alignnone size-medium wp-image-3525\" src=\"https:\/\/ikasougou.com\/bintaservice\/wp-content\/uploads\/sites\/3\/2023\/01\/valise6pieces3.09-300x400.png\" alt=\"\" width=\"300\" height=\"400\" srcset=\"https:\/\/ikasougou.com\/bintaservice\/wp-content\/uploads\/sites\/3\/2023\/01\/valise6pieces3.09-300x400.png 300w, https:\/\/ikasougou.com\/bintaservice\/wp-content\/uploads\/sites\/3\/2023\/01\/valise6pieces3.09-600x800.png 600w, https:\/\/ikasougou.com\/bintaservice\/wp-content\/uploads\/sites\/3\/2023\/01\/valise6pieces3.09-768x1024.png 768w, https:\/\/ikasougou.com\/bintaservice\/wp-content\/uploads\/sites\/3\/2023\/01\/valise6pieces3.09-510x680.png 510w, https:\/\/ikasougou.com\/bintaservice\/wp-content\/uploads\/sites\/3\/2023\/01\/valise6pieces3.09.png 960w\" sizes=\"auto, (max-width: 300px) 100vw, 300px\" \/> <img loading=\"lazy\" decoding=\"async\" class=\"alignnone size-medium wp-image-3526\" src=\"https:\/\/ikasougou.com\/bintaservice\/wp-content\/uploads\/sites\/3\/2023\/01\/valise6pieces9-300x400.png\" alt=\"\" width=\"300\" height=\"400\" srcset=\"https:\/\/ikasougou.com\/bintaservice\/wp-content\/uploads\/sites\/3\/2023\/01\/valise6pieces9-300x400.png 300w, https:\/\/ikasougou.com\/bintaservice\/wp-content\/uploads\/sites\/3\/2023\/01\/valise6pieces9-600x800.png 600w, https:\/\/ikasougou.com\/bintaservice\/wp-content\/uploads\/sites\/3\/2023\/01\/valise6pieces9-768x1024.png 768w, https:\/\/ikasougou.com\/bintaservice\/wp-content\/uploads\/sites\/3\/2023\/01\/valise6pieces9-510x680.png 510w, https:\/\/ikasougou.com\/bintaservice\/wp-content\/uploads\/sites\/3\/2023\/01\/valise6pieces9.png 960w\" sizes=\"auto, (max-width: 300px) 100vw, 300px\" \/> <img loading=\"lazy\" decoding=\"async\" class=\"alignnone size-medium wp-image-3527\" src=\"https:\/\/ikasougou.com\/bintaservice\/wp-content\/uploads\/sites\/3\/2023\/01\/valise6pieces10-300x400.png\" alt=\"\" width=\"300\" height=\"400\" srcset=\"https:\/\/ikasougou.com\/bintaservice\/wp-content\/uploads\/sites\/3\/2023\/01\/valise6pieces10-300x400.png 300w, https:\/\/ikasougou.com\/bintaservice\/wp-content\/uploads\/sites\/3\/2023\/01\/valise6pieces10-600x800.png 600w, https:\/\/ikasougou.com\/bintaservice\/wp-content\/uploads\/sites\/3\/2023\/01\/valise6pieces10-768x1024.png 768w, https:\/\/ikasougou.com\/bintaservice\/wp-content\/uploads\/sites\/3\/2023\/01\/valise6pieces10-510x680.png 510w, https:\/\/ikasougou.com\/bintaservice\/wp-content\/uploads\/sites\/3\/2023\/01\/valise6pieces10.png 960w\" sizes=\"auto, (max-width: 300px) 100vw, 300px\" \/> <img loading=\"lazy\" decoding=\"async\" class=\"alignnone size-medium wp-image-3528\" src=\"https:\/\/ikasougou.com\/bintaservice\/wp-content\/uploads\/sites\/3\/2023\/01\/valise6pieces17-300x400.png\" alt=\"\" width=\"300\" height=\"400\" srcset=\"https:\/\/ikasougou.com\/bintaservice\/wp-content\/uploads\/sites\/3\/2023\/01\/valise6pieces17-300x400.png 300w, https:\/\/ikasougou.com\/bintaservice\/wp-content\/uploads\/sites\/3\/2023\/01\/valise6pieces17-600x800.png 600w, https:\/\/ikasougou.com\/bintaservice\/wp-content\/uploads\/sites\/3\/2023\/01\/valise6pieces17-768x1024.png 768w, https:\/\/ikasougou.com\/bintaservice\/wp-content\/uploads\/sites\/3\/2023\/01\/valise6pieces17-510x680.png 510w, https:\/\/ikasougou.com\/bintaservice\/wp-content\/uploads\/sites\/3\/2023\/01\/valise6pieces17.png 960w\" sizes=\"auto, (max-width: 300px) 100vw, 300px\" \/> <img loading=\"lazy\" decoding=\"async\" class=\"alignnone size-medium wp-image-3529\" src=\"https:\/\/ikasougou.com\/bintaservice\/wp-content\/uploads\/sites\/3\/2023\/01\/valise6pieces18-300x400.png\" alt=\"\" width=\"300\" height=\"400\" srcset=\"https:\/\/ikasougou.com\/bintaservice\/wp-content\/uploads\/sites\/3\/2023\/01\/valise6pieces18-300x400.png 300w, https:\/\/ikasougou.com\/bintaservice\/wp-content\/uploads\/sites\/3\/2023\/01\/valise6pieces18-600x800.png 600w, https:\/\/ikasougou.com\/bintaservice\/wp-content\/uploads\/sites\/3\/2023\/01\/valise6pieces18-768x1024.png 768w, https:\/\/ikasougou.com\/bintaservice\/wp-content\/uploads\/sites\/3\/2023\/01\/valise6pieces18-510x680.png 510w, https:\/\/ikasougou.com\/bintaservice\/wp-content\/uploads\/sites\/3\/2023\/01\/valise6pieces18.png 960w\" sizes=\"auto, (max-width: 300px) 100vw, 300px\" \/> <img loading=\"lazy\" decoding=\"async\" class=\"alignnone size-medium wp-image-3530\" src=\"https:\/\/ikasougou.com\/bintaservice\/wp-content\/uploads\/sites\/3\/2023\/01\/valise6pieces19-300x400.png\" alt=\"\" width=\"300\" height=\"400\" srcset=\"https:\/\/ikasougou.com\/bintaservice\/wp-content\/uploads\/sites\/3\/2023\/01\/valise6pieces19-300x400.png 300w, https:\/\/ikasougou.com\/bintaservice\/wp-content\/uploads\/sites\/3\/2023\/01\/valise6pieces19-600x800.png 600w, https:\/\/ikasougou.com\/bintaservice\/wp-content\/uploads\/sites\/3\/2023\/01\/valise6pieces19-768x1024.png 768w, https:\/\/ikasougou.com\/bintaservice\/wp-content\/uploads\/sites\/3\/2023\/01\/valise6pieces19-510x680.png 510w, https:\/\/ikasougou.com\/bintaservice\/wp-content\/uploads\/sites\/3\/2023\/01\/valise6pieces19.png 960w\" sizes=\"auto, (max-width: 300px) 100vw, 300px\" \/><\/p>\n<div class=\"wps-pgfw-pdf-generate-icon__wrapper-frontend pgfw-icon-display pgfw-icon-display--default\" style=\"--pgfw-icon-justify:center;\"><a href=\"https:\/\/ikasougou.com\/bintaservice\/wp-json\/wp\/v2\/product\/3518?action=genpdf&#038;id=3518\" class=\"pgfw-single-pdf-download-button pgfw-single-pdf-download-button--default pgfw-single-pdf-download-button--icon-only\" title=\"G\u00e9n\u00e9rer un PDF\" style=\"--pgfw-icon-width:25px;--pgfw-icon-height:45px;\" aria-label=\"Download PDF\"><span class=\"pgfw-single-pdf-download-button__media\" aria-hidden=\"true\"><img src=\"https:\/\/ikasougou.com\/bintaservice\/wp-content\/plugins\/pdf-generator-for-wp\/admin\/src\/images\/PDF_Tray.svg\" alt=\"\" decoding=\"async\"><\/span><\/a><\/div>","protected":false},"excerpt":{"rendered":"<p>Description 6 valises Sp\u00e9cial lot de 6 valises, id\u00e9al pour toute la famille; Elles sont confectionn\u00e9es dans des tissus solides, r\u00e9sistants et l\u00e9gers. Elles sont dot\u00e9es de 4 roues rotatives pour un transport facile.<\/p>\n","protected":false},"featured_media":3522,"comment_status":"open","ping_status":"closed","template":"","meta":{"jetpack_publicize_message":"","jetpack_publicize_feature_enabled":true,"jetpack_social_post_already_shared":true,"jetpack_social_options":{"image_generator_settings":{"template":"highway","default_image_id":0,"font":"","enabled":false},"version":2}},"product_brand":[],"product_cat":[28],"product_tag":[57,103,56,104,101],"class_list":{"0":"post-3518","1":"product","2":"type-product","3":"status-publish","4":"has-post-thumbnail","6":"product_cat-home","7":"product_tag-bamako","8":"product_tag-bestvalises","9":"product_tag-mali","10":"product_tag-top-prduits","11":"product_tag-valise","13":"first","14":"instock","15":"shipping-taxable","16":"purchasable","17":"product-type-simple"},"ams_default_variation_id":0,"ams_product_points_reward":[],"ams_product_discount_percentage":0,"ams_price_to_display":100000,"aioseo_notices":[],"ams_acf":[],"jetpack_publicize_connections":[],"jetpack_sharing_enabled":true,"jetpack_likes_enabled":true,"jetpack-related-posts":[],"_links":{"self":[{"href":"https:\/\/ikasougou.com\/bintaservice\/wp-json\/wp\/v2\/product\/3518","targetHints":{"allow":["GET"]}}],"collection":[{"href":"https:\/\/ikasougou.com\/bintaservice\/wp-json\/wp\/v2\/product"}],"about":[{"href":"https:\/\/ikasougou.com\/bintaservice\/wp-json\/wp\/v2\/types\/product"}],"replies":[{"embeddable":true,"href":"https:\/\/ikasougou.com\/bintaservice\/wp-json\/wp\/v2\/comments?post=3518"}],"wp:featuredmedia":[{"embeddable":true,"href":"https:\/\/ikasougou.com\/bintaservice\/wp-json\/wp\/v2\/media\/3522"}],"wp:attachment":[{"href":"https:\/\/ikasougou.com\/bintaservice\/wp-json\/wp\/v2\/media?parent=3518"}],"wp:term":[{"taxonomy":"product_brand","embeddable":true,"href":"https:\/\/ikasougou.com\/bintaservice\/wp-json\/wp\/v2\/product_brand?post=3518"},{"taxonomy":"product_cat","embeddable":true,"href":"https:\/\/ikasougou.com\/bintaservice\/wp-json\/wp\/v2\/product_cat?post=3518"},{"taxonomy":"product_tag","embeddable":true,"href":"https:\/\/ikasougou.com\/bintaservice\/wp-json\/wp\/v2\/product_tag?post=3518"}],"curies":[{"name":"wp","href":"https:\/\/api.w.org\/{rel}","templated":true}]}}