{"id":3533,"date":"2023-02-09T11:06:00","date_gmt":"2023-02-09T11:06:00","guid":{"rendered":"https:\/\/ikasougou.com\/bintaservice\/?post_type=product&#038;p=3533"},"modified":"2023-02-09T11:06:01","modified_gmt":"2023-02-09T11:06:01","slug":"lot-de-4-valises-croco-noir-et-marron-fonce","status":"publish","type":"product","link":"https:\/\/ikasougou.com\/bintaservice\/produit\/lot-de-4-valises-croco-noir-et-marron-fonce\/","title":{"rendered":"Lot de 4 Valises Croco noir et marron fonc\u00e9"},"content":{"rendered":"<p>Ajoutez une touche d&#8217;\u00e9l\u00e9gance \u00e0 vos d\u00e9placements avec ce lot de 4 valises de tailles diff\u00e9rentes en cuir croco noir et marron fonc\u00e9. Chacune de ces valises est con\u00e7ue avec une finition, pour vous offrir une exp\u00e9rience de voyage confortable et durable. Les diff\u00e9rentes tailles vous permettent de choisir la valise qui convient le mieux \u00e0 vos besoins, que vous voyagez pour affaires ou pour les vacances. Avec leur design sophistiqu\u00e9 et leur couleur intemporelle, ces valises seront le choix parfait pour les voyageurs qui cherchent \u00e0 faire une d\u00e9claration de style.<\/p>\n<p><img loading=\"lazy\" decoding=\"async\" class=\"alignnone size-medium wp-image-3534\" src=\"https:\/\/ikasougou.com\/bintaservice\/wp-content\/uploads\/sites\/3\/2023\/02\/2023-02-06-15.4703-300x400.png\" alt=\"\" width=\"300\" height=\"400\" srcset=\"https:\/\/ikasougou.com\/bintaservice\/wp-content\/uploads\/sites\/3\/2023\/02\/2023-02-06-15.4703-300x400.png 300w, https:\/\/ikasougou.com\/bintaservice\/wp-content\/uploads\/sites\/3\/2023\/02\/2023-02-06-15.4703-600x800.png 600w, https:\/\/ikasougou.com\/bintaservice\/wp-content\/uploads\/sites\/3\/2023\/02\/2023-02-06-15.4703-768x1024.png 768w, https:\/\/ikasougou.com\/bintaservice\/wp-content\/uploads\/sites\/3\/2023\/02\/2023-02-06-15.4703-510x680.png 510w, https:\/\/ikasougou.com\/bintaservice\/wp-content\/uploads\/sites\/3\/2023\/02\/2023-02-06-15.4703.png 960w\" sizes=\"auto, (max-width: 300px) 100vw, 300px\" \/> <img loading=\"lazy\" decoding=\"async\" class=\"alignnone size-medium wp-image-3535\" src=\"https:\/\/ikasougou.com\/bintaservice\/wp-content\/uploads\/sites\/3\/2023\/02\/022023-02-06-15.47-300x400.png\" alt=\"\" width=\"300\" height=\"400\" srcset=\"https:\/\/ikasougou.com\/bintaservice\/wp-content\/uploads\/sites\/3\/2023\/02\/022023-02-06-15.47-300x400.png 300w, https:\/\/ikasougou.com\/bintaservice\/wp-content\/uploads\/sites\/3\/2023\/02\/022023-02-06-15.47-600x800.png 600w, https:\/\/ikasougou.com\/bintaservice\/wp-content\/uploads\/sites\/3\/2023\/02\/022023-02-06-15.47-768x1024.png 768w, https:\/\/ikasougou.com\/bintaservice\/wp-content\/uploads\/sites\/3\/2023\/02\/022023-02-06-15.47-510x680.png 510w, https:\/\/ikasougou.com\/bintaservice\/wp-content\/uploads\/sites\/3\/2023\/02\/022023-02-06-15.47.png 960w\" sizes=\"auto, (max-width: 300px) 100vw, 300px\" \/> <img loading=\"lazy\" decoding=\"async\" class=\"alignnone size-medium wp-image-3536\" src=\"https:\/\/ikasougou.com\/bintaservice\/wp-content\/uploads\/sites\/3\/2023\/02\/032023-02-06-15.47-300x400.png\" alt=\"\" width=\"300\" height=\"400\" srcset=\"https:\/\/ikasougou.com\/bintaservice\/wp-content\/uploads\/sites\/3\/2023\/02\/032023-02-06-15.47-300x400.png 300w, https:\/\/ikasougou.com\/bintaservice\/wp-content\/uploads\/sites\/3\/2023\/02\/032023-02-06-15.47-600x800.png 600w, https:\/\/ikasougou.com\/bintaservice\/wp-content\/uploads\/sites\/3\/2023\/02\/032023-02-06-15.47-768x1024.png 768w, https:\/\/ikasougou.com\/bintaservice\/wp-content\/uploads\/sites\/3\/2023\/02\/032023-02-06-15.47-510x680.png 510w, https:\/\/ikasougou.com\/bintaservice\/wp-content\/uploads\/sites\/3\/2023\/02\/032023-02-06-15.47.png 960w\" sizes=\"auto, (max-width: 300px) 100vw, 300px\" \/> <img loading=\"lazy\" decoding=\"async\" class=\"alignnone size-medium wp-image-3537\" src=\"https:\/\/ikasougou.com\/bintaservice\/wp-content\/uploads\/sites\/3\/2023\/02\/042023-02-06-15.47-300x400.png\" alt=\"\" width=\"300\" height=\"400\" srcset=\"https:\/\/ikasougou.com\/bintaservice\/wp-content\/uploads\/sites\/3\/2023\/02\/042023-02-06-15.47-300x400.png 300w, https:\/\/ikasougou.com\/bintaservice\/wp-content\/uploads\/sites\/3\/2023\/02\/042023-02-06-15.47-600x800.png 600w, https:\/\/ikasougou.com\/bintaservice\/wp-content\/uploads\/sites\/3\/2023\/02\/042023-02-06-15.47-768x1024.png 768w, https:\/\/ikasougou.com\/bintaservice\/wp-content\/uploads\/sites\/3\/2023\/02\/042023-02-06-15.47-510x680.png 510w, https:\/\/ikasougou.com\/bintaservice\/wp-content\/uploads\/sites\/3\/2023\/02\/042023-02-06-15.47.png 960w\" sizes=\"auto, (max-width: 300px) 100vw, 300px\" \/> <img loading=\"lazy\" decoding=\"async\" class=\"alignnone size-medium wp-image-3538\" src=\"https:\/\/ikasougou.com\/bintaservice\/wp-content\/uploads\/sites\/3\/2023\/02\/04_2023-02-06-15.47-300x400.png\" alt=\"\" width=\"300\" height=\"400\" srcset=\"https:\/\/ikasougou.com\/bintaservice\/wp-content\/uploads\/sites\/3\/2023\/02\/04_2023-02-06-15.47-300x400.png 300w, https:\/\/ikasougou.com\/bintaservice\/wp-content\/uploads\/sites\/3\/2023\/02\/04_2023-02-06-15.47-600x800.png 600w, https:\/\/ikasougou.com\/bintaservice\/wp-content\/uploads\/sites\/3\/2023\/02\/04_2023-02-06-15.47-768x1024.png 768w, https:\/\/ikasougou.com\/bintaservice\/wp-content\/uploads\/sites\/3\/2023\/02\/04_2023-02-06-15.47-510x680.png 510w, https:\/\/ikasougou.com\/bintaservice\/wp-content\/uploads\/sites\/3\/2023\/02\/04_2023-02-06-15.47.png 960w\" sizes=\"auto, (max-width: 300px) 100vw, 300px\" \/><\/p>\n<div class=\"wps-pgfw-pdf-generate-icon__wrapper-frontend pgfw-icon-display pgfw-icon-display--default\" style=\"--pgfw-icon-justify:center;\"><a href=\"https:\/\/ikasougou.com\/bintaservice\/wp-json\/wp\/v2\/product\/3533?action=genpdf&#038;id=3533\" class=\"pgfw-single-pdf-download-button pgfw-single-pdf-download-button--default pgfw-single-pdf-download-button--icon-only\" title=\"G\u00e9n\u00e9rer un PDF\" style=\"--pgfw-icon-width:25px;--pgfw-icon-height:45px;\" aria-label=\"Download PDF\"><span class=\"pgfw-single-pdf-download-button__media\" aria-hidden=\"true\"><img src=\"https:\/\/ikasougou.com\/bintaservice\/wp-content\/plugins\/pdf-generator-for-wp\/admin\/src\/images\/PDF_Tray.svg\" alt=\"\" decoding=\"async\"><\/span><\/a><\/div>","protected":false},"excerpt":{"rendered":"<p>Ajoutez une touche d&#8217;\u00e9l\u00e9gance \u00e0 vos d\u00e9placements avec ce lot de 4 valises de tailles diff\u00e9rentes en cuir croco noir et marron fonc\u00e9. Chacune de ces valises est con\u00e7ue avec une finition, pour vous offrir une exp\u00e9rience de voyage confortable et durable. Les diff\u00e9rentes tailles vous permettent de choisir la valise qui convient le mieux [&#8230;]\n","protected":false},"featured_media":3535,"comment_status":"open","ping_status":"closed","template":"","meta":{"jetpack_publicize_message":"","jetpack_publicize_feature_enabled":true,"jetpack_social_post_already_shared":true,"jetpack_social_options":{"image_generator_settings":{"template":"highway","default_image_id":0,"font":"","enabled":false},"version":2}},"product_brand":[],"product_cat":[28],"product_tag":[57,103,56,104,101],"class_list":{"0":"post-3533","1":"product","2":"type-product","3":"status-publish","4":"has-post-thumbnail","6":"product_cat-home","7":"product_tag-bamako","8":"product_tag-bestvalises","9":"product_tag-mali","10":"product_tag-top-prduits","11":"product_tag-valise","13":"first","14":"instock","15":"sale","16":"shipping-taxable","17":"purchasable","18":"product-type-simple"},"ams_default_variation_id":0,"ams_product_points_reward":[],"ams_product_discount_percentage":4,"ams_price_to_display":120000,"aioseo_notices":[],"ams_acf":[],"jetpack_publicize_connections":[],"jetpack_sharing_enabled":true,"jetpack_likes_enabled":true,"jetpack-related-posts":[],"_links":{"self":[{"href":"https:\/\/ikasougou.com\/bintaservice\/wp-json\/wp\/v2\/product\/3533","targetHints":{"allow":["GET"]}}],"collection":[{"href":"https:\/\/ikasougou.com\/bintaservice\/wp-json\/wp\/v2\/product"}],"about":[{"href":"https:\/\/ikasougou.com\/bintaservice\/wp-json\/wp\/v2\/types\/product"}],"replies":[{"embeddable":true,"href":"https:\/\/ikasougou.com\/bintaservice\/wp-json\/wp\/v2\/comments?post=3533"}],"wp:featuredmedia":[{"embeddable":true,"href":"https:\/\/ikasougou.com\/bintaservice\/wp-json\/wp\/v2\/media\/3535"}],"wp:attachment":[{"href":"https:\/\/ikasougou.com\/bintaservice\/wp-json\/wp\/v2\/media?parent=3533"}],"wp:term":[{"taxonomy":"product_brand","embeddable":true,"href":"https:\/\/ikasougou.com\/bintaservice\/wp-json\/wp\/v2\/product_brand?post=3533"},{"taxonomy":"product_cat","embeddable":true,"href":"https:\/\/ikasougou.com\/bintaservice\/wp-json\/wp\/v2\/product_cat?post=3533"},{"taxonomy":"product_tag","embeddable":true,"href":"https:\/\/ikasougou.com\/bintaservice\/wp-json\/wp\/v2\/product_tag?post=3533"}],"curies":[{"name":"wp","href":"https:\/\/api.w.org\/{rel}","templated":true}]}}