{"id":3550,"date":"2023-09-08T17:36:07","date_gmt":"2023-09-08T17:36:07","guid":{"rendered":"https:\/\/ikasougou.com\/bintaservice\/?post_type=product&#038;p=3550"},"modified":"2023-09-08T17:36:07","modified_gmt":"2023-09-08T17:36:07","slug":"sac-decolier-dora","status":"publish","type":"product","link":"https:\/\/ikasougou.com\/bintaservice\/produit\/sac-decolier-dora\/","title":{"rendered":"Sac D&#8217;\u00e9colier Dora"},"content":{"rendered":"<p>scolaire amusante et r\u00e9ussie !<br \/>La rentr\u00e9e scolaire approche, et vous cherchez le sac id\u00e9al pour votre petite fille ? Ne cherchez pas plus loin : le sac d&#8217;\u00e9coli\u00e8re Dora est le choix parfait !<br \/>Ce sac est con\u00e7u pour les petites filles de 3 \u00e0 6 ans. Il est fabriqu\u00e9 en polyester de haute qualit\u00e9, r\u00e9sistant et durable. Il est \u00e9galement tr\u00e8s confortable, gr\u00e2ce \u00e0 ses bretelles rembourr\u00e9es et son dos ergonomique.<br \/>Le sac d&#8217;\u00e9coli\u00e8re Dora est d\u00e9cor\u00e9 avec des images de Dora et de ses amis, ce qui en fait le sac parfait pour les petites filles qui aiment l&#8217;aventure. Il dispose \u00e9galement de plusieurs poches pour ranger tous les livres, cahiers et fournitures scolaires de votre enfant.<br \/>Le sac d&#8217;\u00e9coli\u00e8re Dora est le cadeau id\u00e9al pour la rentr\u00e9e scolaire de votre petite fille. Il lui permettra de se sentir \u00e0 l&#8217;aise et de s&#8217;amuser en allant \u00e0 l&#8217;\u00e9cole !<br \/>Commandez votre sac d&#8217;\u00e9coli\u00e8re Dora d\u00e8s aujourd&#8217;hui !<\/p>\n<div class=\"wps-pgfw-pdf-generate-icon__wrapper-frontend pgfw-icon-display pgfw-icon-display--default\" style=\"--pgfw-icon-justify:center;\"><a href=\"https:\/\/ikasougou.com\/bintaservice\/wp-json\/wp\/v2\/product\/3550?action=genpdf&#038;id=3550\" class=\"pgfw-single-pdf-download-button pgfw-single-pdf-download-button--default pgfw-single-pdf-download-button--icon-only\" title=\"G\u00e9n\u00e9rer un PDF\" style=\"--pgfw-icon-width:25px;--pgfw-icon-height:45px;\" aria-label=\"Download PDF\"><span class=\"pgfw-single-pdf-download-button__media\" aria-hidden=\"true\"><img src=\"https:\/\/ikasougou.com\/bintaservice\/wp-content\/plugins\/pdf-generator-for-wp\/admin\/src\/images\/PDF_Tray.svg\" alt=\"\" decoding=\"async\"><\/span><\/a><\/div>","protected":false},"excerpt":{"rendered":"<p>scolaire amusante et r\u00e9ussie !La rentr\u00e9e scolaire approche, et vous cherchez le sac id\u00e9al pour votre petite fille ? Ne cherchez pas plus loin : le sac d&#8217;\u00e9coli\u00e8re Dora est le choix parfait !Ce sac est con\u00e7u pour les petites filles de 3 \u00e0 6 ans. Il est fabriqu\u00e9 en polyester de haute qualit\u00e9, r\u00e9sistant [&#8230;]\n","protected":false},"featured_media":3562,"comment_status":"open","ping_status":"closed","template":"","meta":{"jetpack_publicize_message":"","jetpack_publicize_feature_enabled":true,"jetpack_social_post_already_shared":true,"jetpack_social_options":{"image_generator_settings":{"template":"highway","default_image_id":0,"font":"","enabled":false},"version":2}},"product_brand":[],"product_cat":[66,16],"product_tag":[],"class_list":{"0":"post-3550","1":"product","2":"type-product","3":"status-publish","4":"has-post-thumbnail","6":"product_cat-sac-a-doc","7":"product_cat-sac-jouets-denfants","9":"first","10":"instock","11":"shipping-taxable","12":"purchasable","13":"product-type-simple"},"ams_default_variation_id":0,"ams_product_points_reward":[],"ams_product_discount_percentage":0,"ams_price_to_display":9000,"aioseo_notices":[],"ams_acf":[],"jetpack_publicize_connections":[],"jetpack_sharing_enabled":true,"jetpack_likes_enabled":true,"jetpack-related-posts":[],"_links":{"self":[{"href":"https:\/\/ikasougou.com\/bintaservice\/wp-json\/wp\/v2\/product\/3550","targetHints":{"allow":["GET"]}}],"collection":[{"href":"https:\/\/ikasougou.com\/bintaservice\/wp-json\/wp\/v2\/product"}],"about":[{"href":"https:\/\/ikasougou.com\/bintaservice\/wp-json\/wp\/v2\/types\/product"}],"replies":[{"embeddable":true,"href":"https:\/\/ikasougou.com\/bintaservice\/wp-json\/wp\/v2\/comments?post=3550"}],"wp:featuredmedia":[{"embeddable":true,"href":"https:\/\/ikasougou.com\/bintaservice\/wp-json\/wp\/v2\/media\/3562"}],"wp:attachment":[{"href":"https:\/\/ikasougou.com\/bintaservice\/wp-json\/wp\/v2\/media?parent=3550"}],"wp:term":[{"taxonomy":"product_brand","embeddable":true,"href":"https:\/\/ikasougou.com\/bintaservice\/wp-json\/wp\/v2\/product_brand?post=3550"},{"taxonomy":"product_cat","embeddable":true,"href":"https:\/\/ikasougou.com\/bintaservice\/wp-json\/wp\/v2\/product_cat?post=3550"},{"taxonomy":"product_tag","embeddable":true,"href":"https:\/\/ikasougou.com\/bintaservice\/wp-json\/wp\/v2\/product_tag?post=3550"}],"curies":[{"name":"wp","href":"https:\/\/api.w.org\/{rel}","templated":true}]}}