{"id":3551,"date":"2023-09-11T17:14:46","date_gmt":"2023-09-11T17:14:46","guid":{"rendered":"https:\/\/ikasougou.com\/bintaservice\/?post_type=product&#038;p=3551"},"modified":"2023-09-11T17:14:46","modified_gmt":"2023-09-11T17:14:46","slug":"sac-decolier-3-pieces-toile-imprimee","status":"publish","type":"product","link":"https:\/\/ikasougou.com\/bintaservice\/produit\/sac-decolier-3-pieces-toile-imprimee\/","title":{"rendered":"Sac d&#8217;\u00e9colier 3 pi\u00e8ces Toile imprim\u00e9e"},"content":{"rendered":"<p>Le sac d&#8217;\u00e9colier 3 pi\u00e8ces toile imprim\u00e9e : le sac parfait pour tous les jours<br \/>Le sac d&#8217;\u00e9colier 3 pi\u00e8ces toile imprim\u00e9e est le sac parfait pour tous les jours. Il est \u00e0 la fois pratique et \u00e9l\u00e9gant, et il est disponible dans une vari\u00e9t\u00e9 de motifs et de couleurs pour plaire \u00e0 tous les go\u00fbts.<br \/>Caract\u00e9ristiques:<br \/>\u2022 Fabriqu\u00e9 en toile de bonne qualit\u00e9, durable et r\u00e9sistante<br \/>\u2022 Grand compartiment principal pour ranger tout le mat\u00e9riel scolaire<br \/>\u2022 Compartiment avant pour les petits objets<br \/>\u2022 Compartiment pour ordinateur portable pour transporter en toute s\u00e9curit\u00e9 un ordinateur portable<br \/>\u2022 Bretelles rembourr\u00e9es pour un confort optimal<br \/>\u2022 Sangles r\u00e9glables pour un ajustement parfait<br \/>Avantages:<br \/>\u2022 Design \u00e9l\u00e9gant et tendance<br \/>\u2022 Grande capacit\u00e9 de rangement<br \/>\u2022 Protection pour ordinateur portable<br \/>\u2022 Confortable \u00e0 porter<br \/>Le sac d&#8217;\u00e9colier 3 pi\u00e8ces toile imprim\u00e9e est le choix parfait pour les enfants qui veulent un sac \u00e0 la fois pratique et \u00e9l\u00e9gant. Il est parfait pour les enfants qui veulent transporter tout leur mat\u00e9riel scolaire en toute s\u00e9curit\u00e9 et dans le style.<br \/>Commandez votre sac d&#8217;\u00e9colier 3 pi\u00e8ces toile imprim\u00e9e d\u00e8s aujourd&#8217;hui !<\/p>\n<div class=\"wps-pgfw-pdf-generate-icon__wrapper-frontend pgfw-icon-display pgfw-icon-display--default\" style=\"--pgfw-icon-justify:center;\"><a href=\"https:\/\/ikasougou.com\/bintaservice\/wp-json\/wp\/v2\/product\/3551?action=genpdf&#038;id=3551\" class=\"pgfw-single-pdf-download-button pgfw-single-pdf-download-button--default pgfw-single-pdf-download-button--icon-only\" title=\"G\u00e9n\u00e9rer un PDF\" style=\"--pgfw-icon-width:25px;--pgfw-icon-height:45px;\" aria-label=\"Download PDF\"><span class=\"pgfw-single-pdf-download-button__media\" aria-hidden=\"true\"><img src=\"https:\/\/ikasougou.com\/bintaservice\/wp-content\/plugins\/pdf-generator-for-wp\/admin\/src\/images\/PDF_Tray.svg\" alt=\"\" decoding=\"async\"><\/span><\/a><\/div>","protected":false},"excerpt":{"rendered":"<p>Le sac d&#8217;\u00e9colier 3 pi\u00e8ces toile imprim\u00e9e : le sac parfait pour tous les joursLe sac d&#8217;\u00e9colier 3 pi\u00e8ces toile imprim\u00e9e est le sac parfait pour tous les jours. Il est \u00e0 la fois pratique et \u00e9l\u00e9gant, et il est disponible dans une vari\u00e9t\u00e9 de motifs et de couleurs pour plaire \u00e0 tous les go\u00fbts.Caract\u00e9ristiques:\u2022 [&#8230;]\n","protected":false},"featured_media":3563,"comment_status":"open","ping_status":"closed","template":"","meta":{"jetpack_publicize_message":"","jetpack_publicize_feature_enabled":true,"jetpack_social_post_already_shared":true,"jetpack_social_options":{"image_generator_settings":{"template":"highway","default_image_id":0,"font":"","enabled":false},"version":2}},"product_brand":[],"product_cat":[66,16],"product_tag":[],"class_list":{"0":"post-3551","1":"product","2":"type-product","3":"status-publish","4":"has-post-thumbnail","6":"product_cat-sac-a-doc","7":"product_cat-sac-jouets-denfants","9":"first","10":"instock","11":"shipping-taxable","12":"purchasable","13":"product-type-simple"},"ams_default_variation_id":0,"ams_product_points_reward":[],"ams_product_discount_percentage":0,"ams_price_to_display":12000,"aioseo_notices":[],"ams_acf":[],"jetpack_publicize_connections":[],"jetpack_sharing_enabled":true,"jetpack_likes_enabled":true,"jetpack-related-posts":[],"_links":{"self":[{"href":"https:\/\/ikasougou.com\/bintaservice\/wp-json\/wp\/v2\/product\/3551","targetHints":{"allow":["GET"]}}],"collection":[{"href":"https:\/\/ikasougou.com\/bintaservice\/wp-json\/wp\/v2\/product"}],"about":[{"href":"https:\/\/ikasougou.com\/bintaservice\/wp-json\/wp\/v2\/types\/product"}],"replies":[{"embeddable":true,"href":"https:\/\/ikasougou.com\/bintaservice\/wp-json\/wp\/v2\/comments?post=3551"}],"wp:featuredmedia":[{"embeddable":true,"href":"https:\/\/ikasougou.com\/bintaservice\/wp-json\/wp\/v2\/media\/3563"}],"wp:attachment":[{"href":"https:\/\/ikasougou.com\/bintaservice\/wp-json\/wp\/v2\/media?parent=3551"}],"wp:term":[{"taxonomy":"product_brand","embeddable":true,"href":"https:\/\/ikasougou.com\/bintaservice\/wp-json\/wp\/v2\/product_brand?post=3551"},{"taxonomy":"product_cat","embeddable":true,"href":"https:\/\/ikasougou.com\/bintaservice\/wp-json\/wp\/v2\/product_cat?post=3551"},{"taxonomy":"product_tag","embeddable":true,"href":"https:\/\/ikasougou.com\/bintaservice\/wp-json\/wp\/v2\/product_tag?post=3551"}],"curies":[{"name":"wp","href":"https:\/\/api.w.org\/{rel}","templated":true}]}}