{"id":3554,"date":"2023-09-11T17:41:36","date_gmt":"2023-09-11T17:41:36","guid":{"rendered":"https:\/\/ikasougou.com\/bintaservice\/?post_type=product&#038;p=3554"},"modified":"2023-09-11T17:41:36","modified_gmt":"2023-09-11T17:41:36","slug":"sac-decolier-avec-crochets","status":"publish","type":"product","link":"https:\/\/ikasougou.com\/bintaservice\/produit\/sac-decolier-avec-crochets\/","title":{"rendered":"Sac d&#8217;\u00e9colier avec Crochets"},"content":{"rendered":"<p>Sac d&#8217;\u00e9colier avec crochets : le sac pratique et confortable<br \/>Le sac d&#8217;\u00e9colier avec crochets est le sac parfait pour les enfants qui veulent un sac pratique, confortable et qui s\u00e9curise bien leurs effets. Avec ses crochets, il permet de ranger facilement et rapidement tout le mat\u00e9riel scolaire.<br \/>Caract\u00e9ristiques:<br \/>\u2022 Fabriqu\u00e9 en polyester r\u00e9sistant et durable<br \/>\u2022 Grand compartiment principal pour ranger tout le mat\u00e9riel scolaire<br \/>\u2022 Poche avant pour les petits objets<br \/>\u2022 Crochets pour s\u00e9curiser les poches<br \/>\u2022 Bretelles rembourr\u00e9es pour un confort optimal<br \/>\u2022 Sangles r\u00e9glables pour un ajustement parfait<br \/>Avantages:<br \/>\u2022 Design pratique et fonctionnel<br \/>\u2022 Crochets pour un rangement facile<br \/>\u2022 Mat\u00e9riaux de haute qualit\u00e9<br \/>\u2022 Confortable \u00e0 porter<br \/>Le sac d&#8217;\u00e9colier avec crochets est le choix parfait pour les enfants qui veulent un sac \u00e0 la fois pratique et confortable. Il est parfait pour les enfants qui veulent transporter tout leur mat\u00e9riel scolaire en toute s\u00e9curit\u00e9 et facilement.<br \/>Commandez votre sac d&#8217;\u00e9colier avec crochets d\u00e8s aujourd&#8217;hui !<\/p>\n<div class=\"wps-pgfw-pdf-generate-icon__wrapper-frontend pgfw-icon-display pgfw-icon-display--default\" style=\"--pgfw-icon-justify:center;\"><a href=\"https:\/\/ikasougou.com\/bintaservice\/wp-json\/wp\/v2\/product\/3554?action=genpdf&#038;id=3554\" class=\"pgfw-single-pdf-download-button pgfw-single-pdf-download-button--default pgfw-single-pdf-download-button--icon-only\" title=\"G\u00e9n\u00e9rer un PDF\" style=\"--pgfw-icon-width:25px;--pgfw-icon-height:45px;\" aria-label=\"Download PDF\"><span class=\"pgfw-single-pdf-download-button__media\" aria-hidden=\"true\"><img src=\"https:\/\/ikasougou.com\/bintaservice\/wp-content\/plugins\/pdf-generator-for-wp\/admin\/src\/images\/PDF_Tray.svg\" alt=\"\" decoding=\"async\"><\/span><\/a><\/div>","protected":false},"excerpt":{"rendered":"<p>Sac d&#8217;\u00e9colier avec crochets : le sac pratique et confortableLe sac d&#8217;\u00e9colier avec crochets est le sac parfait pour les enfants qui veulent un sac pratique, confortable et qui s\u00e9curise bien leurs effets. Avec ses crochets, il permet de ranger facilement et rapidement tout le mat\u00e9riel scolaire.Caract\u00e9ristiques:\u2022 Fabriqu\u00e9 en polyester r\u00e9sistant et durable\u2022 Grand compartiment [&#8230;]\n","protected":false},"featured_media":3593,"comment_status":"open","ping_status":"closed","template":"","meta":{"jetpack_publicize_message":"","jetpack_publicize_feature_enabled":true,"jetpack_social_post_already_shared":true,"jetpack_social_options":{"image_generator_settings":{"template":"highway","default_image_id":0,"font":"","enabled":false},"version":2}},"product_brand":[],"product_cat":[66,16],"product_tag":[],"class_list":{"0":"post-3554","1":"product","2":"type-product","3":"status-publish","4":"has-post-thumbnail","6":"product_cat-sac-a-doc","7":"product_cat-sac-jouets-denfants","9":"first","10":"instock","11":"shipping-taxable","12":"purchasable","13":"product-type-simple"},"ams_default_variation_id":0,"ams_product_points_reward":[],"ams_product_discount_percentage":0,"ams_price_to_display":8000,"aioseo_notices":[],"ams_acf":[],"jetpack_publicize_connections":[],"jetpack_sharing_enabled":true,"jetpack_likes_enabled":true,"jetpack-related-posts":[],"_links":{"self":[{"href":"https:\/\/ikasougou.com\/bintaservice\/wp-json\/wp\/v2\/product\/3554","targetHints":{"allow":["GET"]}}],"collection":[{"href":"https:\/\/ikasougou.com\/bintaservice\/wp-json\/wp\/v2\/product"}],"about":[{"href":"https:\/\/ikasougou.com\/bintaservice\/wp-json\/wp\/v2\/types\/product"}],"replies":[{"embeddable":true,"href":"https:\/\/ikasougou.com\/bintaservice\/wp-json\/wp\/v2\/comments?post=3554"}],"wp:featuredmedia":[{"embeddable":true,"href":"https:\/\/ikasougou.com\/bintaservice\/wp-json\/wp\/v2\/media\/3593"}],"wp:attachment":[{"href":"https:\/\/ikasougou.com\/bintaservice\/wp-json\/wp\/v2\/media?parent=3554"}],"wp:term":[{"taxonomy":"product_brand","embeddable":true,"href":"https:\/\/ikasougou.com\/bintaservice\/wp-json\/wp\/v2\/product_brand?post=3554"},{"taxonomy":"product_cat","embeddable":true,"href":"https:\/\/ikasougou.com\/bintaservice\/wp-json\/wp\/v2\/product_cat?post=3554"},{"taxonomy":"product_tag","embeddable":true,"href":"https:\/\/ikasougou.com\/bintaservice\/wp-json\/wp\/v2\/product_tag?post=3554"}],"curies":[{"name":"wp","href":"https:\/\/api.w.org\/{rel}","templated":true}]}}