{"id":3558,"date":"2023-09-11T18:06:53","date_gmt":"2023-09-11T18:06:53","guid":{"rendered":"https:\/\/ikasougou.com\/bintaservice\/?post_type=product&#038;p=3558"},"modified":"2023-09-11T18:06:53","modified_gmt":"2023-09-11T18:06:53","slug":"sac-decolier-3-pieces-licorne","status":"publish","type":"product","link":"https:\/\/ikasougou.com\/bintaservice\/produit\/sac-decolier-3-pieces-licorne\/","title":{"rendered":"Sac d&#8217;\u00e9colier 3 pi\u00e8ces Licorne"},"content":{"rendered":"<p>Sac d&#8217;\u00e9colier 3 pi\u00e8ces Licorne : le sac parfait pour les petites filles<br \/>Votre fille est une grande fan des licornes ? Vous cherchez un sac d&#8217;\u00e9colier \u00e0 la fois pratique et original pour elle ? Le sac d&#8217;\u00e9colier 3 pi\u00e8ces Licorne est fait pour elle !<br \/>Un design adorable<br \/>Le sac d&#8217;\u00e9colier 3 pi\u00e8ces Licorne est d\u00e9cor\u00e9 d&#8217;un motif licorne color\u00e9 et joyeux qui ravira votre fille. <br \/>Un ensemble complet<br \/>Le sac d&#8217;\u00e9colier 3 pi\u00e8ces Licorne comprend un sac \u00e0 dos, un sac \u00e0 go\u00fbter et une trousse \u00e0 crayons. Il est le compagnon id\u00e9al pour votre fille pour l&#8217;\u00e9cole, la sortie ou les loisirs.<br \/>Pr\u00e9commandez d\u00e8s aujourd&#8217;hui le sac d&#8217;\u00e9colier 3 pi\u00e8ces Licorne pour votre fille !<\/p>\n<div class=\"wps-pgfw-pdf-generate-icon__wrapper-frontend pgfw-icon-display pgfw-icon-display--default\" style=\"--pgfw-icon-justify:center;\"><a href=\"https:\/\/ikasougou.com\/bintaservice\/wp-json\/wp\/v2\/product\/3558?action=genpdf&#038;id=3558\" class=\"pgfw-single-pdf-download-button pgfw-single-pdf-download-button--default pgfw-single-pdf-download-button--icon-only\" title=\"G\u00e9n\u00e9rer un PDF\" style=\"--pgfw-icon-width:25px;--pgfw-icon-height:45px;\" aria-label=\"Download PDF\"><span class=\"pgfw-single-pdf-download-button__media\" aria-hidden=\"true\"><img src=\"https:\/\/ikasougou.com\/bintaservice\/wp-content\/plugins\/pdf-generator-for-wp\/admin\/src\/images\/PDF_Tray.svg\" alt=\"\" decoding=\"async\"><\/span><\/a><\/div>","protected":false},"excerpt":{"rendered":"<p>Sac d&#8217;\u00e9colier 3 pi\u00e8ces Licorne : le sac parfait pour les petites fillesVotre fille est une grande fan des licornes ? Vous cherchez un sac d&#8217;\u00e9colier \u00e0 la fois pratique et original pour elle ? Le sac d&#8217;\u00e9colier 3 pi\u00e8ces Licorne est fait pour elle !Un design adorableLe sac d&#8217;\u00e9colier 3 pi\u00e8ces Licorne est d\u00e9cor\u00e9 [&#8230;]\n","protected":false},"featured_media":3600,"comment_status":"open","ping_status":"closed","template":"","meta":{"jetpack_publicize_message":"","jetpack_publicize_feature_enabled":true,"jetpack_social_post_already_shared":true,"jetpack_social_options":{"image_generator_settings":{"template":"highway","default_image_id":0,"font":"","enabled":false},"version":2}},"product_brand":[],"product_cat":[66,16],"product_tag":[],"class_list":{"0":"post-3558","1":"product","2":"type-product","3":"status-publish","4":"has-post-thumbnail","6":"product_cat-sac-a-doc","7":"product_cat-sac-jouets-denfants","9":"first","10":"instock","11":"shipping-taxable","12":"purchasable","13":"product-type-simple"},"ams_default_variation_id":0,"ams_product_points_reward":[],"ams_product_discount_percentage":0,"ams_price_to_display":9000,"aioseo_notices":[],"ams_acf":[],"jetpack_publicize_connections":[],"jetpack_sharing_enabled":true,"jetpack_likes_enabled":true,"jetpack-related-posts":[],"_links":{"self":[{"href":"https:\/\/ikasougou.com\/bintaservice\/wp-json\/wp\/v2\/product\/3558","targetHints":{"allow":["GET"]}}],"collection":[{"href":"https:\/\/ikasougou.com\/bintaservice\/wp-json\/wp\/v2\/product"}],"about":[{"href":"https:\/\/ikasougou.com\/bintaservice\/wp-json\/wp\/v2\/types\/product"}],"replies":[{"embeddable":true,"href":"https:\/\/ikasougou.com\/bintaservice\/wp-json\/wp\/v2\/comments?post=3558"}],"wp:featuredmedia":[{"embeddable":true,"href":"https:\/\/ikasougou.com\/bintaservice\/wp-json\/wp\/v2\/media\/3600"}],"wp:attachment":[{"href":"https:\/\/ikasougou.com\/bintaservice\/wp-json\/wp\/v2\/media?parent=3558"}],"wp:term":[{"taxonomy":"product_brand","embeddable":true,"href":"https:\/\/ikasougou.com\/bintaservice\/wp-json\/wp\/v2\/product_brand?post=3558"},{"taxonomy":"product_cat","embeddable":true,"href":"https:\/\/ikasougou.com\/bintaservice\/wp-json\/wp\/v2\/product_cat?post=3558"},{"taxonomy":"product_tag","embeddable":true,"href":"https:\/\/ikasougou.com\/bintaservice\/wp-json\/wp\/v2\/product_tag?post=3558"}],"curies":[{"name":"wp","href":"https:\/\/api.w.org\/{rel}","templated":true}]}}