{"id":158,"date":"2018-11-07T23:56:38","date_gmt":"2018-11-07T22:56:38","guid":{"rendered":"https:\/\/ikasougou.com\/cicg\/?post_type=product&#038;p=158"},"modified":"2021-09-01T18:04:38","modified_gmt":"2021-09-01T16:04:38","slug":"modem-routeur-mobile-4g-lte-wifi-m7200","status":"publish","type":"product","link":"https:\/\/ikasougou.com\/cicg\/produit\/modem-routeur-mobile-4g-lte-wifi-m7200\/","title":{"rendered":"Modem\/routeur Mobile 4G LTE WiFi M7200"},"content":{"rendered":"<div class=\"box highlights\">\n<ul>\n<li>2 en 1 : modem 4G LTE* + routeur WiFi**<\/li>\n<li>Partagez avec vos amis un acc\u00e8s Internet\u00a0jusqu&#8217;\u00e0 10 appareils simultan\u00e9ment<\/li>\n<li>Batterie 2000 mAh pour 8 heures d&#8217;utilisation<\/li>\n<li>Prise en charge la derni\u00e8re g\u00e9n\u00e9ration 4G FDD \/ TDD-LTE, compatible avec le r\u00e9seau de la plupart des pays et r\u00e9gions<\/li>\n<li>Gestion facile avec l&#8217;application tpMiFi<\/li>\n<li>Couverture 4G : fonctionne en Europe, Moyen-Orient, Afrique ainsi que dans la plupart des pays asiatiques.\u00a0Veuillez v\u00e9rifier la bande de fr\u00e9quence mobile\u00a0de l&#8217;op\u00e9rateur local avant utilisation.<\/li>\n<li>Garantie 3 ans<\/li>\n<\/ul>\n<p>* Via carte SIM non fournie \/ **Compatible 3G \u00e9galement<\/p>\n<table>\n<thead>\n<tr id=\"tr_603\">\n<th colspan=\"2\"><a>CARACTERISTIQUES MATERIELLES<\/a><\/th>\n<\/tr>\n<\/thead>\n<tbody>\n<tr id=\"tr_694\">\n<th width=\"35%\">Interface<\/th>\n<td width=\"65%\">1 micro USB port for power supply<br \/>\n1 SIM card slot<\/td>\n<\/tr>\n<tr id=\"tr_695\">\n<th width=\"35%\">Bouton<\/th>\n<td width=\"65%\">Power On\/Off<\/td>\n<\/tr>\n<tr id=\"tr_1111\">\n<th width=\"35%\">Alimentation<\/th>\n<td width=\"65%\">Internal 2000 mAh Rechargeable Battery<\/td>\n<\/tr>\n<tr id=\"tr_2685\">\n<th width=\"35%\">Type de r\u00e9seau<\/th>\n<td width=\"65%\">4G: FDD-LTE B1\/B3\/B7\/B8\/B20 (2100\/1800\/2600\/900\/800MHz)<br \/>\nTDD-LTE B38\/B40\/B41 (2600\/2300\/2500MHz)<br \/>\n3G: DC-HSPA+\/HSPA+\/HSPA\/UMTS B1\/B8 (2100\/900MHz)<\/td>\n<\/tr>\n<tr id=\"tr_1093\">\n<th width=\"35%\">D\u00e9bits de donn\u00e9es<\/th>\n<td width=\"65%\">DL: 150 Mbps, UL: 50 Mbps<\/td>\n<\/tr>\n<tr id=\"tr_697\">\n<th width=\"35%\">Dimensions (LxPxH)<\/th>\n<td width=\"65%\">94\u00d756.7\u00d719.8mm<\/td>\n<\/tr>\n<tr id=\"tr_696\">\n<th width=\"35%\">Antenne<\/th>\n<td width=\"65%\">Internal Antenna<\/td>\n<\/tr>\n<tr id=\"tr_3747\">\n<th width=\"35%\">T\u00e9moin lumineux DEL<\/th>\n<td width=\"65%\">Wi-Fi status, Internet connection status, Battery status<\/td>\n<\/tr>\n<\/tbody>\n<\/table>\n<table>\n<thead>\n<tr id=\"tr_604\">\n<th colspan=\"2\"><a>Caract\u00e9ristiques WiFi<\/a><\/th>\n<\/tr>\n<\/thead>\n<tbody>\n<tr id=\"tr_1058\">\n<th width=\"35%\">Standards WiFi<\/th>\n<td width=\"65%\">IEEE 802.11b\/g\/n<\/td>\n<\/tr>\n<tr id=\"tr_3336\">\n<th width=\"35%\">D\u00e9bit WiFi<\/th>\n<td width=\"65%\">300 Mbps<\/td>\n<\/tr>\n<tr id=\"tr_698\">\n<th width=\"35%\">Fr\u00e9quence<\/th>\n<td width=\"65%\">2.4 GHz<\/td>\n<\/tr>\n<tr id=\"tr_700\">\n<th width=\"35%\">Puissance de transmission<\/th>\n<td width=\"65%\">2.4G &lt;20dbm<\/td>\n<\/tr>\n<tr id=\"tr_704\">\n<th width=\"35%\">S\u00e9curit\u00e9 WiFi<\/th>\n<td width=\"65%\">Support WPA-PSK\/WPA2-PSK, Wireless MAC Filtering<\/td>\n<\/tr>\n<tr id=\"tr_1062\">\n<th width=\"35%\">DHCP<\/th>\n<td width=\"65%\">DHCP server, DHCP Client List<\/td>\n<\/tr>\n<\/tbody>\n<\/table>\n<table>\n<thead>\n<tr id=\"tr_606\">\n<th colspan=\"2\"><a>Autres<\/a><\/th>\n<\/tr>\n<\/thead>\n<tbody>\n<tr id=\"tr_714\">\n<th width=\"35%\">Certification<\/th>\n<td width=\"65%\">CE, RoHS<\/td>\n<\/tr>\n<tr id=\"tr_715\">\n<th width=\"35%\">Contenu de l&#8217;emballage<\/th>\n<td width=\"65%\">4G LTE Mobile Wi-Fi M7200<br \/>\nMicro USB Cable<br \/>\n2000mAh Battery<br \/>\nQuick Installation Guide<\/td>\n<\/tr>\n<tr id=\"tr_716\">\n<th width=\"35%\">Syst\u00e8me requis<\/th>\n<td width=\"65%\">Windows 10\/8\/7\/vista\/XP, Mac OS, Android, iOS, Windows Phone<\/td>\n<\/tr>\n<\/tbody>\n<\/table>\n<\/div>\n<div style=\"display:flex; gap:10px;justify-content:center\" class=\"wps-pgfw-pdf-generate-icon__wrapper-frontend\">\n\t\t<a  href=\"https:\/\/ikasougou.com\/cicg\/wp-json\/wp\/v2\/product\/158?action=genpdf&amp;id=158\" class=\"pgfw-single-pdf-download-button\" ><img src=\"https:\/\/ikasougou.com\/cicg\/wp-content\/plugins\/pdf-generator-for-wp\/admin\/src\/images\/PDF_Tray.svg\" title=\"G\u00e9n\u00e9rer un PDF\" style=\"width:auto; height:45px;\"><\/a>\n\t\t<\/div>","protected":false},"excerpt":{"rendered":"<p>2 en 1 : modem 4G LTE* + routeur WiFi** Partagez avec vos amis un acc\u00e8s Internet\u00a0jusqu&#8217;\u00e0 10 appareils simultan\u00e9ment Batterie 2000 mAh pour 8 heures d&#8217;utilisation Prise en charge la derni\u00e8re g\u00e9n\u00e9ration 4G FDD \/ TDD-LTE, compatible avec le r\u00e9seau de la plupart des pays et r\u00e9gions Gestion facile avec l&#8217;application tpMiFi Couverture 4G [&#8230;]\n","protected":false},"featured_media":159,"comment_status":"open","ping_status":"closed","template":"","meta":{"jetpack_post_was_ever_published":false,"jetpack_publicize_message":"","jetpack_publicize_feature_enabled":true,"jetpack_social_post_already_shared":true,"jetpack_social_options":{"image_generator_settings":{"template":"highway","default_image_id":0,"font":"","enabled":false},"version":2}},"product_brand":[],"product_cat":[16,17],"product_tag":[],"class_list":{"0":"post-158","1":"product","2":"type-product","3":"status-publish","4":"has-post-thumbnail","6":"product_cat-high-tech","7":"product_cat-ordinateur-bureautique","9":"first","10":"instock","11":"shipping-taxable","12":"purchasable","13":"product-type-simple"},"ams_default_variation_id":0,"ams_product_points_reward":[],"ams_product_discount_percentage":0,"ams_price_to_display":32500,"aioseo_notices":[],"ams_acf":[],"jetpack_publicize_connections":[],"jetpack_sharing_enabled":true,"jetpack_likes_enabled":true,"_links":{"self":[{"href":"https:\/\/ikasougou.com\/cicg\/wp-json\/wp\/v2\/product\/158","targetHints":{"allow":["GET"]}}],"collection":[{"href":"https:\/\/ikasougou.com\/cicg\/wp-json\/wp\/v2\/product"}],"about":[{"href":"https:\/\/ikasougou.com\/cicg\/wp-json\/wp\/v2\/types\/product"}],"replies":[{"embeddable":true,"href":"https:\/\/ikasougou.com\/cicg\/wp-json\/wp\/v2\/comments?post=158"}],"wp:featuredmedia":[{"embeddable":true,"href":"https:\/\/ikasougou.com\/cicg\/wp-json\/wp\/v2\/media\/159"}],"wp:attachment":[{"href":"https:\/\/ikasougou.com\/cicg\/wp-json\/wp\/v2\/media?parent=158"}],"wp:term":[{"taxonomy":"product_brand","embeddable":true,"href":"https:\/\/ikasougou.com\/cicg\/wp-json\/wp\/v2\/product_brand?post=158"},{"taxonomy":"product_cat","embeddable":true,"href":"https:\/\/ikasougou.com\/cicg\/wp-json\/wp\/v2\/product_cat?post=158"},{"taxonomy":"product_tag","embeddable":true,"href":"https:\/\/ikasougou.com\/cicg\/wp-json\/wp\/v2\/product_tag?post=158"}],"curies":[{"name":"wp","href":"https:\/\/api.w.org\/{rel}","templated":true}]}}