{"id":1710,"date":"2019-09-03T17:05:14","date_gmt":"2019-09-03T15:05:14","guid":{"rendered":"https:\/\/ikasougou.com\/cicg\/?post_type=product&#038;p=1710"},"modified":"2019-09-03T17:05:14","modified_gmt":"2019-09-03T15:05:14","slug":"tablette-tecno-p701","status":"publish","type":"product","link":"https:\/\/ikasougou.com\/cicg\/produit\/tablette-tecno-p701\/","title":{"rendered":"TABLETTE TECNO P701"},"content":{"rendered":"<pre id=\"tw-target-text\" class=\"tw-data-text tw-text-large tw-ta\" dir=\"ltr\" data-placeholder=\"Traduction\"><span lang=\"fr\" tabindex=\"0\">La description:\r\n\r\nLa tablette Tecno prend en charge la double carte SIM, ce qui vous permet d\u2019utiliser deux num\u00e9ros de mobile simultan\u00e9ment.\r\n Vous pouvez acheter cette tablette Android 7 pouces ici sur Souq.com. \r\nLa tablette Tecno P701 Dual SIM a tout ce dont vous avez besoin pour satisfaire vos besoins informatiques. \r\nIl regorge de fonctionnalit\u00e9s innovantes pour vous offrir une exp\u00e9rience de tablette incroyable.\r\n Cette tablette Tecno est dot\u00e9e d\u2019un \u00e9cran 7 pouces id\u00e9al pour regarder des films et des \u00e9missions de t\u00e9l\u00e9vision. \r\nEn outre, la tablette est \u00e9quip\u00e9e de deux appareils photo pour r\u00e9pondre \u00e0 vos besoins en mati\u00e8re de photographie. \r\nLa cam\u00e9ra arri\u00e8re de 5 m\u00e9gapixels avec flash \u00e0 diodes \u00e9lectroluminescentes produit d'excellents clich\u00e9s pour une faible luminosit\u00e9. De plus, la cam\u00e9ra frontale 2MP offre une clart\u00e9 exceptionnelle lors des appels vid\u00e9o. Cette tablette 7 pouces est optimis\u00e9e par le processeur Quad-Core MediaTek MT8321 qui vous offre une exp\u00e9rience de navigation ultra-fluide. En outre, il a le pouvoir de g\u00e9rer des applications exigeantes sans nuire \u00e0 l'efficacit\u00e9 du syst\u00e8me. La RAM de 1 Go int\u00e9gr\u00e9e \u00e0 cette tablette offre une excellente r\u00e9activit\u00e9 pour ouvrir toutes les applications en un clin d'\u0153il. Avec la m\u00e9moire interne de 16 Go, vous pouvez stocker toutes vos vid\u00e9os et votre musique pr\u00e9f\u00e9r\u00e9es pour un divertissement sans fin, o\u00f9 que vous soyez. Le Tecno P701 fonctionne sur le syst\u00e8me d'exploitation Android 7.0 Nougat, qui vous simplifie la vie avec son interface intuitive et rapide. Le t\u00e9l\u00e9phone contient une batterie de 3 000 mAh qui vous permet de diffuser des vid\u00e9os et de naviguer en ligne pendant une longue p\u00e9riode sans vous soucier de vous pr\u00e9cipiter au chargeur. Disponible dans une finition grise, cette tablette Tecno Dual SIM a une construction \u00e9l\u00e9gante qui d\u00e9gage un look sophistiqu\u00e9.<\/span><\/pre>\n<div class=\"row\">\n<div class=\"large-6 medium-6 columns\">\n<h4><b>Physical Features<\/b><\/h4>\n<div class=\"text-center\"><img decoding=\"async\" class=\"lazy-loaded\" src=\"https:\/\/souqcms.s3.amazonaws.com\/spring\/images\/2017\/Tecno\/p701-dual-sim-tablet-7-inch-grey\/0-p701-dual-sim-tablet-7-inch-dimensions-grey.jpg\" alt=\"Tecno tablet - Physical Features\" data-src=\"https:\/\/souqcms.s3.amazonaws.com\/spring\/images\/2017\/Tecno\/p701-dual-sim-tablet-7-inch-grey\/0-p701-dual-sim-tablet-7-inch-dimensions-grey.jpg\" \/><\/div>\n<\/div>\n<div class=\"large-6 medium-6 columns\">\n<h4><b>Key Features<\/b><\/h4>\n<div class=\"row kf-en\">\n<div class=\"large-6 medium-6 small-12 columns\">\n<div class=\"row\">\n<p class=\"large-10 medium-10 small-10\">Dual Sim Tablet<\/p>\n<\/div>\n<div class=\"row\">\n<p class=\"large-10 medium-10 small-10\">7 Inch<\/p>\n<\/div>\n<div class=\"row\">\n<p class=\"large-10 medium-10 small-10\">16 GB<\/p>\n<\/div>\n<div class=\"row\">\n<p class=\"large-10 medium-10 small-10\">Main Camera: 5MP<br \/>\nFront Camera: 2MP<\/p>\n<\/div>\n<\/div>\n<div class=\"large-6 medium-6 small-12 columns\">\n<div class=\"row\">\n<p class=\"large-10 medium-10 small-10\">1 GB RAM<\/p>\n<\/div>\n<div class=\"row\">\n<p class=\"large-10 medium-10 small-10\">3000mAh<\/p>\n<\/div>\n<div class=\"row\">\n<p class=\"large-10 medium-10 small-10\">3G<\/p>\n<div id=\"tw-target-text-container\" class=\"tw-ta-container tw-nfl\">\n<pre class=\"tw-data-text tw-text-large tw-ta\" dir=\"ltr\" data-placeholder=\"Traduction\"><span lang=\"fr\" tabindex=\"0\">Performance exceptionnelle\r\n<\/span><\/pre>\n<div class=\"large-6 medium-12 mart-30 left columns\">\n<p><img loading=\"lazy\" decoding=\"async\" class=\"alignnone size-medium wp-image-1712\" src=\"https:\/\/ikasougou.com\/cicg\/wp-content\/uploads\/sites\/45\/2019\/09\/P701-Tablet-167x300.jpg\" alt=\"\" width=\"167\" height=\"300\" srcset=\"https:\/\/ikasougou.com\/cicg\/wp-content\/uploads\/sites\/45\/2019\/09\/P701-Tablet-167x300.jpg 167w, https:\/\/ikasougou.com\/cicg\/wp-content\/uploads\/sites\/45\/2019\/09\/P701-Tablet.jpg 422w\" sizes=\"auto, (max-width: 167px) 100vw, 167px\" \/><\/p>\n<\/div>\n<pre id=\"tw-target-text\" class=\"tw-data-text tw-text-large tw-ta\" dir=\"ltr\" data-placeholder=\"Traduction\"><span lang=\"fr\" tabindex=\"0\">\r\nLe processeur Quad-Core MediaTek MT8321 \u00e0 1,3 GHz offre des performances exceptionnelles pour g\u00e9rer facilement toutes les t\u00e2ches exigeantes. \r\nIl r\u00e9unit les mains avec 1 Go de RAM, ce qui permet au syst\u00e8me de g\u00e9rer plusieurs onglets en lign<\/span><span lang=\"fr\" tabindex=\"0\">e simultan\u00e9ment. \r\nDe plus, la m\u00e9moire interne de 16 Go offre suffisamment d\u2019espace pour vos besoins de divertissement.<\/span>\r\n<span lang=\"fr\" tabindex=\"0\"> Vous pouvez augmenter la capacit\u00e9 de stockage jusqu'\u00e0 32 Go via une carte microSD. \r\nLa batterie 3000mAh de cette tablette Techno vous donne jusqu'\u00e0 33 heures de temps de conversation, vous permettant de profiter de cette tablette rapide sans vous soucier de recharger la batterie. \r\nEnfin, le syst\u00e8me d\u2019exploitation Android 7.0 pr\u00e9install\u00e9 propose une multitude d\u2019applications intuitives pour vous offrir une exp\u00e9rience intuitive de la tablette.<\/span><\/pre>\n<\/div>\n<div id=\"z6maec\" class=\"tw-ta-container tw-nfl\">\n<pre id=\"tw-target-text\" class=\"tw-data-text tw-text-large tw-ta\" dir=\"ltr\" data-placeholder=\"Traduction\"><span lang=\"fr\" tabindex=\"0\">Excellente photographie<\/span><img loading=\"lazy\" decoding=\"async\" class=\"alignnone size-medium wp-image-1715\" src=\"https:\/\/ikasougou.com\/cicg\/wp-content\/uploads\/sites\/45\/2019\/09\/TECNO-P701-300x300.jpg\" alt=\"\" width=\"300\" height=\"300\" srcset=\"https:\/\/ikasougou.com\/cicg\/wp-content\/uploads\/sites\/45\/2019\/09\/TECNO-P701-300x300.jpg 300w, https:\/\/ikasougou.com\/cicg\/wp-content\/uploads\/sites\/45\/2019\/09\/TECNO-P701-150x150.jpg 150w, https:\/\/ikasougou.com\/cicg\/wp-content\/uploads\/sites\/45\/2019\/09\/TECNO-P701-510x510.jpg 510w, https:\/\/ikasougou.com\/cicg\/wp-content\/uploads\/sites\/45\/2019\/09\/TECNO-P701-100x100.jpg 100w, https:\/\/ikasougou.com\/cicg\/wp-content\/uploads\/sites\/45\/2019\/09\/TECNO-P701.jpg 720w\" sizes=\"auto, (max-width: 300px) 100vw, 300px\" \/><span lang=\"fr\" tabindex=\"0\">\r\n\r\nAvec la cam\u00e9ra arri\u00e8re 5MP de cette tablette Android 7 pouces, vous pouvez cliquer sur des images incroyables, m\u00eame par faible luminosit\u00e9. De plus, la fonction de mise au point automatique vous permet de cliquer sur des images g\u00e9niales. La fonctionnalit\u00e9 de g\u00e9olocalisation vous permet de marquer votre position lors de la capture d'une vid\u00e9o. En outre, la tablette dispose d'un appareil photo frontal de 2 MP coupl\u00e9 \u00e0 un flash pour vous offrir une meilleure exp\u00e9rience de selfie. La cam\u00e9ra frontale capture chaque d\u00e9tail avec une pr\u00e9cision extr\u00eame.<\/span><\/pre>\n<div class=\"QmZWSe\">\n<div class=\"DHcWmd\"><img loading=\"lazy\" decoding=\"async\" class=\"alignnone size-medium wp-image-1713\" src=\"https:\/\/ikasougou.com\/cicg\/wp-content\/uploads\/sites\/45\/2019\/09\/2-p701-dual-sim-tablet-7-inch-grey-300x233.jpg\" alt=\"\" width=\"300\" height=\"233\" srcset=\"https:\/\/ikasougou.com\/cicg\/wp-content\/uploads\/sites\/45\/2019\/09\/2-p701-dual-sim-tablet-7-inch-grey-300x233.jpg 300w, https:\/\/ikasougou.com\/cicg\/wp-content\/uploads\/sites\/45\/2019\/09\/2-p701-dual-sim-tablet-7-inch-grey.jpg 450w\" sizes=\"auto, (max-width: 300px) 100vw, 300px\" \/><\/div>\n<\/div>\n<div class=\"oSioSc\">\n<div id=\"tw-target\">\n<div id=\"kAz1tf\" class=\"g9WsWb\">\n<div id=\"tw-target-text-container\" class=\"tw-ta-container tw-nfl\">\n<pre id=\"tw-target-text\" class=\"tw-data-text tw-text-large tw-ta\" dir=\"ltr\" data-placeholder=\"Traduction\"><span lang=\"fr\" tabindex=\"0\">Affichage incroyable\r\n<\/span><img loading=\"lazy\" decoding=\"async\" class=\"alignnone size-medium wp-image-1714\" src=\"https:\/\/ikasougou.com\/cicg\/wp-content\/uploads\/sites\/45\/2019\/09\/3-p701-dual-sim-tablet-7-inch-grey-300x233.jpg\" alt=\"\" width=\"300\" height=\"233\" srcset=\"https:\/\/ikasougou.com\/cicg\/wp-content\/uploads\/sites\/45\/2019\/09\/3-p701-dual-sim-tablet-7-inch-grey-300x233.jpg 300w, https:\/\/ikasougou.com\/cicg\/wp-content\/uploads\/sites\/45\/2019\/09\/3-p701-dual-sim-tablet-7-inch-grey.jpg 450w\" sizes=\"auto, (max-width: 300px) 100vw, 300px\" \/><span lang=\"fr\" tabindex=\"0\">\r\nL'\u00e9cran de 7 pouces de cette tablette Tecno Dual SIM offre une vue cristalline de tous vos films pr\u00e9f\u00e9r\u00e9s et rend le tout plus net et plus facile \u00e0 lire. La technologie IPS offre un grand angle de vue qui vous permet de regarder votre contenu pr\u00e9f\u00e9r\u00e9 avec vos amis et votre famille. Cette taille d'\u00e9cran de 7 pouces fait de cette tablette un choix id\u00e9al pour travailler sur des pr\u00e9sentations.<\/span><\/pre>\n<\/div>\n<\/div>\n<\/div>\n<\/div>\n<\/div>\n<\/div>\n<\/div>\n<\/div>\n<\/div>\n<\/div>\n<div style=\"display:flex; gap:10px;justify-content:center\" class=\"wps-pgfw-pdf-generate-icon__wrapper-frontend\">\n\t\t<a  href=\"https:\/\/ikasougou.com\/cicg\/wp-json\/wp\/v2\/product\/1710?action=genpdf&amp;id=1710\" class=\"pgfw-single-pdf-download-button\" ><img src=\"https:\/\/ikasougou.com\/cicg\/wp-content\/plugins\/pdf-generator-for-wp\/admin\/src\/images\/PDF_Tray.svg\" title=\"G\u00e9n\u00e9rer un PDF\" style=\"width:auto; height:45px;\"><\/a>\n\t\t<\/div>","protected":false},"excerpt":{"rendered":"<p>La description: La tablette Tecno prend en charge la double carte SIM, ce qui vous permet d\u2019utiliser deux num\u00e9ros de mobile simultan\u00e9ment. Vous pouvez acheter cette tablette Android 7 pouces ici sur Souq.com. La tablette Tecno P701 Dual SIM a tout ce dont vous avez besoin pour satisfaire vos besoins informatiques. Il regorge de fonctionnalit\u00e9s [&#8230;]\n","protected":false},"featured_media":1716,"comment_status":"open","ping_status":"closed","template":"","meta":{"jetpack_post_was_ever_published":false,"jetpack_publicize_message":"","jetpack_publicize_feature_enabled":true,"jetpack_social_post_already_shared":true,"jetpack_social_options":{"image_generator_settings":{"template":"highway","default_image_id":0,"font":"","enabled":false},"version":2}},"product_brand":[],"product_cat":[16,23],"product_tag":[],"class_list":{"0":"post-1710","1":"product","2":"type-product","3":"status-publish","4":"has-post-thumbnail","6":"product_cat-high-tech","7":"product_cat-tablette","9":"first","10":"instock","11":"shipping-taxable","12":"purchasable","13":"product-type-simple"},"ams_default_variation_id":0,"ams_product_points_reward":[],"ams_product_discount_percentage":0,"ams_price_to_display":65000,"aioseo_notices":[],"ams_acf":[],"jetpack_publicize_connections":[],"jetpack_sharing_enabled":true,"jetpack_likes_enabled":true,"_links":{"self":[{"href":"https:\/\/ikasougou.com\/cicg\/wp-json\/wp\/v2\/product\/1710","targetHints":{"allow":["GET"]}}],"collection":[{"href":"https:\/\/ikasougou.com\/cicg\/wp-json\/wp\/v2\/product"}],"about":[{"href":"https:\/\/ikasougou.com\/cicg\/wp-json\/wp\/v2\/types\/product"}],"replies":[{"embeddable":true,"href":"https:\/\/ikasougou.com\/cicg\/wp-json\/wp\/v2\/comments?post=1710"}],"wp:featuredmedia":[{"embeddable":true,"href":"https:\/\/ikasougou.com\/cicg\/wp-json\/wp\/v2\/media\/1716"}],"wp:attachment":[{"href":"https:\/\/ikasougou.com\/cicg\/wp-json\/wp\/v2\/media?parent=1710"}],"wp:term":[{"taxonomy":"product_brand","embeddable":true,"href":"https:\/\/ikasougou.com\/cicg\/wp-json\/wp\/v2\/product_brand?post=1710"},{"taxonomy":"product_cat","embeddable":true,"href":"https:\/\/ikasougou.com\/cicg\/wp-json\/wp\/v2\/product_cat?post=1710"},{"taxonomy":"product_tag","embeddable":true,"href":"https:\/\/ikasougou.com\/cicg\/wp-json\/wp\/v2\/product_tag?post=1710"}],"curies":[{"name":"wp","href":"https:\/\/api.w.org\/{rel}","templated":true}]}}