{"id":2592,"date":"2019-10-28T20:58:14","date_gmt":"2019-10-28T19:58:14","guid":{"rendered":"https:\/\/ikasougou.com\/cicg\/?post_type=product&#038;p=2592"},"modified":"2019-10-28T20:58:14","modified_gmt":"2019-10-28T19:58:14","slug":"carte-memoire-extreme-32-go-sdhc-sandisk","status":"publish","type":"product","link":"https:\/\/ikasougou.com\/cicg\/produit\/carte-memoire-extreme-32-go-sdhc-sandisk\/","title":{"rendered":"Carte m\u00e9moire Extr\u00eame &#8211; 32 Go SDHC SANDISK"},"content":{"rendered":"<p>Les cartes m\u00e9moire SanDisk SDHC\u00a0 sont con\u00e7ues pour \u00eatre \u00e9tanches, r\u00e9sistantes aux temp\u00e9ratures extr\u00eames, aux vibrations, aux chocs et aux rayons Xpour qu&#8217;elles continuent \u00e0 fonctionner en toute circonstance.<\/p>\n<p><img loading=\"lazy\" decoding=\"async\" class=\"size-full wp-image-2593 aligncenter\" src=\"https:\/\/ikasougou.com\/cicg\/wp-content\/uploads\/sites\/45\/2019\/10\/raw.jpg\" alt=\"\" width=\"250\" height=\"292\" \/>*<\/p>\n<div id=\"tw-target-text-container\" class=\"tw-ta-container tw-nfl\">\n<pre id=\"tw-target-text\" class=\"tw-data-text tw-text-large tw-ta\" dir=\"ltr\" data-placeholder=\"Traduction\"><span lang=\"fr\" tabindex=\"0\">Description\r\nAvec l\u2019espace pour 32 Go de donn\u00e9es, sachez que cette carte aura la capacit\u00e9 de prendre toutes les photos de vacances du photographe amateur le plus exp\u00e9riment\u00e9. Id\u00e9al pour ins\u00e9rer dans votre appareil photo num\u00e9rique, que vous voyagiez \u00e0 Phuket ou \u00e0 Putney, peu importe l'occasion, vous auriez du mal \u00e0 remplir cette carte.\r\n\r\nIdentifiants de produits\r\nMarque SanDisk\r\nLigne familiale SanDisk SD\r\nFacteur de forme SDHC\r\nCapacit\u00e9 m\u00e9moire 32 Go\r\nEAN 619659039639\r\nID de produit eBay (ePID) 129572570\r\n\r\nLa performance\r\nClasse de vitesse Note Classe 4\r\nVitesse de lecture 3,5 Mo \/ s\r\nVitesse d'\u00e9criture jusqu'\u00e0 15 Mo \/ s\r\n\r\nDivers\r\nType d'emballage Retail\r\n\r\nDimensions de la carte\r\nProfondeur 31,75 mm (31,75 \")\r\nHauteur 2 mm (2 \")\r\nLargeur 23,9 mm (23,9 \")<\/span><\/pre>\n<\/div>\n<div id=\"z6maec\" class=\"tw-ta-container tw-nfl\">\n<pre id=\"tw-target-rmn\" class=\"tw-data-placeholder tw-text-small tw-ta\" dir=\"ltr\" data-placeholder=\"\"><\/pre>\n<\/div>\n<div style=\"display:flex; gap:10px;justify-content:center\" class=\"wps-pgfw-pdf-generate-icon__wrapper-frontend\">\n\t\t<a  href=\"https:\/\/ikasougou.com\/cicg\/wp-json\/wp\/v2\/product\/2592?action=genpdf&amp;id=2592\" class=\"pgfw-single-pdf-download-button\" ><img src=\"https:\/\/ikasougou.com\/cicg\/wp-content\/plugins\/pdf-generator-for-wp\/admin\/src\/images\/PDF_Tray.svg\" title=\"G\u00e9n\u00e9rer un PDF\" style=\"width:auto; height:45px;\"><\/a>\n\t\t<\/div>","protected":false},"excerpt":{"rendered":"<p>Les cartes m\u00e9moire SanDisk SDHC\u00a0 sont con\u00e7ues pour \u00eatre \u00e9tanches, r\u00e9sistantes aux temp\u00e9ratures extr\u00eames, aux vibrations, aux chocs et aux rayons Xpour qu&#8217;elles continuent \u00e0 fonctionner en toute circonstance. * Description Avec l\u2019espace pour 32 Go de donn\u00e9es, sachez que cette carte aura la capacit\u00e9 de prendre toutes les photos de vacances du photographe amateur [&#8230;]\n","protected":false},"featured_media":2593,"comment_status":"open","ping_status":"closed","template":"","meta":{"jetpack_post_was_ever_published":false,"jetpack_publicize_message":"","jetpack_publicize_feature_enabled":true,"jetpack_social_post_already_shared":true,"jetpack_social_options":{"image_generator_settings":{"template":"highway","default_image_id":0,"font":"","enabled":false},"version":2}},"product_brand":[],"product_cat":[16,18],"product_tag":[],"class_list":{"0":"post-2592","1":"product","2":"type-product","3":"status-publish","4":"has-post-thumbnail","6":"product_cat-high-tech","7":"product_cat-multimedia","9":"first","10":"instock","11":"sale","12":"shipping-taxable","13":"purchasable","14":"product-type-simple"},"ams_default_variation_id":0,"ams_product_points_reward":[],"ams_product_discount_percentage":10,"ams_price_to_display":9000,"aioseo_notices":[],"ams_acf":[],"jetpack_publicize_connections":[],"jetpack_sharing_enabled":true,"jetpack_likes_enabled":true,"_links":{"self":[{"href":"https:\/\/ikasougou.com\/cicg\/wp-json\/wp\/v2\/product\/2592","targetHints":{"allow":["GET"]}}],"collection":[{"href":"https:\/\/ikasougou.com\/cicg\/wp-json\/wp\/v2\/product"}],"about":[{"href":"https:\/\/ikasougou.com\/cicg\/wp-json\/wp\/v2\/types\/product"}],"replies":[{"embeddable":true,"href":"https:\/\/ikasougou.com\/cicg\/wp-json\/wp\/v2\/comments?post=2592"}],"wp:featuredmedia":[{"embeddable":true,"href":"https:\/\/ikasougou.com\/cicg\/wp-json\/wp\/v2\/media\/2593"}],"wp:attachment":[{"href":"https:\/\/ikasougou.com\/cicg\/wp-json\/wp\/v2\/media?parent=2592"}],"wp:term":[{"taxonomy":"product_brand","embeddable":true,"href":"https:\/\/ikasougou.com\/cicg\/wp-json\/wp\/v2\/product_brand?post=2592"},{"taxonomy":"product_cat","embeddable":true,"href":"https:\/\/ikasougou.com\/cicg\/wp-json\/wp\/v2\/product_cat?post=2592"},{"taxonomy":"product_tag","embeddable":true,"href":"https:\/\/ikasougou.com\/cicg\/wp-json\/wp\/v2\/product_tag?post=2592"}],"curies":[{"name":"wp","href":"https:\/\/api.w.org\/{rel}","templated":true}]}}