{"id":333,"date":"2019-04-11T00:36:39","date_gmt":"2019-04-10T22:36:39","guid":{"rendered":"https:\/\/ikasougou.com\/cicg\/?post_type=product&#038;p=333"},"modified":"2021-09-01T18:05:52","modified_gmt":"2021-09-01T16:05:52","slug":"hp-123-cartouche-dencre-trois-couleursf6v16ae","status":"publish","type":"product","link":"https:\/\/ikasougou.com\/cicg\/produit\/hp-123-cartouche-dencre-trois-couleursf6v16ae\/","title":{"rendered":"HP 123 cartouche d&#8217;encre trois couleurs(F6V16AE)"},"content":{"rendered":"<h1><\/h1>\n<div class=\"left_rail \">\n<div class=\"features js_name_features js_content_window clearfix\">\n<h2 class=\"group_head\">Aper\u00e7u<\/h2>\n<dl>\n<dd>Imprimez des documents courants et des photos de qualit\u00e9 professionnelle gr\u00e2ce \u00e0 des cartouches d&#8217;encre HP authentiques con\u00e7ues avec une protection contre la fraude et munies d&#8217;un syst\u00e8me d&#8217;alerte de niveau d&#8217;encre bas intelligent pour vous offrir des performances sans souci et des r\u00e9sultats homog\u00e8nes sur lesquels vous pouvez compter.<\/dd>\n<\/dl>\n<h2 class=\"group_head\">Caract\u00e9ristiques<\/h2>\n<dl>\n<dd>Tirez le meilleur parti de votre imprimante HP et de votre encre. Imprimez les photos et les documents de qualit\u00e9 professionnelle dont vous avez besoin avec les cartouches d&#8217;encre HP authentiques qui garantissent la qualit\u00e9 que vous attendez de votre imprimante HP.<\/dd>\n<\/dl>\n<dl>\n<dd>Faites confiance aux cartouches d&#8217;encre HP authentiques pour obtenir des r\u00e9sultats impeccables. Obtenez une qualit\u00e9 d&#8217;impression optimale pour le bureau, l&#8217;\u00e9cole et la maison avec des cartouches int\u00e9gr\u00e9es et test\u00e9es pour votre imprimante HP et con\u00e7ues pour offrir des impressions remarquables.<\/dd>\n<\/dl>\n<dl>\n<dd>Gagner du temps, \u00e9conomiser de l&#8217;argent et \u00e9viter les tracas n&#8217;a jamais \u00e9t\u00e9 aussi simple avec les cartouches HP authentiques qui s&#8217;adaptent \u00e0 votre style de vie, \u00e0 votre mode d&#8217;impression et \u00e0 votre cr\u00e9ativit\u00e9. Obtenez la qualit\u00e9 sup\u00e9rieure et constante que vous attendez de HP \u00e0 la maison comme en d\u00e9placement.<sup><a class=\"sup_linked sup_ovw\">1<\/a><\/sup><\/dd>\n<\/dl>\n<\/div>\n<div class=\"js_prog_disc\">\n<div class=\"left prg_dsc_wrapper\">\n<dl class=\"js_prg_dsc_prd_root prg_dsc_prd prog-disc\">\n<dt class=\"prog-disc-item-header \">\n<h2 class=\"group_head\">Caract\u00e9ristiques techniques<\/h2>\n<\/dt>\n<dd class=\" prog-disc-item-content js_prg_dsc_cnt id\">\n<dl>\n<dt>Couleur(s) des consommables d\u2019impression<\/dt>\n<dd>3 couleurs<\/dd>\n<\/dl>\n<dl>\n<dt>Goutte d&#8217;encre<\/dt>\n<dd>3,25 pl, 6,8 pl<\/dd>\n<\/dl>\n<dl>\n<dt>Types d&#8217;encre<\/dt>\n<dd>\n<ul class=\"nobullet\">\n<li>Teint\u00e9e<\/li>\n<\/ul>\n<\/dd>\n<\/dl>\n<dl>\n<dt>Nombre total de pages (couleur)<\/dt>\n<dd>Environ 100 pages<\/dd>\n<\/dl>\n<dl>\n<dt>Note pour le rendement en nombre de pages<\/dt>\n<dd>Moyenne approximative bas\u00e9e sur la norme ISO\/CEI 24711 ou sur la m\u00e9thodologie de test HP avec une impression continue. Le rendement r\u00e9el varie consid\u00e9rablement en fonction du contenu des pages imprim\u00e9es et d\u2019autres facteurs. Pour plus d&#8217;informations, voir http:\/\/www.hp.com\/go\/learnaboutsupplies.<\/dd>\n<\/dl>\n<\/dd>\n<dt class=\"prog-disc-item-header \">\n<h2 class=\"group_head\">Conditions de fonctionnement<\/h2>\n<\/dt>\n<dd class=\" prog-disc-item-content js_prg_dsc_cnt id\">\n<dl>\n<dt>Plage de temp\u00e9ratures en fonctionnement<\/dt>\n<dd>15 \u00e0 32\u00b0C<\/dd>\n<\/dl>\n<dl>\n<dt>Temp\u00e9rature de stockage<\/dt>\n<dd>-40 \u00e0 60 \u00b0C<\/dd>\n<\/dl>\n<dl>\n<dt>Humidit\u00e9 de stockage<\/dt>\n<dd>20 \u00e0 80 % HR<\/dd>\n<\/dl>\n<\/dd>\n<dt class=\"prog-disc-item-header \">\n<h2 class=\"group_head\">Dimensions et poids<\/h2>\n<\/dt>\n<dd class=\" prog-disc-item-content js_prg_dsc_cnt id\">\n<dl>\n<dt>Dimensions de l&#8217;emballage (L x P x H)<\/dt>\n<dd>113 x 37 x 115 mm<\/dd>\n<\/dl>\n<dl>\n<dt>Poids du carton\/paquet<\/dt>\n<dd>0,05 kg<\/dd>\n<\/dl>\n<\/dd>\n<dt class=\"prog-disc-item-header \">\n<h2 class=\"group_head\">Contenu<\/h2>\n<\/dt>\n<dd class=\" prog-disc-item-content js_prg_dsc_cnt id\">\n<dl>\n<dt>Garantie<\/dt>\n<dd>Les cartouches d&#8217;impression, les cartouches d&#8217;encre et les t\u00eates d&#8217;impression HP sont garanties sans d\u00e9faut de mat\u00e9riel et de fabrication durant toute la p\u00e9riode de validit\u00e9 de la garantie.<\/dd>\n<\/dl>\n<dl>\n<dt>Contenu de l\u2019emballage<\/dt>\n<dd>\n<ul class=\"nobullet\">\n<li>Cartouche d&#8217;encre<\/li>\n<\/ul>\n<\/dd>\n<\/dl>\n<\/dd>\n<\/dl>\n<\/div>\n<\/div>\n<\/div>\n<div class=\" png right_rail\">\n<div class=\"tab_content_item\">\n<div>compatibilit\u00e9<\/div>\n<\/div>\n<div class=\"tab_content_item\">\n<div><\/div>\n<\/div>\n<div class=\"tab_content_item\">\n<div><\/div>\n<\/div>\n<div class=\"tab_content_item\">\n<div>\n<table class=\"column_specifications\">\n<tbody class=\"specs\">\n<tr class=\"ProductTitle\">\n<td class=\"undefined\">\n<div class=\"product_title\"><span class=\"prodname\">HP DeskJet 3639 All-in-One Printer<\/span><span class=\"prodname\"> (F5S43C)<\/span><\/div>\n<\/td>\n<td class=\"undefined\">\n<div class=\"product_title\"><span class=\"prodname\">Imprimante tout-en-un HP DeskJet 2130<\/span><span class=\"prodname\"> (K7N77C)<\/span><\/div>\n<\/td>\n<td class=\"undefined\">\n<div class=\"product_title\"><span class=\"prodname\">Imprimante tout-en-un HP DeskJet 2630<\/span><span class=\"prodname\"> (V1N03C)<\/span><\/div>\n<\/td>\n<\/tr>\n<\/tbody>\n<\/table>\n<\/div>\n<\/div>\n<div class=\"tab_content_item\">\n<div><\/div>\n<\/div>\n<\/div>\n<div style=\"display:flex; gap:10px;justify-content:center\" class=\"wps-pgfw-pdf-generate-icon__wrapper-frontend\">\n\t\t<a  href=\"https:\/\/ikasougou.com\/cicg\/wp-json\/wp\/v2\/product\/333?action=genpdf&amp;id=333\" class=\"pgfw-single-pdf-download-button\" ><img src=\"https:\/\/ikasougou.com\/cicg\/wp-content\/plugins\/pdf-generator-for-wp\/admin\/src\/images\/PDF_Tray.svg\" title=\"G\u00e9n\u00e9rer un PDF\" style=\"width:auto; height:45px;\"><\/a>\n\t\t<\/div>","protected":false},"excerpt":{"rendered":"<p>Aper\u00e7u Imprimez des documents courants et des photos de qualit\u00e9 professionnelle gr\u00e2ce \u00e0 des cartouches d&#8217;encre HP authentiques con\u00e7ues avec une protection contre la fraude et munies d&#8217;un syst\u00e8me d&#8217;alerte de niveau d&#8217;encre bas intelligent pour vous offrir des performances sans souci et des r\u00e9sultats homog\u00e8nes sur lesquels vous pouvez compter. Caract\u00e9ristiques Tirez le meilleur [&#8230;]\n","protected":false},"featured_media":334,"comment_status":"open","ping_status":"closed","template":"","meta":{"jetpack_post_was_ever_published":false,"jetpack_publicize_message":"","jetpack_publicize_feature_enabled":true,"jetpack_social_post_already_shared":true,"jetpack_social_options":{"image_generator_settings":{"template":"highway","default_image_id":0,"font":"","enabled":false},"version":2}},"product_brand":[],"product_cat":[16,17],"product_tag":[],"class_list":{"0":"post-333","1":"product","2":"type-product","3":"status-publish","4":"has-post-thumbnail","6":"product_cat-high-tech","7":"product_cat-ordinateur-bureautique","9":"first","10":"instock","11":"shipping-taxable","12":"purchasable","13":"product-type-simple"},"ams_default_variation_id":0,"ams_product_points_reward":[],"ams_product_discount_percentage":0,"ams_price_to_display":10000,"aioseo_notices":[],"ams_acf":[],"jetpack_publicize_connections":[],"jetpack_sharing_enabled":true,"jetpack_likes_enabled":true,"_links":{"self":[{"href":"https:\/\/ikasougou.com\/cicg\/wp-json\/wp\/v2\/product\/333","targetHints":{"allow":["GET"]}}],"collection":[{"href":"https:\/\/ikasougou.com\/cicg\/wp-json\/wp\/v2\/product"}],"about":[{"href":"https:\/\/ikasougou.com\/cicg\/wp-json\/wp\/v2\/types\/product"}],"replies":[{"embeddable":true,"href":"https:\/\/ikasougou.com\/cicg\/wp-json\/wp\/v2\/comments?post=333"}],"wp:featuredmedia":[{"embeddable":true,"href":"https:\/\/ikasougou.com\/cicg\/wp-json\/wp\/v2\/media\/334"}],"wp:attachment":[{"href":"https:\/\/ikasougou.com\/cicg\/wp-json\/wp\/v2\/media?parent=333"}],"wp:term":[{"taxonomy":"product_brand","embeddable":true,"href":"https:\/\/ikasougou.com\/cicg\/wp-json\/wp\/v2\/product_brand?post=333"},{"taxonomy":"product_cat","embeddable":true,"href":"https:\/\/ikasougou.com\/cicg\/wp-json\/wp\/v2\/product_cat?post=333"},{"taxonomy":"product_tag","embeddable":true,"href":"https:\/\/ikasougou.com\/cicg\/wp-json\/wp\/v2\/product_tag?post=333"}],"curies":[{"name":"wp","href":"https:\/\/api.w.org\/{rel}","templated":true}]}}