{"id":335,"date":"2019-04-11T00:50:06","date_gmt":"2019-04-10T22:50:06","guid":{"rendered":"https:\/\/ikasougou.com\/cicg\/?post_type=product&#038;p=335"},"modified":"2019-04-11T00:50:06","modified_gmt":"2019-04-10T22:50:06","slug":"canon-i-sensys-mf231-imprimante-laser-monochrome","status":"publish","type":"product","link":"https:\/\/ikasougou.com\/cicg\/produit\/canon-i-sensys-mf231-imprimante-laser-monochrome\/","title":{"rendered":"Canon i-SENSYS MF231 Imprimante Laser Monochrome"},"content":{"rendered":"<p>&nbsp;<\/p>\n<ul>\n<li><span class=\"a-list-item\"> Canon MF231 <\/span><\/li>\n<li><span class=\"a-list-item\"> i-SENSYS. Technologie d&#8217;impression: Laser <\/span><\/li>\n<li><span class=\"a-list-item\"> Impression: Mono printing <\/span><\/li>\n<li><span class=\"a-list-item\"> Copier: Mono copying. Vitesse d&#8217;impression (noir <\/span><\/li>\n<li><span class=\"a-list-item\"> qualit\u00e9 normale <\/span><\/li>\n<li><span class=\"a-list-item\"> A4\/US Letter): 23 ppm <\/span><\/li>\n<li><span class=\"a-list-item\"><span class=\"a-list-item\"> R\u00e9solution maximale: 1200 x 1200 DPI<\/span><\/span><img loading=\"lazy\" decoding=\"async\" class=\"size-medium wp-image-338\" src=\"https:\/\/ikasougou.com\/cicg\/wp-content\/uploads\/sites\/45\/2019\/04\/ic0901010670000-300x295.jpg\" alt=\"\" width=\"300\" height=\"295\" srcset=\"https:\/\/ikasougou.com\/cicg\/wp-content\/uploads\/sites\/45\/2019\/04\/ic0901010670000-300x295.jpg 300w, https:\/\/ikasougou.com\/cicg\/wp-content\/uploads\/sites\/45\/2019\/04\/ic0901010670000-768x754.jpg 768w, https:\/\/ikasougou.com\/cicg\/wp-content\/uploads\/sites\/45\/2019\/04\/ic0901010670000-1024x1006.jpg 1024w, https:\/\/ikasougou.com\/cicg\/wp-content\/uploads\/sites\/45\/2019\/04\/ic0901010670000-510x501.jpg 510w\" sizes=\"auto, (max-width: 300px) 100vw, 300px\" \/>\n<p><img loading=\"lazy\" decoding=\"async\" class=\"alignnone size-medium wp-image-337\" src=\"https:\/\/ikasougou.com\/cicg\/wp-content\/uploads\/sites\/45\/2019\/04\/71feE8EscAL._SY355_-224x300.jpg\" alt=\"\" width=\"224\" height=\"300\" srcset=\"https:\/\/ikasougou.com\/cicg\/wp-content\/uploads\/sites\/45\/2019\/04\/71feE8EscAL._SY355_-224x300.jpg 224w, https:\/\/ikasougou.com\/cicg\/wp-content\/uploads\/sites\/45\/2019\/04\/71feE8EscAL._SY355_.jpg 265w\" sizes=\"auto, (max-width: 224px) 100vw, 224px\" \/><\/li>\n<\/ul>\n<table border=\"0\" cellspacing=\"0\" cellpadding=\"0\">\n<tbody>\n<tr>\n<td class=\"label\">Marque<\/td>\n<td class=\"value\">Canon<\/td>\n<\/tr>\n<tr class=\"item-model-number\">\n<td class=\"label\">Num\u00e9ro du mod\u00e8le de l&#8217;article<\/td>\n<td class=\"value\">1418C051<\/td>\n<\/tr>\n<tr>\n<td class=\"label\">s\u00e9ries<\/td>\n<td class=\"value\">MF231<\/td>\n<\/tr>\n<tr>\n<td class=\"label\">Couleur<\/td>\n<td class=\"value\">Noir<\/td>\n<\/tr>\n<tr>\n<td class=\"label\">Garantie constructeur<\/td>\n<td class=\"value\">2 ans<\/td>\n<\/tr>\n<tr>\n<td class=\"label\">Description du clavier<\/td>\n<td class=\"value\">Fran\u00e7ais<\/td>\n<\/tr>\n<tr>\n<td class=\"label\">Nombre de coeurs<\/td>\n<td class=\"value\">1<\/td>\n<\/tr>\n<tr>\n<td class=\"label\">Taille de la m\u00e9moire vive<\/td>\n<td class=\"value\">128 MB<\/td>\n<\/tr>\n<tr>\n<td class=\"label\">Type de connectivit\u00e9<\/td>\n<td class=\"value\">None<\/td>\n<\/tr>\n<tr>\n<td class=\"label\">Bluetooth<\/td>\n<td class=\"value\">Non<\/td>\n<\/tr>\n<tr>\n<td class=\"label\">Interface du mat\u00e9riel informatique<\/td>\n<td class=\"value\">USB 2.0<\/td>\n<\/tr>\n<tr>\n<td class=\"label\">Nombre de ports USB 2.0<\/td>\n<td class=\"value\">1<\/td>\n<\/tr>\n<tr>\n<td class=\"label\">Type de connecteur<\/td>\n<td class=\"value\">non<\/td>\n<\/tr>\n<tr>\n<td class=\"label\">Logiciels inclus<\/td>\n<td class=\"value\">Presto! Page Manager, MF Scan Utility, Toner Status Tool,<\/td>\n<\/tr>\n<tr>\n<td class=\"label\">Item dimensions L x W x H<\/td>\n<td class=\"value\">37,1 x 31,2 x 39 cm<\/td>\n<\/tr>\n<tr>\n<td class=\"label\">Poids du produit<\/td>\n<td class=\"value\">10.2 kilogrammes<\/td>\n<\/tr>\n<tr>\n<td class=\"label\">Divers<\/td>\n<td class=\"value\">Fonction Imprimante<\/td>\n<\/tr>\n<\/tbody>\n<\/table>\n<p>&nbsp;<\/p>\n<div style=\"display:flex; gap:10px;justify-content:center\" class=\"wps-pgfw-pdf-generate-icon__wrapper-frontend\">\n\t\t<a  href=\"https:\/\/ikasougou.com\/cicg\/wp-json\/wp\/v2\/product\/335?action=genpdf&amp;id=335\" class=\"pgfw-single-pdf-download-button\" ><img src=\"https:\/\/ikasougou.com\/cicg\/wp-content\/plugins\/pdf-generator-for-wp\/admin\/src\/images\/PDF_Tray.svg\" title=\"G\u00e9n\u00e9rer un PDF\" style=\"width:auto; height:45px;\"><\/a>\n\t\t<\/div>","protected":false},"excerpt":{"rendered":"<p>&nbsp; Canon MF231 i-SENSYS. Technologie d&#8217;impression: Laser Impression: Mono printing Copier: Mono copying. Vitesse d&#8217;impression (noir qualit\u00e9 normale A4\/US Letter): 23 ppm R\u00e9solution maximale: 1200 x 1200 DPI Marque Canon Num\u00e9ro du mod\u00e8le de l&#8217;article 1418C051 s\u00e9ries MF231 Couleur Noir Garantie constructeur 2 ans Description du clavier Fran\u00e7ais Nombre de coeurs 1 Taille de la [&#8230;]\n","protected":false},"featured_media":337,"comment_status":"open","ping_status":"closed","template":"","meta":{"jetpack_post_was_ever_published":false,"jetpack_publicize_message":"","jetpack_publicize_feature_enabled":true,"jetpack_social_post_already_shared":true,"jetpack_social_options":{"image_generator_settings":{"template":"highway","default_image_id":0,"font":"","enabled":false},"version":2}},"product_brand":[],"product_cat":[16,17],"product_tag":[],"class_list":{"0":"post-335","1":"product","2":"type-product","3":"status-publish","4":"has-post-thumbnail","6":"product_cat-high-tech","7":"product_cat-ordinateur-bureautique","9":"first","10":"instock","11":"sale","12":"shipping-taxable","13":"purchasable","14":"product-type-simple"},"ams_default_variation_id":0,"ams_product_points_reward":[],"ams_product_discount_percentage":10,"ams_price_to_display":135000,"aioseo_notices":[],"ams_acf":[],"jetpack_publicize_connections":[],"jetpack_sharing_enabled":true,"jetpack_likes_enabled":true,"_links":{"self":[{"href":"https:\/\/ikasougou.com\/cicg\/wp-json\/wp\/v2\/product\/335","targetHints":{"allow":["GET"]}}],"collection":[{"href":"https:\/\/ikasougou.com\/cicg\/wp-json\/wp\/v2\/product"}],"about":[{"href":"https:\/\/ikasougou.com\/cicg\/wp-json\/wp\/v2\/types\/product"}],"replies":[{"embeddable":true,"href":"https:\/\/ikasougou.com\/cicg\/wp-json\/wp\/v2\/comments?post=335"}],"wp:featuredmedia":[{"embeddable":true,"href":"https:\/\/ikasougou.com\/cicg\/wp-json\/wp\/v2\/media\/337"}],"wp:attachment":[{"href":"https:\/\/ikasougou.com\/cicg\/wp-json\/wp\/v2\/media?parent=335"}],"wp:term":[{"taxonomy":"product_brand","embeddable":true,"href":"https:\/\/ikasougou.com\/cicg\/wp-json\/wp\/v2\/product_brand?post=335"},{"taxonomy":"product_cat","embeddable":true,"href":"https:\/\/ikasougou.com\/cicg\/wp-json\/wp\/v2\/product_cat?post=335"},{"taxonomy":"product_tag","embeddable":true,"href":"https:\/\/ikasougou.com\/cicg\/wp-json\/wp\/v2\/product_tag?post=335"}],"curies":[{"name":"wp","href":"https:\/\/api.w.org\/{rel}","templated":true}]}}