{"id":4457,"date":"2020-08-29T01:34:41","date_gmt":"2020-08-28T23:34:41","guid":{"rendered":"https:\/\/ikasougou.com\/cicg\/?post_type=product&#038;p=4457"},"modified":"2022-06-28T18:28:43","modified_gmt":"2022-06-28T16:28:43","slug":"logitech-webcam-c920-hd-pro","status":"publish","type":"product","link":"https:\/\/ikasougou.com\/cicg\/produit\/logitech-webcam-c920-hd-pro\/","title":{"rendered":"Logitech Webcam C920 HD Pro"},"content":{"rendered":"<section class=\"product-teaser \" aria-label=\"Product Teaser\">\n<div class=\"container\">\n<div class=\"teaser-copy-ctn\">\n<h3 class=\"teaser-title\">DES APPELS VID\u00c9O FULL HD IMPECCABLES D&#8217;UNE CLART\u00c9 REMARQUABLE<\/h3>\n<p class=\"teaser-overview\">Si vous voulez faire bonne impression lors d&#8217;un appel Skype important, enregistrer des d\u00e9mos impeccables ou pr\u00e9senter vos comp\u00e9tences et vos passions sur YouTube, la webcam C920 prend les choses en main avec une vid\u00e9o Full HD remarquablement nette et d\u00e9taill\u00e9e (1080p \u00e0 30 ips) ainsi qu&#8217;un son st\u00e9r\u00e9o clair.<\/p>\n<\/div>\n<\/div>\n<\/section>\n<section class=\"product-key-features\" aria-label=\"Caract\u00e9ristiques principales\">\n<div class=\"container\">\n<h6 class=\"product-key-features-title\">Caract\u00e9ristiques principales<\/h6>\n<ul class=\"key-features-ctn\">\n<li class=\"key-features-item in-view\">\n<div class=\"key-features-media-ctn pull-left\">\n<div class=\"key-features-media\"><img decoding=\"async\" class=\"media-img\" src=\"https:\/\/www.logitech.fr\/assets\/65478\/5\/c920-pro-hd-webcam-refresh.jpg\" alt=\"Full High-DEF 1080P Video Calling\" \/><\/div>\n<\/div>\n<div class=\"key-features-copy-ctn\">\n<div class=\"key-features-copy\">\n<h3>APPELS VID\u00c9O FULL HD 1080P<\/h3>\n<p>Faites impression dans des moments strat\u00e9giques gr\u00e2ce \u00e0 la qualit\u00e9 sup\u00e9rieure de la webcam C920. Que vous passiez un appel vid\u00e9o ou enregistriez, l&#8217;image sera nette, d\u00e9taill\u00e9e et aux couleurs captivantes, avec une vid\u00e9o fluide gr\u00e2ce \u00e0 la r\u00e9solution Full HD 1030p \u00e0 30\u00a0images par seconde.<\/p>\n<\/div>\n<\/div>\n<\/li>\n<li class=\"key-features-item in-view\">\n<div class=\"key-features-media-ctn pull-right\">\n<div class=\"key-features-media\"><img decoding=\"async\" class=\"media-img\" src=\"https:\/\/www.logitech.fr\/assets\/65478\/6\/c920-pro-hd-webcam-refresh.jpg\" alt=\"Full HD Glass Lens\" \/><\/div>\n<\/div>\n<div class=\"key-features-copy-ctn\">\n<div class=\"key-features-copy\">\n<h3>OBJECTIF EN VERRE FULL HD<\/h3>\n<p>Soyez vu \u00e0 un niveau de qualit\u00e9 et de d\u00e9tail incroyables gr\u00e2ce \u00e0 l&#8217;objectif en verre Full HD et \u00e0 une mise au point automatique haute qualit\u00e9. La lentille en verre \u00e0 cinq \u00e9l\u00e9ments capture des images nettes ultra-pr\u00e9cises, tandis que la mise au point automatique de qualit\u00e9 sup\u00e9rieure effectue un r\u00e9glage fluide et pr\u00e9cis pour offrir une haute d\u00e9finition constante.<\/p>\n<\/div>\n<\/div>\n<\/li>\n<li class=\"key-features-item in-view\">\n<div class=\"key-features-media-ctn pull-left\">\n<div class=\"key-features-media\"><img decoding=\"async\" class=\"media-img\" src=\"https:\/\/www.logitech.fr\/assets\/65478\/7\/c920-pro-hd-webcam-refresh.jpg\" alt=\"Brighter Images\" \/><\/div>\n<\/div>\n<div class=\"key-features-copy-ctn\">\n<div class=\"key-features-copy\">\n<h3>DES IMAGES PLUS LUMINEUSES<\/h3>\n<p>\u00c9quip\u00e9e de la correction d&#8217;\u00e9clairage HD automatique, la webcam C920 s&#8217;adapte aux conditions d&#8217;\u00e9clairage pour produire des images lumineuses et contrast\u00e9es m\u00eame si vous \u00eates dans un environnement sombre.<\/p>\n<\/div>\n<\/div>\n<\/li>\n<li class=\"key-features-item in-view\">\n<div class=\"key-features-media-ctn pull-right\">\n<div class=\"key-features-media\"><img decoding=\"async\" class=\"media-img\" src=\"https:\/\/www.logitech.fr\/assets\/65478\/8\/c920-pro-hd-webcam-refresh.jpg\" alt=\"Full Stereophonics\" \/><\/div>\n<\/div>\n<div class=\"key-features-copy-ctn\">\n<div class=\"key-features-copy\">\n<h3>FULL ST\u00c9R\u00c9O<\/h3>\n<p>\u00c9quip\u00e9e de deux microphones, un de chaque c\u00f4t\u00e9 de la cam\u00e9ra, la webcam C920 Pro est capable de capter un son plus r\u00e9aliste sous tous les angles, de sorte que votre voix ressorte de fa\u00e7on naturelle et claire.<\/p>\n<\/div>\n<\/div>\n<\/li>\n<li class=\"key-features-item in-view\">\n<div class=\"key-features-media-ctn pull-left\">\n<div class=\"key-features-media\"><img decoding=\"async\" class=\"media-img\" src=\"https:\/\/www.logitech.fr\/assets\/65478\/9\/c920-pro-hd-webcam-refresh.jpg\" alt=\"Flexibility that Goes Beyond Built-In\" \/><\/div>\n<\/div>\n<div class=\"key-features-copy-ctn\">\n<div class=\"key-features-copy\">\n<h3>UNE FLEXIBILIT\u00c9 QUI SURPASSE LES WEBCAMS INT\u00c9GR\u00c9ES<\/h3>\n<p>Compacte, agile et r\u00e9glable, la webcam C920 offre une nouvelle perspective aux appels vid\u00e9o, conf\u00e9rant \u00e0 vos entretiens une touche professionnelle.<\/p>\n<\/div>\n<\/div>\n<\/li>\n<\/ul>\n<\/div>\n<\/section>\n<section class=\"spec-ctn\" aria-label=\"Specs and Details\">\n<div id=\"specification-tabular\" class=\"container\">\n<div class=\"tabs\">\n<div class=\"tabs hidden-xs\">\n<div class=\"specs-header\">\n<h6>Sp\u00e9cifications techniques et D\u00e9tails<\/h6>\n<\/div>\n<\/div>\n<div id=\"spec-accordion\" class=\"panel-group\" role=\"tablist\" aria-multiselectable=\"true\">\n<div class=\"panel panel-default\">\n<div id=\"collapse-one\" class=\"panel-collapse collapse in active\" role=\"tabpanel\" aria-labelledby=\"collapse-one\" aria-expanded=\"true\">\n<div class=\"panel-body tab-pane\">\n<ul class=\"tabs-list\" data-col=\"3\">\n<li class=\"tab-content-item clearfix\">\n<h3>Dimensions<\/h3>\n<div class=\"feature-content clearfix\">\n<div class=\"cell-group\">\n<ul>\n<li>Hauteur\u00a0x\u00a0Largeur\u00a0x\u00a0\u00c9paisseur:<\/li>\n<li>29\u00a0mm\u00a0x\u00a094\u00a0mm\u00a0x\u00a024\u00a0mm<\/li>\n<\/ul>\n<\/div>\n<div class=\"cell-group\">\n<ul>\n<li>Longueur du c\u00e2ble: 1,5\u00a0m<\/li>\n<\/ul>\n<\/div>\n<div class=\"cell-group\">\n<ul>\n<li>Hauteur\u00a0x\u00a0Largeur\u00a0x\u00a0\u00c9paisseur:<\/li>\n<li>43,3\u00a0mm\u00a0x\u00a094\u00a0mm\u00a0x\u00a071\u00a0mm<\/li>\n<\/ul>\n<\/div>\n<\/div>\n<h3>Configuration requise<\/h3>\n<div class=\"feature-content clearfix\">\n<div class=\"cell-group\">\n<h4>Compatible avec:<\/h4>\n<ul>\n<li style=\"list-style-type: none;\">\n<ul>\n<li style=\"list-style-type: none;\">\n<ul>\n<li>Windows<sup>\u00ae\u00a0<\/sup>10 ou version ult\u00e9rieure, Windows\u00a08, Windows\u00a07<\/li>\n<li>\u00a0<img loading=\"lazy\" decoding=\"async\" class=\"alignnone size-medium wp-image-4461\" src=\"https:\/\/ikasougou.com\/cicg\/wp-content\/uploads\/sites\/45\/2020\/08\/c920-pro-hd-webcam-refresh4-300x258.png\" alt=\"\" width=\"300\" height=\"258\" srcset=\"https:\/\/ikasougou.com\/cicg\/wp-content\/uploads\/sites\/45\/2020\/08\/c920-pro-hd-webcam-refresh4-300x258.png 300w, https:\/\/ikasougou.com\/cicg\/wp-content\/uploads\/sites\/45\/2020\/08\/c920-pro-hd-webcam-refresh4-768x660.png 768w, https:\/\/ikasougou.com\/cicg\/wp-content\/uploads\/sites\/45\/2020\/08\/c920-pro-hd-webcam-refresh4-510x438.png 510w, https:\/\/ikasougou.com\/cicg\/wp-content\/uploads\/sites\/45\/2020\/08\/c920-pro-hd-webcam-refresh4.png 800w\" sizes=\"auto, (max-width: 300px) 100vw, 300px\" \/><\/li>\n<\/ul>\n<\/li>\n<\/ul>\n<\/li>\n<\/ul>\n<h4>Fonctionne en mode UVC (USB Video Device Class) avec des syst\u00e8mes d&#8217;appel vid\u00e9o compatibles:<\/h4>\n<ul>\n<li style=\"list-style-type: none;\">\n<ul>\n<li style=\"list-style-type: none;\">\n<ul>\n<li>macOS\u00a010.10 ou versions ult\u00e9rieures<br \/>\nChrome\u00a0OS<sup>\u2122<\/sup><br \/>\nAndroid<sup>\u2122<\/sup> v 5.0 ou version ult\u00e9rieure<\/li>\n<\/ul>\n<\/li>\n<li style=\"list-style-type: none;\">\n<ul>\n<li>Port USB<br \/>\nConnexion Internet<\/p>\n<p><span class=\"disclaimer\">Consultez le site\u00a0Web de votre fournisseur de solutions d&#8217;appels vid\u00e9o pour obtenir des informations pr\u00e9cises sur la configuration et les performances requises.<\/span><\/li>\n<li><img loading=\"lazy\" decoding=\"async\" class=\"alignnone size-medium wp-image-4459\" src=\"https:\/\/ikasougou.com\/cicg\/wp-content\/uploads\/sites\/45\/2020\/08\/c920-pro-hd-webcam-refresh2-300x258.png\" alt=\"\" width=\"300\" height=\"258\" srcset=\"https:\/\/ikasougou.com\/cicg\/wp-content\/uploads\/sites\/45\/2020\/08\/c920-pro-hd-webcam-refresh2-300x258.png 300w, https:\/\/ikasougou.com\/cicg\/wp-content\/uploads\/sites\/45\/2020\/08\/c920-pro-hd-webcam-refresh2-768x660.png 768w, https:\/\/ikasougou.com\/cicg\/wp-content\/uploads\/sites\/45\/2020\/08\/c920-pro-hd-webcam-refresh2-510x438.png 510w, https:\/\/ikasougou.com\/cicg\/wp-content\/uploads\/sites\/45\/2020\/08\/c920-pro-hd-webcam-refresh2.png 800w\" sizes=\"auto, (max-width: 300px) 100vw, 300px\" \/><\/li>\n<\/ul>\n<\/li>\n<\/ul>\n<\/li>\n<\/ul>\n<h4>Plateformes compatibles:<\/h4>\n<ul>\n<li style=\"list-style-type: none;\">\n<ul>\n<li>Compatible avec Skype\u2122, Google Hangouts\u2122, FaceTime for Mac<\/li>\n<\/ul>\n<\/li>\n<\/ul>\n<\/div>\n<\/div>\n<\/li>\n<li class=\"tab-content-item clearfix\">\n<h3>Caract\u00e9ristiques techniques<\/h3>\n<div class=\"feature-content clearfix\">\n<div class=\"cell-group\">\n<p>R\u00e9solution max: 1080p\/30\u00a0ips &#8211; 720p\/30\u00a0ips<\/p>\n<\/div>\n<div class=\"cell-group\">\n<p>Type de mise au point: mise au point automatique<\/p>\n<\/div>\n<div class=\"cell-group\">\n<p>Microphone int\u00e9gr\u00e9: st\u00e9r\u00e9o<\/p>\n<\/div>\n<div class=\"cell-group\">\n<ul>\n<li>Clip universel pour ordinateurs portables et \u00e9crans LCD et CRT adaptable aux tr\u00e9pieds<\/li>\n<\/ul>\n<\/div>\n<div class=\"cell-group\">\n<h4>Longueur du c\u00e2ble:<\/h4>\n<ul>\n<li>1,5\u00a0m<\/li>\n<li><img loading=\"lazy\" decoding=\"async\" class=\"alignnone size-medium wp-image-4462\" src=\"https:\/\/ikasougou.com\/cicg\/wp-content\/uploads\/sites\/45\/2020\/08\/c920-pro-hd-webcam-refresh5-300x258.png\" alt=\"\" width=\"300\" height=\"258\" srcset=\"https:\/\/ikasougou.com\/cicg\/wp-content\/uploads\/sites\/45\/2020\/08\/c920-pro-hd-webcam-refresh5-300x258.png 300w, https:\/\/ikasougou.com\/cicg\/wp-content\/uploads\/sites\/45\/2020\/08\/c920-pro-hd-webcam-refresh5-768x660.png 768w, https:\/\/ikasougou.com\/cicg\/wp-content\/uploads\/sites\/45\/2020\/08\/c920-pro-hd-webcam-refresh5-510x438.png 510w, https:\/\/ikasougou.com\/cicg\/wp-content\/uploads\/sites\/45\/2020\/08\/c920-pro-hd-webcam-refresh5.png 800w\" sizes=\"auto, (max-width: 300px) 100vw, 300px\" \/><\/li>\n<li><\/li>\n<\/ul>\n<\/div>\n<\/div>\n<\/li>\n<li class=\"tab-content-item clearfix\">\n<h3>Contenu<\/h3>\n<h3><\/h3>\n<div class=\"feature-content clearfix\">\n<div class=\"cell-group\">\n<ul>\n<li>Webcam avec c\u00e2ble de 1.5m<\/li>\n<li>Documentation utilisateur<\/li>\n<\/ul>\n<ul>\n<li><img loading=\"lazy\" decoding=\"async\" class=\"alignnone size-medium wp-image-4458\" src=\"https:\/\/ikasougou.com\/cicg\/wp-content\/uploads\/sites\/45\/2020\/08\/c920-pro-hd-webcam-refresh-300x258.png\" alt=\"\" width=\"300\" height=\"258\" srcset=\"https:\/\/ikasougou.com\/cicg\/wp-content\/uploads\/sites\/45\/2020\/08\/c920-pro-hd-webcam-refresh-300x258.png 300w, https:\/\/ikasougou.com\/cicg\/wp-content\/uploads\/sites\/45\/2020\/08\/c920-pro-hd-webcam-refresh-768x660.png 768w, https:\/\/ikasougou.com\/cicg\/wp-content\/uploads\/sites\/45\/2020\/08\/c920-pro-hd-webcam-refresh-510x438.png 510w, https:\/\/ikasougou.com\/cicg\/wp-content\/uploads\/sites\/45\/2020\/08\/c920-pro-hd-webcam-refresh.png 800w\" sizes=\"auto, (max-width: 300px) 100vw, 300px\" \/><\/li>\n<\/ul>\n<\/div>\n<\/div>\n<h3>Informations sur la garantie<\/h3>\n<div class=\"feature-content clearfix\">\n<p>2\u00a0ans de garantie mat\u00e9rielle limit\u00e9e<\/p>\n<\/div>\n<h3>Num\u00e9ro de pi\u00e8ce<\/h3>\n<div class=\"feature-content clearfix\">\n<p><span class=\"name\">Noir:<\/span> PN: 960-001055<\/p>\n<\/div>\n<\/li>\n<\/ul>\n<\/div>\n<\/div>\n<\/div>\n<\/div>\n<\/div>\n<\/div>\n<\/section>\n<div style=\"display:flex; gap:10px;justify-content:center\" class=\"wps-pgfw-pdf-generate-icon__wrapper-frontend\">\n\t\t<a  href=\"https:\/\/ikasougou.com\/cicg\/wp-json\/wp\/v2\/product\/4457?action=genpdf&amp;id=4457\" class=\"pgfw-single-pdf-download-button\" ><img src=\"https:\/\/ikasougou.com\/cicg\/wp-content\/plugins\/pdf-generator-for-wp\/admin\/src\/images\/PDF_Tray.svg\" title=\"G\u00e9n\u00e9rer un PDF\" style=\"width:auto; height:45px;\"><\/a>\n\t\t<\/div>","protected":false},"excerpt":{"rendered":"<p>DES APPELS VID\u00c9O FULL HD IMPECCABLES D&#8217;UNE CLART\u00c9 REMARQUABLE Si vous voulez faire bonne impression lors d&#8217;un appel Skype important, enregistrer des d\u00e9mos impeccables ou pr\u00e9senter vos comp\u00e9tences et vos passions sur YouTube, la webcam C920 prend les choses en main avec une vid\u00e9o Full HD remarquablement nette et d\u00e9taill\u00e9e (1080p \u00e0 30 ips) ainsi [&#8230;]\n","protected":false},"featured_media":4463,"comment_status":"open","ping_status":"closed","template":"","meta":{"jetpack_post_was_ever_published":false,"jetpack_publicize_message":"","jetpack_publicize_feature_enabled":true,"jetpack_social_post_already_shared":true,"jetpack_social_options":{"image_generator_settings":{"template":"highway","default_image_id":0,"font":"","enabled":false},"version":2}},"product_brand":[],"product_cat":[16,18,17],"product_tag":[],"class_list":{"0":"post-4457","1":"product","2":"type-product","3":"status-publish","4":"has-post-thumbnail","6":"product_cat-high-tech","7":"product_cat-multimedia","8":"product_cat-ordinateur-bureautique","10":"first","11":"instock","12":"shipping-taxable","13":"purchasable","14":"product-type-simple"},"ams_default_variation_id":0,"ams_product_points_reward":[],"ams_product_discount_percentage":0,"ams_price_to_display":80000,"aioseo_notices":[],"ams_acf":[],"jetpack_publicize_connections":[],"jetpack_sharing_enabled":true,"jetpack_likes_enabled":true,"_links":{"self":[{"href":"https:\/\/ikasougou.com\/cicg\/wp-json\/wp\/v2\/product\/4457","targetHints":{"allow":["GET"]}}],"collection":[{"href":"https:\/\/ikasougou.com\/cicg\/wp-json\/wp\/v2\/product"}],"about":[{"href":"https:\/\/ikasougou.com\/cicg\/wp-json\/wp\/v2\/types\/product"}],"replies":[{"embeddable":true,"href":"https:\/\/ikasougou.com\/cicg\/wp-json\/wp\/v2\/comments?post=4457"}],"wp:featuredmedia":[{"embeddable":true,"href":"https:\/\/ikasougou.com\/cicg\/wp-json\/wp\/v2\/media\/4463"}],"wp:attachment":[{"href":"https:\/\/ikasougou.com\/cicg\/wp-json\/wp\/v2\/media?parent=4457"}],"wp:term":[{"taxonomy":"product_brand","embeddable":true,"href":"https:\/\/ikasougou.com\/cicg\/wp-json\/wp\/v2\/product_brand?post=4457"},{"taxonomy":"product_cat","embeddable":true,"href":"https:\/\/ikasougou.com\/cicg\/wp-json\/wp\/v2\/product_cat?post=4457"},{"taxonomy":"product_tag","embeddable":true,"href":"https:\/\/ikasougou.com\/cicg\/wp-json\/wp\/v2\/product_tag?post=4457"}],"curies":[{"name":"wp","href":"https:\/\/api.w.org\/{rel}","templated":true}]}}