{"id":4465,"date":"2020-08-29T02:16:04","date_gmt":"2020-08-29T00:16:04","guid":{"rendered":"https:\/\/ikasougou.com\/cicg\/?post_type=product&#038;p=4465"},"modified":"2020-08-29T02:19:50","modified_gmt":"2020-08-29T00:19:50","slug":"souris-hp-gaming-m100","status":"publish","type":"product","link":"https:\/\/ikasougou.com\/cicg\/produit\/souris-hp-gaming-m100\/","title":{"rendered":"Souris HP Gaming M100"},"content":{"rendered":"<h1>Avec la souris\u00a0HP Gaming M100, cette souris lumineux destin\u00e9 aux joueurs de jeux vid\u00e9o offre un m\u00e9lange de confort et de fiabilit\u00e9. Sa forme, de taille standard, est adapt\u00e9e \u00e0 la main droite comme \u00e0 la main gauche et permet de positionner sa main confortablement.<\/h1>\n<h1><img loading=\"lazy\" decoding=\"async\" class=\"alignnone size-medium wp-image-4470\" src=\"https:\/\/ikasougou.com\/cicg\/wp-content\/uploads\/sites\/45\/2020\/08\/hp-gaming-mouse-m100-300x300.jpg\" alt=\"\" width=\"300\" height=\"300\" srcset=\"https:\/\/ikasougou.com\/cicg\/wp-content\/uploads\/sites\/45\/2020\/08\/hp-gaming-mouse-m100-300x300.jpg 300w, https:\/\/ikasougou.com\/cicg\/wp-content\/uploads\/sites\/45\/2020\/08\/hp-gaming-mouse-m100-150x150.jpg 150w, https:\/\/ikasougou.com\/cicg\/wp-content\/uploads\/sites\/45\/2020\/08\/hp-gaming-mouse-m100-100x100.jpg 100w, https:\/\/ikasougou.com\/cicg\/wp-content\/uploads\/sites\/45\/2020\/08\/hp-gaming-mouse-m100.jpg 452w\" sizes=\"auto, (max-width: 300px) 100vw, 300px\" \/> <img loading=\"lazy\" decoding=\"async\" class=\"alignnone size-medium wp-image-4471\" src=\"https:\/\/ikasougou.com\/cicg\/wp-content\/uploads\/sites\/45\/2020\/08\/souris-gaming-mouse-m100-300x300.jpg\" alt=\"\" width=\"300\" height=\"300\" srcset=\"https:\/\/ikasougou.com\/cicg\/wp-content\/uploads\/sites\/45\/2020\/08\/souris-gaming-mouse-m100-300x300.jpg 300w, https:\/\/ikasougou.com\/cicg\/wp-content\/uploads\/sites\/45\/2020\/08\/souris-gaming-mouse-m100-150x150.jpg 150w, https:\/\/ikasougou.com\/cicg\/wp-content\/uploads\/sites\/45\/2020\/08\/souris-gaming-mouse-m100-768x768.jpg 768w, https:\/\/ikasougou.com\/cicg\/wp-content\/uploads\/sites\/45\/2020\/08\/souris-gaming-mouse-m100-510x510.jpg 510w, https:\/\/ikasougou.com\/cicg\/wp-content\/uploads\/sites\/45\/2020\/08\/souris-gaming-mouse-m100-100x100.jpg 100w, https:\/\/ikasougou.com\/cicg\/wp-content\/uploads\/sites\/45\/2020\/08\/souris-gaming-mouse-m100.jpg 800w\" sizes=\"auto, (max-width: 300px) 100vw, 300px\" \/> <img loading=\"lazy\" decoding=\"async\" class=\"alignnone size-medium wp-image-4472\" src=\"https:\/\/ikasougou.com\/cicg\/wp-content\/uploads\/sites\/45\/2020\/08\/souris-hp-gaming-m100-filaire-300x300.png\" alt=\"\" width=\"300\" height=\"300\" srcset=\"https:\/\/ikasougou.com\/cicg\/wp-content\/uploads\/sites\/45\/2020\/08\/souris-hp-gaming-m100-filaire-300x300.png 300w, https:\/\/ikasougou.com\/cicg\/wp-content\/uploads\/sites\/45\/2020\/08\/souris-hp-gaming-m100-filaire-150x150.png 150w, https:\/\/ikasougou.com\/cicg\/wp-content\/uploads\/sites\/45\/2020\/08\/souris-hp-gaming-m100-filaire-510x510.png 510w, https:\/\/ikasougou.com\/cicg\/wp-content\/uploads\/sites\/45\/2020\/08\/souris-hp-gaming-m100-filaire-100x100.png 100w, https:\/\/ikasougou.com\/cicg\/wp-content\/uploads\/sites\/45\/2020\/08\/souris-hp-gaming-m100-filaire.png 600w\" sizes=\"auto, (max-width: 300px) 100vw, 300px\" \/><\/h1>\n<p>&nbsp;<\/p>\n<div style=\"display:flex; gap:10px;justify-content:center\" class=\"wps-pgfw-pdf-generate-icon__wrapper-frontend\">\n\t\t<a  href=\"https:\/\/ikasougou.com\/cicg\/wp-json\/wp\/v2\/product\/4465?action=genpdf&amp;id=4465\" class=\"pgfw-single-pdf-download-button\" ><img src=\"https:\/\/ikasougou.com\/cicg\/wp-content\/plugins\/pdf-generator-for-wp\/admin\/src\/images\/PDF_Tray.svg\" title=\"G\u00e9n\u00e9rer un PDF\" style=\"width:auto; height:45px;\"><\/a>\n\t\t<\/div>","protected":false},"excerpt":{"rendered":"<p>Avec la souris\u00a0HP Gaming M100, cette souris lumineux destin\u00e9 aux joueurs de jeux vid\u00e9o offre un m\u00e9lange de confort et de fiabilit\u00e9. Sa forme, de taille standard, est adapt\u00e9e \u00e0 la main droite comme \u00e0 la main gauche et permet de positionner sa main confortablement. &nbsp;<\/p>\n","protected":false},"featured_media":4472,"comment_status":"open","ping_status":"closed","template":"","meta":{"jetpack_post_was_ever_published":false,"jetpack_publicize_message":"","jetpack_publicize_feature_enabled":true,"jetpack_social_post_already_shared":true,"jetpack_social_options":{"image_generator_settings":{"template":"highway","default_image_id":0,"font":"","enabled":false},"version":2}},"product_brand":[],"product_cat":[16,17],"product_tag":[],"class_list":{"0":"post-4465","1":"product","2":"type-product","3":"status-publish","4":"has-post-thumbnail","6":"product_cat-high-tech","7":"product_cat-ordinateur-bureautique","9":"first","10":"instock","11":"sale","12":"shipping-taxable","13":"purchasable","14":"product-type-simple"},"ams_default_variation_id":0,"ams_product_points_reward":[],"ams_product_discount_percentage":25,"ams_price_to_display":3000,"aioseo_notices":[],"ams_acf":[],"jetpack_publicize_connections":[],"jetpack_sharing_enabled":true,"jetpack_likes_enabled":true,"_links":{"self":[{"href":"https:\/\/ikasougou.com\/cicg\/wp-json\/wp\/v2\/product\/4465","targetHints":{"allow":["GET"]}}],"collection":[{"href":"https:\/\/ikasougou.com\/cicg\/wp-json\/wp\/v2\/product"}],"about":[{"href":"https:\/\/ikasougou.com\/cicg\/wp-json\/wp\/v2\/types\/product"}],"replies":[{"embeddable":true,"href":"https:\/\/ikasougou.com\/cicg\/wp-json\/wp\/v2\/comments?post=4465"}],"wp:featuredmedia":[{"embeddable":true,"href":"https:\/\/ikasougou.com\/cicg\/wp-json\/wp\/v2\/media\/4472"}],"wp:attachment":[{"href":"https:\/\/ikasougou.com\/cicg\/wp-json\/wp\/v2\/media?parent=4465"}],"wp:term":[{"taxonomy":"product_brand","embeddable":true,"href":"https:\/\/ikasougou.com\/cicg\/wp-json\/wp\/v2\/product_brand?post=4465"},{"taxonomy":"product_cat","embeddable":true,"href":"https:\/\/ikasougou.com\/cicg\/wp-json\/wp\/v2\/product_cat?post=4465"},{"taxonomy":"product_tag","embeddable":true,"href":"https:\/\/ikasougou.com\/cicg\/wp-json\/wp\/v2\/product_tag?post=4465"}],"curies":[{"name":"wp","href":"https:\/\/api.w.org\/{rel}","templated":true}]}}