{"id":4474,"date":"2020-08-29T02:57:28","date_gmt":"2020-08-29T00:57:28","guid":{"rendered":"https:\/\/ikasougou.com\/cicg\/?post_type=product&#038;p=4474"},"modified":"2020-08-29T02:57:28","modified_gmt":"2020-08-29T00:57:28","slug":"souris-hp-filaire-x500","status":"publish","type":"product","link":"https:\/\/ikasougou.com\/cicg\/produit\/souris-hp-filaire-x500\/","title":{"rendered":"Souris HP Filaire X500"},"content":{"rendered":"<ul>\n<li>\n<h3>Con\u00e7ue pour votre confort, la courbe allong\u00e9e et la forme galb\u00e9e offre en contr\u00f4le sans effort tant pour les utilisateurs droitiers ou gauchers.<\/h3>\n<\/li>\n<\/ul>\n<h3><img loading=\"lazy\" decoding=\"async\" class=\"alignnone size-medium wp-image-21289\" src=\"https:\/\/ikasougou.com\/wp-content\/uploads\/2020\/08\/61qSkk3DxL._AC_SL1500_-152x300.jpg\" alt=\"\" width=\"152\" height=\"300\" \/><\/h3>\n<ul>\n<li>\n<h3>Avec un simple branchement du cordon USB, vous alimentez votre souris et \u00e9vitez de devoir remplacer les piles. Aucun logiciel ni t\u00e9l\u00e9chargement requis. Il vous suffit de d\u00e9marrer le d\u00e9filement et de cliquer.<\/h3>\n<\/li>\n<\/ul>\n<h3><img loading=\"lazy\" decoding=\"async\" class=\"alignnone size-medium wp-image-21290\" src=\"https:\/\/ikasougou.com\/wp-content\/uploads\/2020\/08\/71qt4vnwc0L._AC_SL1500_-300x99.jpg\" alt=\"\" width=\"300\" height=\"99\" \/><\/h3>\n<ul>\n<li>\n<h3>Naviguez fluidement avec les 3 boutons de commande pratiques et la molette de d\u00e9filement.<\/h3>\n<\/li>\n<li>\n<h3>Le capteur optique assure une localisation id\u00e9ale sur la plupart des surfaces pour un contr\u00f4le pr\u00e9cis et sans heurts.<\/h3>\n<\/li>\n<\/ul>\n<p><img loading=\"lazy\" decoding=\"async\" class=\"alignnone size-medium wp-image-21292\" src=\"https:\/\/ikasougou.com\/wp-content\/uploads\/2020\/08\/81HknQfWc4L._AC_SL1500_-143x300.jpg\" alt=\"\" width=\"143\" height=\"300\" \/><\/p>\n<ul>\n<li>\n<h3>Configuration minimale requise: Microsoft Windows XP\/Vista\/7\/8 ou Mac OSX.<\/h3>\n<\/li>\n<\/ul>\n<p><img loading=\"lazy\" decoding=\"async\" class=\"alignnone size-medium wp-image-21291\" src=\"https:\/\/ikasougou.com\/wp-content\/uploads\/2020\/08\/71rjkRCdwGL._AC_SL1500_-300x159.jpg\" alt=\"\" width=\"300\" height=\"159\" \/><\/p>\n<p>&nbsp;<\/p>\n<table>\n<tbody>\n<tr>\n<td><strong>Marque <\/strong><\/td>\n<td>HP<\/td>\n<\/tr>\n<tr>\n<td><strong>Num\u00e9ro du mod\u00e8le de l&#8217;article <\/strong><\/td>\n<td>E5C12AA#ABA<\/td>\n<\/tr>\n<tr>\n<td><strong>s\u00e9ries <\/strong><\/td>\n<td>Souris filaire X500<\/td>\n<\/tr>\n<tr>\n<td><strong>Couleur <\/strong><\/td>\n<td>Noir<\/td>\n<\/tr>\n<tr>\n<td><strong>Garantie constructeur <\/strong><\/td>\n<td>Garantie Fabricant: 1 an<\/td>\n<\/tr>\n<tr>\n<td><strong>Plate-forme du mat\u00e9riel informatique <\/strong><\/td>\n<td>PC \/ Mac<\/td>\n<\/tr>\n<tr>\n<td><strong>Description du clavier <\/strong><\/td>\n<td>Fran\u00e7ais<\/td>\n<\/tr>\n<tr>\n<td><strong>Marque du processeur <\/strong><\/td>\n<td>ReferManual<\/td>\n<\/tr>\n<tr>\n<td><strong>Nombre de coeurs <\/strong><\/td>\n<td>1<\/td>\n<\/tr>\n<tr>\n<td><strong>Interface du disque dur <\/strong><\/td>\n<td>ATA<\/td>\n<\/tr>\n<tr>\n<td><strong>Type d&#8217;alimentation <\/strong><\/td>\n<td>AC<\/td>\n<\/tr>\n<tr>\n<td><strong>Type de technologie sans fil <\/strong><\/td>\n<td>802.11abg<\/td>\n<\/tr>\n<tr>\n<td><strong>Interface du mat\u00e9riel informatique <\/strong><\/td>\n<td>USB 2.0<\/td>\n<\/tr>\n<tr>\n<td><strong>Type de connecteur <\/strong><\/td>\n<td>USB<\/td>\n<\/tr>\n<tr>\n<td><strong>Dimensions de l&#8217;article L x L x H <\/strong><\/td>\n<td>11.5 x 3.5 x 6.4 centim\u00e8tres<\/td>\n<\/tr>\n<tr>\n<td><strong>Poids du produit <\/strong><\/td>\n<td>0.23 Livres<\/td>\n<\/tr>\n<tr>\n<td><strong>Divers <\/strong><\/td>\n<td>Filaire, Avec_molette, Optique<\/td>\n<\/tr>\n<\/tbody>\n<\/table>\n<p>&nbsp;<\/p>\n<p>&nbsp;<\/p>\n<div style=\"display:flex; gap:10px;justify-content:center\" class=\"wps-pgfw-pdf-generate-icon__wrapper-frontend\">\n\t\t<a  href=\"https:\/\/ikasougou.com\/cicg\/wp-json\/wp\/v2\/product\/4474?action=genpdf&amp;id=4474\" class=\"pgfw-single-pdf-download-button\" ><img src=\"https:\/\/ikasougou.com\/cicg\/wp-content\/plugins\/pdf-generator-for-wp\/admin\/src\/images\/PDF_Tray.svg\" title=\"G\u00e9n\u00e9rer un PDF\" style=\"width:auto; height:45px;\"><\/a>\n\t\t<\/div>","protected":false},"excerpt":{"rendered":"<p>Con\u00e7ue pour votre confort, la courbe allong\u00e9e et la forme galb\u00e9e offre en contr\u00f4le sans effort tant pour les utilisateurs droitiers ou gauchers. Avec un simple branchement du cordon USB, vous alimentez votre souris et \u00e9vitez de devoir remplacer les piles. Aucun logiciel ni t\u00e9l\u00e9chargement requis. Il vous suffit de d\u00e9marrer le d\u00e9filement et de [&#8230;]\n","protected":false},"featured_media":4476,"comment_status":"open","ping_status":"closed","template":"","meta":{"jetpack_post_was_ever_published":false,"jetpack_publicize_message":"","jetpack_publicize_feature_enabled":true,"jetpack_social_post_already_shared":true,"jetpack_social_options":{"image_generator_settings":{"template":"highway","default_image_id":0,"font":"","enabled":false},"version":2}},"product_brand":[],"product_cat":[16,17],"product_tag":[],"class_list":{"0":"post-4474","1":"product","2":"type-product","3":"status-publish","4":"has-post-thumbnail","6":"product_cat-high-tech","7":"product_cat-ordinateur-bureautique","9":"first","10":"instock","11":"sale","12":"shipping-taxable","13":"purchasable","14":"product-type-simple"},"ams_default_variation_id":0,"ams_product_points_reward":[],"ams_product_discount_percentage":25,"ams_price_to_display":3000,"aioseo_notices":[],"ams_acf":[],"jetpack_publicize_connections":[],"jetpack_sharing_enabled":true,"jetpack_likes_enabled":true,"_links":{"self":[{"href":"https:\/\/ikasougou.com\/cicg\/wp-json\/wp\/v2\/product\/4474","targetHints":{"allow":["GET"]}}],"collection":[{"href":"https:\/\/ikasougou.com\/cicg\/wp-json\/wp\/v2\/product"}],"about":[{"href":"https:\/\/ikasougou.com\/cicg\/wp-json\/wp\/v2\/types\/product"}],"replies":[{"embeddable":true,"href":"https:\/\/ikasougou.com\/cicg\/wp-json\/wp\/v2\/comments?post=4474"}],"wp:featuredmedia":[{"embeddable":true,"href":"https:\/\/ikasougou.com\/cicg\/wp-json\/wp\/v2\/media\/4476"}],"wp:attachment":[{"href":"https:\/\/ikasougou.com\/cicg\/wp-json\/wp\/v2\/media?parent=4474"}],"wp:term":[{"taxonomy":"product_brand","embeddable":true,"href":"https:\/\/ikasougou.com\/cicg\/wp-json\/wp\/v2\/product_brand?post=4474"},{"taxonomy":"product_cat","embeddable":true,"href":"https:\/\/ikasougou.com\/cicg\/wp-json\/wp\/v2\/product_cat?post=4474"},{"taxonomy":"product_tag","embeddable":true,"href":"https:\/\/ikasougou.com\/cicg\/wp-json\/wp\/v2\/product_tag?post=4474"}],"curies":[{"name":"wp","href":"https:\/\/api.w.org\/{rel}","templated":true}]}}