{"id":4559,"date":"2021-07-13T13:38:44","date_gmt":"2021-07-13T11:38:44","guid":{"rendered":"https:\/\/ikasougou.com\/cicg\/?post_type=product&#038;p=4559"},"modified":"2021-07-13T13:38:44","modified_gmt":"2021-07-13T11:38:44","slug":"ddr4-2400mhz-4gb-8gb-long-dimm-datotek","status":"publish","type":"product","link":"https:\/\/ikasougou.com\/cicg\/produit\/ddr4-2400mhz-4gb-8gb-long-dimm-datotek\/","title":{"rendered":"DDR4 2400MHz 4GB\/8GB LONG-DIMM | DATOTEK"},"content":{"rendered":"<div id=\"product-description-short-410\" class=\"product-description-short\">\n<p>Barrette M\u00e9moire DATO TEK\u00a0 Pour PC Portable &#8211; Capacit\u00e9 de M\u00e9moire: 4Go &#8211; Type de m\u00e9moire: DDR4 &#8211; Fr\u00e9quence M\u00e9moire: 2400 MHz &#8211; Facteur de forme: SO-DIMM 260 broches<\/p>\n<\/div>\n<div class=\"product-actions\">\n<form id=\"add-to-cart-or-refresh\" action=\"https:\/\/www.microtn.com\/panier\" method=\"post\">\n<div class=\"product-variants\"><\/div>\n<section class=\"product-discounts\"><\/section>\n<div class=\"product-add-to-cart\">\n<div class=\"product-quantity clearfix\">\n<div class=\"qty\">\n<div class=\"input-group bootstrap-touchspin\"><\/div>\n<\/div>\n<\/div>\n<\/div>\n<\/form>\n<\/div>\n<div style=\"display:flex; gap:10px;justify-content:center\" class=\"wps-pgfw-pdf-generate-icon__wrapper-frontend\">\n\t\t<a  href=\"https:\/\/ikasougou.com\/cicg\/wp-json\/wp\/v2\/product\/4559?action=genpdf&amp;id=4559\" class=\"pgfw-single-pdf-download-button\" ><img src=\"https:\/\/ikasougou.com\/cicg\/wp-content\/plugins\/pdf-generator-for-wp\/admin\/src\/images\/PDF_Tray.svg\" title=\"G\u00e9n\u00e9rer un PDF\" style=\"width:auto; height:45px;\"><\/a>\n\t\t<\/div>","protected":false},"excerpt":{"rendered":"<div id=\"product-description-short-410\" class=\"product-description-short\">\n<p>Barrette M\u00e9moire DATO TEK\u00a0 Pour PC Portable &#8211; Capacit\u00e9 de M\u00e9moire: 4Go &#8211; Type de m\u00e9moire: DDR4 &#8211; Fr\u00e9quence M\u00e9moire: 2400 MHz &#8211; Facteur de forme: SO-DIMM 260 broches.<\/p>\n<\/div>\n","protected":false},"featured_media":4560,"comment_status":"open","ping_status":"closed","template":"","meta":{"jetpack_post_was_ever_published":false,"jetpack_publicize_message":"","jetpack_publicize_feature_enabled":true,"jetpack_social_post_already_shared":true,"jetpack_social_options":{"image_generator_settings":{"template":"highway","default_image_id":0,"font":"","enabled":false},"version":2}},"product_brand":[],"product_cat":[16,17],"product_tag":[40,41],"class_list":{"0":"post-4559","1":"product","2":"type-product","3":"status-publish","4":"has-post-thumbnail","6":"product_cat-high-tech","7":"product_cat-ordinateur-bureautique","8":"product_tag-ddr4","9":"product_tag-long-dimm","11":"first","12":"instock","13":"shipping-taxable","14":"purchasable","15":"product-type-variable"},"ams_default_variation_id":0,"ams_product_points_reward":[],"ams_product_discount_percentage":0,"ams_price_to_display":16000,"aioseo_notices":[],"ams_acf":[],"jetpack_publicize_connections":[],"jetpack_sharing_enabled":true,"jetpack_likes_enabled":true,"_links":{"self":[{"href":"https:\/\/ikasougou.com\/cicg\/wp-json\/wp\/v2\/product\/4559","targetHints":{"allow":["GET"]}}],"collection":[{"href":"https:\/\/ikasougou.com\/cicg\/wp-json\/wp\/v2\/product"}],"about":[{"href":"https:\/\/ikasougou.com\/cicg\/wp-json\/wp\/v2\/types\/product"}],"replies":[{"embeddable":true,"href":"https:\/\/ikasougou.com\/cicg\/wp-json\/wp\/v2\/comments?post=4559"}],"wp:featuredmedia":[{"embeddable":true,"href":"https:\/\/ikasougou.com\/cicg\/wp-json\/wp\/v2\/media\/4560"}],"wp:attachment":[{"href":"https:\/\/ikasougou.com\/cicg\/wp-json\/wp\/v2\/media?parent=4559"}],"wp:term":[{"taxonomy":"product_brand","embeddable":true,"href":"https:\/\/ikasougou.com\/cicg\/wp-json\/wp\/v2\/product_brand?post=4559"},{"taxonomy":"product_cat","embeddable":true,"href":"https:\/\/ikasougou.com\/cicg\/wp-json\/wp\/v2\/product_cat?post=4559"},{"taxonomy":"product_tag","embeddable":true,"href":"https:\/\/ikasougou.com\/cicg\/wp-json\/wp\/v2\/product_tag?post=4559"}],"curies":[{"name":"wp","href":"https:\/\/api.w.org\/{rel}","templated":true}]}}