{"id":4563,"date":"2021-07-13T14:47:46","date_gmt":"2021-07-13T12:47:46","guid":{"rendered":"https:\/\/ikasougou.com\/cicg\/?post_type=product&#038;p=4563"},"modified":"2021-07-13T14:47:46","modified_gmt":"2021-07-13T12:47:46","slug":"hp-63-cartouche-dencre-noire-et-couleur-dorigine","status":"publish","type":"product","link":"https:\/\/ikasougou.com\/cicg\/produit\/hp-63-cartouche-dencre-noire-et-couleur-dorigine\/","title":{"rendered":"HP 63 Cartouche d\u2019encre Noire et Couleur d\u2019origine"},"content":{"rendered":"<div class=\"gr__col gr__col--md-12\">\n<div class=\"prod-overview__desc\">\n<div class=\"prod-overview__desc\">\n<ul>\n<li>Rendement approximatif par cartouche\u00a0: 190 pages<\/li>\n<li>Compatibilit\u00e9 : HP DeskJet 1112, 2130, 2132, 3630, 3631, 3632, 3633, 3634, 3636, 3637, HP ENVY 4511, 4512, 4516, 4520, 4521, 4522, 4524, HP OfficeJet 3830, 3831, 3832, 3833, 4650, 4652, 4654, 4655<\/li>\n<li>Noir<\/li>\n<\/ul>\n<\/div>\n<\/div>\n<\/div>\n<div class=\"gr__col gr__col--md-12\">\n<div class=\"prod-overview__feat-list\">\n<ul class=\"prod-feat-list\">\n<li class=\"prod-feat-list__i\">Environ 190 pages<\/li>\n<\/ul>\n<div class=\"container\">\n<div class=\"prod-details-header\">\n<h2 class=\"prod-details-header__title\" style=\"text-align: center;\">Caract\u00e9ristiques<\/h2>\n<\/div>\n<\/div>\n<div class=\"container\">\n<div class=\"gr\">\n<div class=\"gr__col gr__col--md-24\">\n<div class=\"js-specs specs\">\n<div class=\"specs__table\">\n<table class=\"specs-table\">\n<tbody>\n<tr>\n<th class=\"specs-table__group-title\" colspan=\"2\" scope=\"col\">CARACT\u00c9RISTIQUES DE L&#8217;IMPRIMANTE<\/th>\n<\/tr>\n<tr>\n<th class=\"specs-table__key specs-table__key--last-in-group\" scope=\"row\">Technologie d&#8217;impression<\/th>\n<td class=\"specs-table__value specs-table__value--last-in-group\">Impression jet d&#8217;encre thermique HP<\/td>\n<\/tr>\n<tr>\n<th class=\"specs-table__group-title\" colspan=\"2\" scope=\"col\">R\u00c9SOLUTION D&#8217;IMPRESSION<\/th>\n<\/tr>\n<tr>\n<th class=\"specs-table__key specs-table__key--last-in-group\" scope=\"row\">Technologies de r\u00e9solution d&#8217;impression<\/th>\n<td class=\"specs-table__value specs-table__value--last-in-group\">TIJ 2.X Gen III<\/td>\n<\/tr>\n<tr>\n<th class=\"specs-table__group-title\" colspan=\"2\" scope=\"col\">CONTENU DE L&#8217;EMBALLAGE<\/th>\n<\/tr>\n<tr>\n<th class=\"specs-table__key specs-table__key--last-in-group\" scope=\"row\">Contenu de l&#8217;emballage<\/th>\n<td class=\"specs-table__value specs-table__value--last-in-group\">Cartouche d&#8217;encre<\/td>\n<\/tr>\n<tr>\n<th class=\"specs-table__group-title\" colspan=\"2\" scope=\"col\">CARTOUCHES ET T\u00caTES D&#8217;IMPRESSION<\/th>\n<\/tr>\n<tr>\n<th class=\"specs-table__key\">Goutte d&#8217;encre<\/th>\n<td class=\"specs-table__value\">22 pl<\/td>\n<\/tr>\n<tr>\n<th class=\"specs-table__key\">Types d&#8217;encre<\/th>\n<td class=\"specs-table__value\">Pigment\u00e9<\/td>\n<\/tr>\n<tr>\n<th class=\"specs-table__key\">Nombre total de pages (noir et blanc)<\/th>\n<td class=\"specs-table__value\">Environ 190 pages<\/td>\n<\/tr>\n<tr>\n<th class=\"specs-table__key\">Couleur(s) des consommables d\u2019impression<\/th>\n<td class=\"specs-table__value\">Noir<\/td>\n<\/tr>\n<tr>\n<th class=\"specs-table__key\">Volume fourni par les cartouches d&#8217;impression<\/th>\n<td class=\"specs-table__value\">3,5 ml<\/td>\n<\/tr>\n<tr>\n<th class=\"specs-table__key\">Buses des t\u00eates d&#8217;impression<\/th>\n<td class=\"specs-table__value\">328<\/td>\n<\/tr>\n<tr>\n<th class=\"specs-table__key\">Taille de la t\u00eate d&#8217;impression (pouces)<\/th>\n<td class=\"specs-table__value\">0,56 po<\/td>\n<\/tr>\n<tr>\n<th class=\"specs-table__key\">Possibilit\u00e9 de s\u00e9lection<\/th>\n<td class=\"specs-table__value\">63<\/td>\n<\/tr>\n<tr>\n<th class=\"specs-table__key specs-table__key--last-in-group\" scope=\"row\">Note pour le rendement en nombre de pages<\/th>\n<td class=\"specs-table__value specs-table__value--last-in-group\">Moyenne approximative bas\u00e9e sur la norme ISO\/CEI 24711 ou sur la m\u00e9thodologie de test HP et une impression continue. Le rendement r\u00e9el varie consid\u00e9rablement en fonction du contenu des pages imprim\u00e9es et d\u2019autres facteurs. Pour plus d\u2019informations, consultez\u00a0<a href=\"http:\/\/www.hp.com\/go\/learnaboutsupplies\" target=\"_blank\" rel=\"noopener\">http:\/\/www.hp.com\/go\/learnaboutsupplies<\/a>.<\/td>\n<\/tr>\n<\/tbody>\n<\/table>\n<\/div>\n<\/div>\n<\/div>\n<\/div>\n<\/div>\n<\/div>\n<\/div>\n<div style=\"display:flex; gap:10px;justify-content:center\" class=\"wps-pgfw-pdf-generate-icon__wrapper-frontend\">\n\t\t<a  href=\"https:\/\/ikasougou.com\/cicg\/wp-json\/wp\/v2\/product\/4563?action=genpdf&amp;id=4563\" class=\"pgfw-single-pdf-download-button\" ><img src=\"https:\/\/ikasougou.com\/cicg\/wp-content\/plugins\/pdf-generator-for-wp\/admin\/src\/images\/PDF_Tray.svg\" title=\"G\u00e9n\u00e9rer un PDF\" style=\"width:auto; height:45px;\"><\/a>\n\t\t<\/div>","protected":false},"excerpt":{"rendered":"<ul>\n<li>Rendement approximatif par cartouche\u00a0: 190 pages<\/li>\n<\/ul>\n","protected":false},"featured_media":4567,"comment_status":"open","ping_status":"closed","template":"","meta":{"jetpack_post_was_ever_published":false,"jetpack_publicize_message":"","jetpack_publicize_feature_enabled":true,"jetpack_social_post_already_shared":true,"jetpack_social_options":{"image_generator_settings":{"template":"highway","default_image_id":0,"font":"","enabled":false},"version":2}},"product_brand":[],"product_cat":[42,16,17],"product_tag":[46,43,44,45],"class_list":{"0":"post-4563","1":"product","2":"type-product","3":"status-publish","4":"has-post-thumbnail","6":"product_cat-encre","7":"product_cat-high-tech","8":"product_cat-ordinateur-bureautique","9":"product_tag-couleur","10":"product_tag-hp","11":"product_tag-hp-63","12":"product_tag-noire","14":"first","15":"instock","16":"shipping-taxable","17":"purchasable","18":"product-type-variable"},"ams_default_variation_id":0,"ams_product_points_reward":[],"ams_product_discount_percentage":0,"ams_price_to_display":14000,"aioseo_notices":[],"ams_acf":[],"jetpack_publicize_connections":[],"jetpack_sharing_enabled":true,"jetpack_likes_enabled":true,"_links":{"self":[{"href":"https:\/\/ikasougou.com\/cicg\/wp-json\/wp\/v2\/product\/4563","targetHints":{"allow":["GET"]}}],"collection":[{"href":"https:\/\/ikasougou.com\/cicg\/wp-json\/wp\/v2\/product"}],"about":[{"href":"https:\/\/ikasougou.com\/cicg\/wp-json\/wp\/v2\/types\/product"}],"replies":[{"embeddable":true,"href":"https:\/\/ikasougou.com\/cicg\/wp-json\/wp\/v2\/comments?post=4563"}],"wp:featuredmedia":[{"embeddable":true,"href":"https:\/\/ikasougou.com\/cicg\/wp-json\/wp\/v2\/media\/4567"}],"wp:attachment":[{"href":"https:\/\/ikasougou.com\/cicg\/wp-json\/wp\/v2\/media?parent=4563"}],"wp:term":[{"taxonomy":"product_brand","embeddable":true,"href":"https:\/\/ikasougou.com\/cicg\/wp-json\/wp\/v2\/product_brand?post=4563"},{"taxonomy":"product_cat","embeddable":true,"href":"https:\/\/ikasougou.com\/cicg\/wp-json\/wp\/v2\/product_cat?post=4563"},{"taxonomy":"product_tag","embeddable":true,"href":"https:\/\/ikasougou.com\/cicg\/wp-json\/wp\/v2\/product_tag?post=4563"}],"curies":[{"name":"wp","href":"https:\/\/api.w.org\/{rel}","templated":true}]}}