{"id":4571,"date":"2021-07-13T17:15:52","date_gmt":"2021-07-13T15:15:52","guid":{"rendered":"https:\/\/ikasougou.com\/cicg\/?post_type=product&#038;p=4571"},"modified":"2021-07-13T17:15:52","modified_gmt":"2021-07-13T15:15:52","slug":"cartouches-dencre-hp-953","status":"publish","type":"product","link":"https:\/\/ikasougou.com\/cicg\/produit\/cartouches-dencre-hp-953\/","title":{"rendered":"Cartouches d\u2019encre HP 953"},"content":{"rendered":"<ul class=\"a-unordered-list a-vertical a-spacing-mini\">\n<li><span class=\"a-list-item\">Imprimantes compatibles : HP OfficeJet Pro 7720 \/ 7730 \/ 7740 \/ 8210 \/ 8218 \/ 8710 \/ 8715 \/ 8718 \/ 8719 \/ 8720 \/ 8725 \/ 8728 \/ 8730 \/ 8740<\/span><\/li>\n<li><span class=\"a-list-item\">Rendement : 1 000 pages en Noir, 700 pages par cartouche Cyan\/Magenta\/Jaune (norme ISO\/CEI 24711)<\/span><\/li>\n<li><span class=\"a-list-item\">Cartouches d&#8217;Encre HP Authentiques : la qualit\u00e9 professionnelle, de la premi\u00e8re \u00e0 la derni\u00e8re page<\/span><\/li>\n<li><span class=\"a-list-item\">Mod\u00e8le : 6ZC69AE<\/span><\/li>\n<li><span class=\"a-list-item\">Couleurs : 1 x Noir, 1 x Cyan, 1 x Magenta et 1 x Jaune<\/span><\/li>\n<li><span class=\"a-list-item\">Prot\u00e9gez la plan\u00e8te : Les cartouches d&#8217;encre HP authentiques sont fabriqu\u00e9es \u00e0 partir de mat\u00e9riaux recycl\u00e9s. Recyclez vos cartouches gratuitement avec le programme HP Planet Partners.<\/span><\/li>\n<\/ul>\n<p><strong>Faites durer vos documents dans une condition parfaite.<\/strong><\/p>\n<p>Votre entreprise m\u00e9rite une qualit\u00e9 d\u2019impression sup\u00e9rieure. La cartouche HP 953 est con\u00e7ue pour d\u00e9livrer des noirs profonds et des couleurs \u00e9clatantes, de la premi\u00e8re \u00e0 la derni\u00e8re goute d\u2019encre. Pour encore plus d\u2019\u00e9conomies, achetez les cartouches HP 953XL grandes capacit\u00e9s.<\/p>\n<p>Pour avoir l\u2019assurance d\u2019une qualit\u00e9 absolue, utilisez les papiers HP.<\/p>\n<p><strong>L\u2019union fait la force, pour la sant\u00e9 de votre imprimante.<\/strong><\/p>\n<p>L\u2019encre HP 953 Authentique n\u2019endommagera jamais votre imprimante HP OfficeJet Pro, vous \u00e9vitant de perdre un temps pr\u00e9cieux en r\u00e9paration.<\/p>\n<p><strong>Faites le choix de l\u2019environnement.<\/strong><\/p>\n<p>Le recyclage des cartouches HP est aussi facile \u00e0 r\u00e9aliser qu\u2019une impression. Retournez vos cartouches d\u2019encre HP 953 vides gratuitement pour qu\u2019elles soient recycl\u00e9es et produisent de nouvelles cartouches. Pour recevoir votre enveloppe de retour, visitez le site HP Planet Partners.<\/p>\n<p><strong>Air int\u00e9rieur prot\u00e9g\u00e9.<\/strong><\/p>\n<p>Les encres con\u00e7ues par HP sont \u00e0 base d&#8217;eau pour une impression sans odeur et \u00e0 faible \u00e9mission, pour une meilleure qualit\u00e9 de l&#8217;air int\u00e9rieur (norme Blue Angel DE-UZ 205 sec. 3.3).<\/p>\n<p><strong>Faites le choix de la simplicit\u00e9 avec Instant Ink : vos cartouches HP authentiques livr\u00e9es chez vous avant de tomber \u00e0 court d\u2019encre.<\/strong><\/p>\n<p>Economisez sur l\u2019encre gr\u00e2ce au forfait d\u2019impression Instant Ink.\u00a0<strong>Modulable et sans engagement, profitez de la livraison \u00e0 domicile avant de tomber en rupture d\u00e8s 0,99\u20ac par mois.<\/strong>\u00a0Plus besoin de vous soucier des niveaux d\u2019encre. Votre imprimante se charge de commander vos cartouches HP au fur et \u00e0 mesure de vos besoins. Pour en savoir plus, visitez le site HP Instant Ink.<\/p>\n<p>&nbsp;<\/p>\n<div style=\"display:flex; gap:10px;justify-content:center\" class=\"wps-pgfw-pdf-generate-icon__wrapper-frontend\">\n\t\t<a  href=\"https:\/\/ikasougou.com\/cicg\/wp-json\/wp\/v2\/product\/4571?action=genpdf&amp;id=4571\" class=\"pgfw-single-pdf-download-button\" ><img src=\"https:\/\/ikasougou.com\/cicg\/wp-content\/plugins\/pdf-generator-for-wp\/admin\/src\/images\/PDF_Tray.svg\" title=\"G\u00e9n\u00e9rer un PDF\" style=\"width:auto; height:45px;\"><\/a>\n\t\t<\/div>","protected":false},"excerpt":{"rendered":"<p>Votre imprimante HP a \u00e9t\u00e9 con\u00e7ue pour fonctionner de fa\u00e7on optimale uniquement avec les cartouches d\u2019encre HP authentiques HP 953.<\/p>\n<ul class=\"a-unordered-list a-vertical a-spacing-mini\">\n<li><span class=\"a-list-item\">Imprimantes compatibles : HP OfficeJet Pro 7720 \/ 7730 \/ 7740 \/ 8210 \/ 8218 \/ 8710 \/ 8715 \/ 8718 \/ 8719 \/ 8720 \/ 8725 \/ 8728 \/ 8730 \/ 8740<\/span><\/li>\n<li><span class=\"a-list-item\">Rendement : 1 000 pages en Noir, 700 pages par cartouche Cyan\/Magenta\/Jaune (norme ISO\/CEI 24711)<\/span><\/li>\n<\/ul>\n","protected":false},"featured_media":4576,"comment_status":"open","ping_status":"closed","template":"","meta":{"jetpack_post_was_ever_published":false,"jetpack_publicize_message":"","jetpack_publicize_feature_enabled":true,"jetpack_social_post_already_shared":true,"jetpack_social_options":{"image_generator_settings":{"template":"highway","default_image_id":0,"font":"","enabled":false},"version":2}},"product_brand":[],"product_cat":[42,16,17],"product_tag":[47,43,48],"class_list":{"0":"post-4571","1":"product","2":"type-product","3":"status-publish","4":"has-post-thumbnail","6":"product_cat-encre","7":"product_cat-high-tech","8":"product_cat-ordinateur-bureautique","9":"product_tag-cartouches-dencre","10":"product_tag-hp","11":"product_tag-hp-953","13":"first","14":"instock","15":"shipping-taxable","16":"purchasable","17":"product-type-variable"},"ams_default_variation_id":0,"ams_product_points_reward":[],"ams_product_discount_percentage":0,"ams_price_to_display":16000,"aioseo_notices":[],"ams_acf":[],"jetpack_publicize_connections":[],"jetpack_sharing_enabled":true,"jetpack_likes_enabled":true,"_links":{"self":[{"href":"https:\/\/ikasougou.com\/cicg\/wp-json\/wp\/v2\/product\/4571","targetHints":{"allow":["GET"]}}],"collection":[{"href":"https:\/\/ikasougou.com\/cicg\/wp-json\/wp\/v2\/product"}],"about":[{"href":"https:\/\/ikasougou.com\/cicg\/wp-json\/wp\/v2\/types\/product"}],"replies":[{"embeddable":true,"href":"https:\/\/ikasougou.com\/cicg\/wp-json\/wp\/v2\/comments?post=4571"}],"wp:featuredmedia":[{"embeddable":true,"href":"https:\/\/ikasougou.com\/cicg\/wp-json\/wp\/v2\/media\/4576"}],"wp:attachment":[{"href":"https:\/\/ikasougou.com\/cicg\/wp-json\/wp\/v2\/media?parent=4571"}],"wp:term":[{"taxonomy":"product_brand","embeddable":true,"href":"https:\/\/ikasougou.com\/cicg\/wp-json\/wp\/v2\/product_brand?post=4571"},{"taxonomy":"product_cat","embeddable":true,"href":"https:\/\/ikasougou.com\/cicg\/wp-json\/wp\/v2\/product_cat?post=4571"},{"taxonomy":"product_tag","embeddable":true,"href":"https:\/\/ikasougou.com\/cicg\/wp-json\/wp\/v2\/product_tag?post=4571"}],"curies":[{"name":"wp","href":"https:\/\/api.w.org\/{rel}","templated":true}]}}