{"id":4616,"date":"2021-09-01T17:12:11","date_gmt":"2021-09-01T15:12:11","guid":{"rendered":"https:\/\/ikasougou.com\/cicg\/sample-product\/logitech-mk220-combo-clavier-et-souris-sans-fil\/"},"modified":"2021-09-01T17:12:11","modified_gmt":"2021-09-01T15:12:11","slug":"logitech-mk220-combo-clavier-et-souris-sans-fil","status":"publish","type":"product","link":"https:\/\/ikasougou.com\/cicg\/produit\/logitech-mk220-combo-clavier-et-souris-sans-fil\/","title":{"rendered":"Logitech MK220 Combo Clavier et Souris sans Fil"},"content":{"rendered":"<div id=\"twister_feature_div\" class=\"celwidget\" data-feature-name=\"twister\" data-csa-c-id=\"vqa3vq-an4g04-vtvt0y-il2qzv\" data-cel-widget=\"twister_feature_div\">\n<div id=\"twisterContainer\" class=\"addTwisterMargin\">\n<div class=\"a-section\">\n<form id=\"twister\" class=\"a-spacing-small\" action=\"https:\/\/www.amazon.fr\/gp\/product\" method=\"get\">\n<div id=\"variation_style_name\" class=\"a-section a-spacing-small\">\n<div class=\"a-row a-spacing-micro singleton\"><label class=\"a-form-label\">Style :\u00a0<\/label><span class=\"selection\">Unique<\/span><\/div>\n<\/div>\n<\/form>\n<\/div>\n<\/div>\n<\/div>\n<div id=\"featurebullets_feature_div\" class=\"celwidget\" data-feature-name=\"featurebullets\" data-csa-c-id=\"8h9vkg-sfidwm-xnmtj6-i9r6wt\" data-cel-widget=\"featurebullets_feature_div\">\n<div id=\"feature-bullets\" class=\"a-section a-spacing-medium a-spacing-top-small\">\n<ul class=\"a-unordered-list a-vertical a-spacing-mini\">\n<li><span class=\"a-list-item\">Clavier Compact : Gagnez de la place sans perdre aucune fonctionnalit\u00e9 avec le clavier de Logitech MK220 36% plus petit que les claviers standards<\/span><\/li>\n<li><span class=\"a-list-item\">Ensemble sans Fil : Profitez d\u2019une souris et clavier sans fil avec une port\u00e9e de 10 m tout en conservant la protection de vos donn\u00e9es par cryptage<\/span><\/li>\n<li><span class=\"a-list-item\">Piles Longue Dur\u00e9e : Regardez des vid\u00e9os, surfer sur Internet et \u00e9couter de la musique pendant des mois sans changer les piles du clavier + souris<\/span><\/li>\n<li><span class=\"a-list-item\">Mini R\u00e9cepteur USB Unifying: Branchez le r\u00e9cepteur sans fil sur le port USB de votre ordinateur et commencez \u00e0 utiliser la souris et le clavier Logitech et tous vos accessoires Logitech compatibles<\/span><\/li>\n<li><span class=\"a-list-item\">Configuration Requise : La souris et le clavier requi\u00e8rent Windows Vista, Windows XP, Windows 7, Windows 8, Windows 10 et port USB<\/span><\/li>\n<\/ul>\n<\/div>\n<\/div>\n<div style=\"display:flex; gap:10px;justify-content:center\" class=\"wps-pgfw-pdf-generate-icon__wrapper-frontend\">\n\t\t<a  href=\"https:\/\/ikasougou.com\/cicg\/wp-json\/wp\/v2\/product\/4616?action=genpdf&amp;id=4616\" class=\"pgfw-single-pdf-download-button\" ><img src=\"https:\/\/ikasougou.com\/cicg\/wp-content\/plugins\/pdf-generator-for-wp\/admin\/src\/images\/PDF_Tray.svg\" title=\"G\u00e9n\u00e9rer un PDF\" style=\"width:auto; height:45px;\"><\/a>\n\t\t<\/div>","protected":false},"excerpt":{"rendered":"<ul>\n<li>Clavier Compact,<\/li>\n<li>Ensemble sans Fil,<\/li>\n<li>Piles Longue Dur\u00e9e,<\/li>\n<li>Mini R\u00e9cepteur USB Unifying,<\/li>\n<li>La souris et le clavier requi\u00e8rent Windows<\/li>\n<\/ul>\n","protected":false},"featured_media":4617,"comment_status":"open","ping_status":"closed","template":"","meta":{"jetpack_post_was_ever_published":false,"jetpack_publicize_message":"","jetpack_publicize_feature_enabled":true,"jetpack_social_post_already_shared":true,"jetpack_social_options":{"image_generator_settings":{"template":"highway","default_image_id":0,"font":"","enabled":false},"version":2}},"product_brand":[],"product_cat":[16,17],"product_tag":[67,29,56,68],"class_list":{"0":"post-4616","1":"product","2":"type-product","3":"status-publish","4":"has-post-thumbnail","6":"product_cat-high-tech","7":"product_cat-ordinateur-bureautique","8":"product_tag-clavier","9":"product_tag-logitech","10":"product_tag-souris","11":"product_tag-windows","13":"first","14":"instock","15":"shipping-taxable","16":"purchasable","17":"product-type-simple"},"ams_default_variation_id":0,"ams_product_points_reward":[],"ams_product_discount_percentage":0,"ams_price_to_display":22500,"aioseo_notices":[],"ams_acf":[],"jetpack_publicize_connections":[],"jetpack_sharing_enabled":true,"jetpack_likes_enabled":true,"_links":{"self":[{"href":"https:\/\/ikasougou.com\/cicg\/wp-json\/wp\/v2\/product\/4616","targetHints":{"allow":["GET"]}}],"collection":[{"href":"https:\/\/ikasougou.com\/cicg\/wp-json\/wp\/v2\/product"}],"about":[{"href":"https:\/\/ikasougou.com\/cicg\/wp-json\/wp\/v2\/types\/product"}],"replies":[{"embeddable":true,"href":"https:\/\/ikasougou.com\/cicg\/wp-json\/wp\/v2\/comments?post=4616"}],"wp:featuredmedia":[{"embeddable":true,"href":"https:\/\/ikasougou.com\/cicg\/wp-json\/wp\/v2\/media\/4617"}],"wp:attachment":[{"href":"https:\/\/ikasougou.com\/cicg\/wp-json\/wp\/v2\/media?parent=4616"}],"wp:term":[{"taxonomy":"product_brand","embeddable":true,"href":"https:\/\/ikasougou.com\/cicg\/wp-json\/wp\/v2\/product_brand?post=4616"},{"taxonomy":"product_cat","embeddable":true,"href":"https:\/\/ikasougou.com\/cicg\/wp-json\/wp\/v2\/product_cat?post=4616"},{"taxonomy":"product_tag","embeddable":true,"href":"https:\/\/ikasougou.com\/cicg\/wp-json\/wp\/v2\/product_tag?post=4616"}],"curies":[{"name":"wp","href":"https:\/\/api.w.org\/{rel}","templated":true}]}}