{"id":4715,"date":"2022-07-19T19:18:16","date_gmt":"2022-07-19T17:18:16","guid":{"rendered":"https:\/\/ikasougou.com\/cicg\/?post_type=product&#038;p=4715"},"modified":"2022-07-19T19:18:16","modified_gmt":"2022-07-19T17:18:16","slug":"routeur-sans-fil-n300-linksys-modele-e900","status":"publish","type":"product","link":"https:\/\/ikasougou.com\/cicg\/produit\/routeur-sans-fil-n300-linksys-modele-e900\/","title":{"rendered":"Routeur sans fil N300 Linksys mod\u00e8le E900"},"content":{"rendered":"<div id=\"product-specs\" class=\"collapse-me side-nav-section\">\n<div class=\"container\">\n<h2 class=\"hidden-xs\">Sp\u00e9cifications techniques<\/h2>\n<\/div>\n<div class=\"wrapper-infinite\">\n<div class=\"container\">\n<div class=\"row\">\n<div class=\"col-sm-6\">\n<ul class=\"specs-list-model\">\n<li><strong>Nom du mod\u00e8le:<\/strong><br \/>\nLinksys E900<\/li>\n<li><strong>Normes r\u00e9seau:<\/strong>\n<ul>\n<li>IEEE 802.11b<\/li>\n<li>IEEE 802.11a<\/li>\n<li>IEEE 802.11g<\/li>\n<li>IEEE 802.11n<\/li>\n<li>IEEE 802.3<\/li>\n<li>IEEE 802.3u<\/li>\n<\/ul>\n<\/li>\n<li><strong>Bandes de radiofr\u00e9quences:<\/strong><br \/>\n2,4\u00a0GHz<\/li>\n<li><strong>Ports:<\/strong><br \/>\n1x 10\/100 WAN, 4x 10\/100 LAN<\/li>\n<li><strong>Voyants DEL:<\/strong><br \/>\nAlimentation, WLAN, Ethernet 1-4, Internet<\/li>\n<li><strong>Boutons:<\/strong><br \/>\n1x Bouton Reset (R\u00e9initialisation)<\/li>\n<li><strong>Temp\u00e9rature de fonctionnement:<\/strong><br \/>\n0 \u00e0 40\u00a0\u00b0C (32 \u00e0 104\u00a0\u00b0F)<\/li>\n<\/ul>\n<\/div>\n<div class=\"col-sm-6\">\n<ul class=\"specs-list-model\">\n<li><strong>Temp\u00e9rature de stockage:<\/strong><br \/>\n-4 \u00e0 158\u00b0F (-20 \u00e0 70\u00b0C)<\/li>\n<li><strong>Humidit\u00e9 (marche):<\/strong><br \/>\n10 \u00e0 80\u00a0% sans condensation<\/li>\n<li><strong>D\u00e9bit de liaison max.:<\/strong><br \/>\n300\u00a0Mbit\/s<\/li>\n<li><strong>Compatibilit\u00e9 de la plate-forme:<\/strong>\n<ul>\n<li>Windows\u00a0XP<\/li>\n<li>Windows Vista 32\/64<\/li>\n<li>Windows 7 32\/64<\/li>\n<li>Windows 8 32\/64<\/li>\n<li>Windows 8.1 32\/64<\/li>\n<li>Mac OS X 10.5.8 Leopard<\/li>\n<li>Mac OS X 10.6.1 Snow Leopard<\/li>\n<li>Mac OS X 10.7 Lion<\/li>\n<li>Mac OS X 10.8 Mountain Lion<\/li>\n<li>Mac OS X 10.9 Mavericks<\/li>\n<\/ul>\n<\/li>\n<\/ul>\n<\/div>\n<\/div>\n<\/div>\n<\/div>\n<\/div>\n<div id=\"product-support\" class=\"wrapper-infinite light-section collapse-me side-nav-section\">\n<div class=\"container\">\n<div class=\"row\">\n<div class=\"col-md-6\">\n<h2 class=\"hidden-xs\">Soutien<\/h2>\n<h3>Solutions rapides<\/h3>\n<ul class=\"support-list\">\n<li><a class=\"article-icon-sm article-document\" title=\"Comment installer Linksys Connect apr\u00e8s avoir configur\u00e9 le routeur manuellement\" href=\"https:\/\/www.linksys.com\/ca\/fr\/support-article?articleNum=143248\">Comment installer Linksys Connect apr\u00e8s avoir configur\u00e9 le routeur manuellement<\/a><\/li>\n<li><a class=\"article-icon-sm article-document\" title=\"D\u00e9sactivation du pare-feu int\u00e9gr\u00e9 \u00e0 l\u2019ordinateur Windows XP\" href=\"https:\/\/www.linksys.com\/ca\/fr\/support-article?articleNum=136454\">D\u00e9sactivation du pare-feu int\u00e9gr\u00e9 \u00e0 l\u2019ordinateur Windows XP<\/a><\/li>\n<li><a class=\"article-icon-sm article-document\" title=\"Configuration de l'amplificateur de signal Linksys avec une passerelle \u00e0 l'aide de Site Survey\" href=\"https:\/\/www.linksys.com\/ca\/fr\/support-article?articleNum=138637\">Configuration de l&#8217;amplificateur de signal Linksys avec une passerelle \u00e0 l&#8217;aide de Site Survey<\/a><\/li>\n<li><a class=\"article-icon-sm article-document\" title=\"V\u00e9rification des param\u00e8tres sans fil du Routeur Linksys Wi-Fi \u00e0 l'aide d'une tablette Android\u2122\" href=\"https:\/\/www.linksys.com\/ca\/fr\/support-article?articleNum=143678\">V\u00e9rification des param\u00e8tres sans fil du Routeur Linksys Wi-Fi \u00e0 l&#8217;aide d&#8217;une tablette Android\u2122<\/a><\/li>\n<li><a class=\"article-icon-sm article-document\" title=\"Connexion de vos ordinateurs dot\u00e9s du syst\u00e8me d'exploitation Windows\u00ae 8, 8.1 ou 10 au r\u00e9seau sans fil\" href=\"https:\/\/www.linksys.com\/ca\/fr\/support-article?articleNum=143744\">Connexion de vos ordinateurs dot\u00e9s du syst\u00e8me d&#8217;exploitation Windows\u00ae 8, 8.1 ou 10 au r\u00e9seau sans fil<\/a><\/li>\n<\/ul>\n<p>Vous avez besoin d&#8217;une aide suppl\u00e9mentaire? <a href=\"https:\/\/www.linksys.com\/ca\/fr\/support-product?rnId=01t80000003K7VbAAK\">Rendez-vous sur la page de soutien.<\/a><\/p>\n<\/div>\n<div id=\"support_hero_div_hidden\" class=\"col-md-6 hidden-xs\"><img decoding=\"async\" class=\"hang-right\" src=\"https:\/\/www.linksys.com\/resources\/img\/shared\/product_support_lifestyle.jpg\" alt=\"\" \/><\/div>\n<\/div>\n<\/div>\n<\/div>\n<div id=\"package-contents\" class=\"wrapper-infinite vivid-section collapse-me side-nav-section\">\n<div class=\"container\">\n<div class=\"row\">\n<div class=\"col-md-6 hidden-xs\"><img decoding=\"async\" class=\"img-responsive\" title=\"\" src=\"https:\/\/www.linksys.com\/resources\/img\/shared\/product_packaging.jpg\" alt=\"\" \/><\/div>\n<div class=\"col-md-6 package-contents-pod package-contents-list\">\n<h2 class=\"hidden-xs\">CONTENU DE L&#8217;EMBALLAGE<\/h2>\n<ul>\n<li>Routeur sans fil N300 Linksys, E900<\/li>\n<li>Guide de d\u00e9marrage rapide<\/li>\n<li>Logiciel d&#8217;installation et ressources sur CD-ROM<\/li>\n<li>C\u00e2ble Ethernet<\/li>\n<li>Bloc d&#8217;alimentation<\/li>\n<\/ul>\n<\/div>\n<\/div>\n<\/div>\n<\/div>\n<div id=\"product-reviews\" class=\"wrapper-infinite gradient-bg collapse-me side-nav-section\">\n<div class=\"container\">\n<div class=\"row\">\n<h2 class=\"hidden-xs\">\u00c9VALUATIONS<\/h2>\n<div class=\"row reviews-head\">\n<h4>0\u00a0\u00c9valuations clients<\/h4>\n<\/div>\n<\/div>\n<\/div>\n<\/div>\n<div id=\"product-reviews\" class=\"wrapper-infinite gradient-bg collapse-me side-nav-section\">\n<div class=\"container\">\n<div class=\"row\">\n<div id=\"reviews\" class=\"reviews\">\n<div id=\"read_reviews\" class=\"row reviews-list\"><\/div>\n<\/div>\n<\/div>\n<\/div>\n<div class=\"container-fluid wrapper-infinite light-section shadow-top-inset\">\n<div class=\"container\"><\/div>\n<\/div>\n<\/div>\n<div id=\"product-disclaimer\" class=\"wrapper-infinite light-section\">\n<div class=\"container\">\n<div class=\"row\">\n<div class=\"product-disclaimer\">*Performance maximale d\u00e9riv\u00e9e des sp\u00e9cifications de la norme IEEE 802.11. Les performances r\u00e9elles peuvent varier et pr\u00e9senter une capacit\u00e9 r\u00e9seau, un d\u00e9bit de donn\u00e9es, une port\u00e9e et une couverture moins \u00e9lev\u00e9s. La performance d\u00e9pend de nombreux facteurs, conditions et variables, dont l&#8217;\u00e9loignement du point d&#8217;acc\u00e8s, le volume du trafic r\u00e9seau, les mat\u00e9riaux et la construction de l&#8217;\u00e9difice, le syst\u00e8me d&#8217;exploitation utilis\u00e9, la combinaison des produits sans fil utilis\u00e9s, les interf\u00e9rences ainsi que d&#8217;autres conditions d\u00e9favorables.<\/div>\n<\/div>\n<\/div>\n<\/div>\n<div style=\"display:flex; gap:10px;justify-content:center\" class=\"wps-pgfw-pdf-generate-icon__wrapper-frontend\">\n\t\t<a  href=\"https:\/\/ikasougou.com\/cicg\/wp-json\/wp\/v2\/product\/4715?action=genpdf&amp;id=4715\" class=\"pgfw-single-pdf-download-button\" ><img src=\"https:\/\/ikasougou.com\/cicg\/wp-content\/plugins\/pdf-generator-for-wp\/admin\/src\/images\/PDF_Tray.svg\" title=\"G\u00e9n\u00e9rer un PDF\" style=\"width:auto; height:45px;\"><\/a>\n\t\t<\/div>","protected":false},"excerpt":{"rendered":"<p><span class=\"product-info-label\">En un coup d&#8217;\u0153il<\/span><\/p>\n<p>Des taux de transfert jusqu&#8217;\u00e0 N300 Mbit\/s* offrent une port\u00e9e et des vitesses indispensables. Installation facile en 3 \u00e9tapes<\/p>\n<ul>\n<li>Technologie sans fil N<\/li>\n<li>4\u00a0ports Ethernet rapide<\/li>\n<\/ul>\n","protected":false},"featured_media":4719,"comment_status":"open","ping_status":"closed","template":"","meta":{"jetpack_post_was_ever_published":false,"jetpack_publicize_message":"","jetpack_publicize_feature_enabled":true,"jetpack_social_post_already_shared":true,"jetpack_social_options":{"image_generator_settings":{"template":"highway","default_image_id":0,"font":"","enabled":false},"version":2}},"product_brand":[],"product_cat":[16],"product_tag":[],"class_list":{"0":"post-4715","1":"product","2":"type-product","3":"status-publish","4":"has-post-thumbnail","6":"product_cat-high-tech","8":"first","9":"instock","10":"shipping-taxable","11":"product-type-simple"},"ams_default_variation_id":0,"ams_product_points_reward":[],"ams_product_discount_percentage":0,"ams_price_to_display":0,"aioseo_notices":[],"ams_acf":[],"jetpack_publicize_connections":[],"jetpack_sharing_enabled":true,"jetpack_likes_enabled":true,"_links":{"self":[{"href":"https:\/\/ikasougou.com\/cicg\/wp-json\/wp\/v2\/product\/4715","targetHints":{"allow":["GET"]}}],"collection":[{"href":"https:\/\/ikasougou.com\/cicg\/wp-json\/wp\/v2\/product"}],"about":[{"href":"https:\/\/ikasougou.com\/cicg\/wp-json\/wp\/v2\/types\/product"}],"replies":[{"embeddable":true,"href":"https:\/\/ikasougou.com\/cicg\/wp-json\/wp\/v2\/comments?post=4715"}],"wp:featuredmedia":[{"embeddable":true,"href":"https:\/\/ikasougou.com\/cicg\/wp-json\/wp\/v2\/media\/4719"}],"wp:attachment":[{"href":"https:\/\/ikasougou.com\/cicg\/wp-json\/wp\/v2\/media?parent=4715"}],"wp:term":[{"taxonomy":"product_brand","embeddable":true,"href":"https:\/\/ikasougou.com\/cicg\/wp-json\/wp\/v2\/product_brand?post=4715"},{"taxonomy":"product_cat","embeddable":true,"href":"https:\/\/ikasougou.com\/cicg\/wp-json\/wp\/v2\/product_cat?post=4715"},{"taxonomy":"product_tag","embeddable":true,"href":"https:\/\/ikasougou.com\/cicg\/wp-json\/wp\/v2\/product_tag?post=4715"}],"curies":[{"name":"wp","href":"https:\/\/api.w.org\/{rel}","templated":true}]}}