{"id":3409,"date":"2020-09-04T23:15:05","date_gmt":"2020-09-04T21:15:05","guid":{"rendered":"https:\/\/ikasougou.com\/gopedesign\/?post_type=product&#038;p=3409"},"modified":"2020-09-04T23:15:05","modified_gmt":"2020-09-04T21:15:05","slug":"le-pagne-de-bogolan-orange","status":"publish","type":"product","link":"https:\/\/ikasougou.com\/gopedesign\/produit\/le-pagne-de-bogolan-orange\/","title":{"rendered":"Le Pagne de Bogolan Orange"},"content":{"rendered":"<h1>Sublimez avec ce pagne de bogolan lourd con\u00e7u traditionnellement \u00e0 la malienne .ce bogolan est lourd, de premi\u00e8re qualit\u00e9 il r\u00e9sistera aux lavages tout en gardant ses couleurs personnalis\u00e9 et authentiquement l\u2019africain.<\/h1>\n<p><img loading=\"lazy\" decoding=\"async\" class=\"alignnone size-medium wp-image-3410\" src=\"https:\/\/ikasougou.com\/gopedesign\/wp-content\/uploads\/sites\/47\/2020\/09\/Bogolan-lourd-10000-le-pagne-1-600x400.jpg\" alt=\"\" width=\"600\" height=\"400\" srcset=\"https:\/\/ikasougou.com\/gopedesign\/wp-content\/uploads\/sites\/47\/2020\/09\/Bogolan-lourd-10000-le-pagne-1-600x400.jpg 600w, https:\/\/ikasougou.com\/gopedesign\/wp-content\/uploads\/sites\/47\/2020\/09\/Bogolan-lourd-10000-le-pagne-1-768x512.jpg 768w, https:\/\/ikasougou.com\/gopedesign\/wp-content\/uploads\/sites\/47\/2020\/09\/Bogolan-lourd-10000-le-pagne-1-510x340.jpg 510w, https:\/\/ikasougou.com\/gopedesign\/wp-content\/uploads\/sites\/47\/2020\/09\/Bogolan-lourd-10000-le-pagne-1.jpg 1080w\" sizes=\"auto, (max-width: 600px) 100vw, 600px\" \/><\/p>\n<div style=\"display:flex; gap:10px;justify-content:center\" class=\"wps-pgfw-pdf-generate-icon__wrapper-frontend\">\n\t\t<a  href=\"https:\/\/ikasougou.com\/gopedesign\/wp-json\/wp\/v2\/product\/3409?action=genpdf&amp;id=3409\" class=\"pgfw-single-pdf-download-button\" ><img src=\"https:\/\/ikasougou.com\/gopedesign\/wp-content\/plugins\/pdf-generator-for-wp\/admin\/src\/images\/PDF_Tray.svg\" title=\"G\u00e9n\u00e9rer un PDF\" style=\"width:auto; height:45px;\"><\/a>\n\t\t<\/div>","protected":false},"excerpt":{"rendered":"<p>Sublimez avec ce pagne de bogolan lourd con\u00e7u traditionnellement \u00e0 la malienne .ce bogolan est lourd, de premi\u00e8re qualit\u00e9 il r\u00e9sistera aux lavages tout en gardant ses couleurs personnalis\u00e9 et authentiquement l\u2019africain.<\/p>\n","protected":false},"featured_media":3410,"comment_status":"open","ping_status":"closed","template":"","meta":{"jetpack_post_was_ever_published":false,"jetpack_publicize_message":"","jetpack_publicize_feature_enabled":true,"jetpack_social_post_already_shared":true,"jetpack_social_options":{"image_generator_settings":{"template":"highway","default_image_id":0,"font":"","enabled":false},"version":2}},"product_brand":[],"product_cat":[30,16],"product_tag":[],"class_list":{"0":"post-3409","1":"product","2":"type-product","3":"status-publish","4":"has-post-thumbnail","6":"product_cat-bogolan","7":"product_cat-textile-bijoux","9":"first","10":"instock","11":"shipping-taxable","12":"purchasable","13":"product-type-simple"},"ams_default_variation_id":0,"ams_product_points_reward":[],"ams_product_discount_percentage":0,"ams_price_to_display":10000,"aioseo_notices":[],"ams_acf":[],"jetpack_publicize_connections":[],"jetpack_sharing_enabled":true,"jetpack_likes_enabled":true,"_links":{"self":[{"href":"https:\/\/ikasougou.com\/gopedesign\/wp-json\/wp\/v2\/product\/3409","targetHints":{"allow":["GET"]}}],"collection":[{"href":"https:\/\/ikasougou.com\/gopedesign\/wp-json\/wp\/v2\/product"}],"about":[{"href":"https:\/\/ikasougou.com\/gopedesign\/wp-json\/wp\/v2\/types\/product"}],"replies":[{"embeddable":true,"href":"https:\/\/ikasougou.com\/gopedesign\/wp-json\/wp\/v2\/comments?post=3409"}],"wp:featuredmedia":[{"embeddable":true,"href":"https:\/\/ikasougou.com\/gopedesign\/wp-json\/wp\/v2\/media\/3410"}],"wp:attachment":[{"href":"https:\/\/ikasougou.com\/gopedesign\/wp-json\/wp\/v2\/media?parent=3409"}],"wp:term":[{"taxonomy":"product_brand","embeddable":true,"href":"https:\/\/ikasougou.com\/gopedesign\/wp-json\/wp\/v2\/product_brand?post=3409"},{"taxonomy":"product_cat","embeddable":true,"href":"https:\/\/ikasougou.com\/gopedesign\/wp-json\/wp\/v2\/product_cat?post=3409"},{"taxonomy":"product_tag","embeddable":true,"href":"https:\/\/ikasougou.com\/gopedesign\/wp-json\/wp\/v2\/product_tag?post=3409"}],"curies":[{"name":"wp","href":"https:\/\/api.w.org\/{rel}","templated":true}]}}