{"id":3427,"date":"2020-09-13T22:21:52","date_gmt":"2020-09-13T20:21:52","guid":{"rendered":"https:\/\/ikasougou.com\/gopedesign\/?post_type=product&#038;p=3427"},"modified":"2020-09-13T22:24:42","modified_gmt":"2020-09-13T20:24:42","slug":"une-bouteille-dencens-malien-gueni","status":"publish","type":"product","link":"https:\/\/ikasougou.com\/gopedesign\/produit\/une-bouteille-dencens-malien-gueni\/","title":{"rendered":"Une Bouteille d&#8217;Encens Malien (Gu\u00e9ni)"},"content":{"rendered":"<h1>Parfumez votre int\u00e9rieur avec cette bouteille d&#8217;encens fabriqu\u00e9 traditionnellement \u00e0 la malienne. Sous forme de graines odorantes \u00e0 mettre dans le feu il apporte senteur agr\u00e9able, un apaisement d&#8217;esprit avant de faire de la m\u00e9ditation et des zikrs.<img loading=\"lazy\" decoding=\"async\" class=\"alignnone size-medium wp-image-3430\" src=\"https:\/\/ikasougou.com\/gopedesign\/wp-content\/uploads\/sites\/47\/2020\/09\/Gueni-koumaba-noir-10000f-600x400.jpg\" alt=\"\" width=\"600\" height=\"400\" srcset=\"https:\/\/ikasougou.com\/gopedesign\/wp-content\/uploads\/sites\/47\/2020\/09\/Gueni-koumaba-noir-10000f-600x400.jpg 600w, https:\/\/ikasougou.com\/gopedesign\/wp-content\/uploads\/sites\/47\/2020\/09\/Gueni-koumaba-noir-10000f-768x512.jpg 768w, https:\/\/ikasougou.com\/gopedesign\/wp-content\/uploads\/sites\/47\/2020\/09\/Gueni-koumaba-noir-10000f-510x340.jpg 510w, https:\/\/ikasougou.com\/gopedesign\/wp-content\/uploads\/sites\/47\/2020\/09\/Gueni-koumaba-noir-10000f.jpg 1080w\" sizes=\"auto, (max-width: 600px) 100vw, 600px\" \/> <img loading=\"lazy\" decoding=\"async\" class=\"alignnone size-medium wp-image-3431\" src=\"https:\/\/ikasougou.com\/gopedesign\/wp-content\/uploads\/sites\/47\/2020\/09\/Gueni-koumaba-noir2-10000f-618x400.jpg\" alt=\"\" width=\"618\" height=\"400\" srcset=\"https:\/\/ikasougou.com\/gopedesign\/wp-content\/uploads\/sites\/47\/2020\/09\/Gueni-koumaba-noir2-10000f-618x400.jpg 618w, https:\/\/ikasougou.com\/gopedesign\/wp-content\/uploads\/sites\/47\/2020\/09\/Gueni-koumaba-noir2-10000f-768x497.jpg 768w, https:\/\/ikasougou.com\/gopedesign\/wp-content\/uploads\/sites\/47\/2020\/09\/Gueni-koumaba-noir2-10000f-510x330.jpg 510w, https:\/\/ikasougou.com\/gopedesign\/wp-content\/uploads\/sites\/47\/2020\/09\/Gueni-koumaba-noir2-10000f.jpg 1080w\" sizes=\"auto, (max-width: 618px) 100vw, 618px\" \/><\/h1>\n<p>&nbsp;<\/p>\n<div style=\"display:flex; gap:10px;justify-content:center\" class=\"wps-pgfw-pdf-generate-icon__wrapper-frontend\">\n\t\t<a  href=\"https:\/\/ikasougou.com\/gopedesign\/wp-json\/wp\/v2\/product\/3427?action=genpdf&amp;id=3427\" class=\"pgfw-single-pdf-download-button\" ><img src=\"https:\/\/ikasougou.com\/gopedesign\/wp-content\/plugins\/pdf-generator-for-wp\/admin\/src\/images\/PDF_Tray.svg\" title=\"G\u00e9n\u00e9rer un PDF\" style=\"width:auto; height:45px;\"><\/a>\n\t\t<\/div>","protected":false},"excerpt":{"rendered":"<p>Parfumez votre int\u00e9rieur avec cette bouteille d&#8217;encens fabriqu\u00e9 traditionnellement \u00e0 la malienne. Sous forme de graines odorantes \u00e0 mettre dans le feu il apporte senteur agr\u00e9able, un apaisement d&#8217;esprit avant de faire de la m\u00e9ditation et des zikrs. &nbsp;<\/p>\n","protected":false},"featured_media":3431,"comment_status":"open","ping_status":"closed","template":"","meta":{"jetpack_post_was_ever_published":false,"jetpack_publicize_message":"","jetpack_publicize_feature_enabled":true,"jetpack_social_post_already_shared":true,"jetpack_social_options":{"image_generator_settings":{"template":"highway","default_image_id":0,"font":"","enabled":false},"version":2}},"product_brand":[],"product_cat":[16],"product_tag":[37,34,38,36,33,35],"class_list":{"0":"post-3427","1":"product","2":"type-product","3":"status-publish","4":"has-post-thumbnail","6":"product_cat-textile-bijoux","7":"product_tag-des-zikrs","8":"product_tag-encens","9":"product_tag-gueni","10":"product_tag-meditation","11":"product_tag-une-bouteille-dencens-malien","12":"product_tag-woussoulan","14":"first","15":"instock","16":"sale","17":"shipping-taxable","18":"purchasable","19":"product-type-simple"},"ams_default_variation_id":0,"ams_product_points_reward":[],"ams_product_discount_percentage":20,"ams_price_to_display":10000,"aioseo_notices":[],"ams_acf":[],"jetpack_publicize_connections":[],"jetpack_sharing_enabled":true,"jetpack_likes_enabled":true,"_links":{"self":[{"href":"https:\/\/ikasougou.com\/gopedesign\/wp-json\/wp\/v2\/product\/3427","targetHints":{"allow":["GET"]}}],"collection":[{"href":"https:\/\/ikasougou.com\/gopedesign\/wp-json\/wp\/v2\/product"}],"about":[{"href":"https:\/\/ikasougou.com\/gopedesign\/wp-json\/wp\/v2\/types\/product"}],"replies":[{"embeddable":true,"href":"https:\/\/ikasougou.com\/gopedesign\/wp-json\/wp\/v2\/comments?post=3427"}],"wp:featuredmedia":[{"embeddable":true,"href":"https:\/\/ikasougou.com\/gopedesign\/wp-json\/wp\/v2\/media\/3431"}],"wp:attachment":[{"href":"https:\/\/ikasougou.com\/gopedesign\/wp-json\/wp\/v2\/media?parent=3427"}],"wp:term":[{"taxonomy":"product_brand","embeddable":true,"href":"https:\/\/ikasougou.com\/gopedesign\/wp-json\/wp\/v2\/product_brand?post=3427"},{"taxonomy":"product_cat","embeddable":true,"href":"https:\/\/ikasougou.com\/gopedesign\/wp-json\/wp\/v2\/product_cat?post=3427"},{"taxonomy":"product_tag","embeddable":true,"href":"https:\/\/ikasougou.com\/gopedesign\/wp-json\/wp\/v2\/product_tag?post=3427"}],"curies":[{"name":"wp","href":"https:\/\/api.w.org\/{rel}","templated":true}]}}