{"id":3433,"date":"2020-09-14T00:04:10","date_gmt":"2020-09-13T22:04:10","guid":{"rendered":"https:\/\/ikasougou.com\/gopedesign\/?post_type=product&#038;p=3433"},"modified":"2020-09-14T00:05:31","modified_gmt":"2020-09-13T22:05:31","slug":"le-paquet-dencens-malien-woussoulan-salati","status":"publish","type":"product","link":"https:\/\/ikasougou.com\/gopedesign\/produit\/le-paquet-dencens-malien-woussoulan-salati\/","title":{"rendered":"Le Paquet d&#8217;Encens Malien (Woussoulan Salati)"},"content":{"rendered":"<h1>Parfumez votre int\u00e9rieur avec ce Paquet d&#8217;encens fabriqu\u00e9 traditionnellement \u00e0 la malienne. Sous forme de graines odorantes \u00e0 mettre dans le feu il apporte senteur agr\u00e9able, un apaisement d&#8217;esprit avant de faire de la m\u00e9ditation et des zikrs.<\/h1>\n<p><img loading=\"lazy\" decoding=\"async\" class=\"alignnone size-medium wp-image-3434\" src=\"https:\/\/ikasougou.com\/gopedesign\/wp-content\/uploads\/sites\/47\/2020\/09\/Oussoulan-salati-2000f-598x400.jpg\" alt=\"\" width=\"598\" height=\"400\" srcset=\"https:\/\/ikasougou.com\/gopedesign\/wp-content\/uploads\/sites\/47\/2020\/09\/Oussoulan-salati-2000f-598x400.jpg 598w, https:\/\/ikasougou.com\/gopedesign\/wp-content\/uploads\/sites\/47\/2020\/09\/Oussoulan-salati-2000f-768x513.jpg 768w, https:\/\/ikasougou.com\/gopedesign\/wp-content\/uploads\/sites\/47\/2020\/09\/Oussoulan-salati-2000f-510x341.jpg 510w, https:\/\/ikasougou.com\/gopedesign\/wp-content\/uploads\/sites\/47\/2020\/09\/Oussoulan-salati-2000f.jpg 1080w\" sizes=\"auto, (max-width: 598px) 100vw, 598px\" \/><\/p>\n<div style=\"display:flex; gap:10px;justify-content:center\" class=\"wps-pgfw-pdf-generate-icon__wrapper-frontend\">\n\t\t<a  href=\"https:\/\/ikasougou.com\/gopedesign\/wp-json\/wp\/v2\/product\/3433?action=genpdf&amp;id=3433\" class=\"pgfw-single-pdf-download-button\" ><img src=\"https:\/\/ikasougou.com\/gopedesign\/wp-content\/plugins\/pdf-generator-for-wp\/admin\/src\/images\/PDF_Tray.svg\" title=\"G\u00e9n\u00e9rer un PDF\" style=\"width:auto; height:45px;\"><\/a>\n\t\t<\/div>","protected":false},"excerpt":{"rendered":"<p>Parfumez votre int\u00e9rieur avec ce Paquet d&#8217;encens fabriqu\u00e9 traditionnellement \u00e0 la malienne. Sous forme de graines odorantes \u00e0 mettre dans le feu il apporte senteur agr\u00e9able, un apaisement d&#8217;esprit avant de faire de la m\u00e9ditation et des zikrs.<\/p>\n","protected":false},"featured_media":3434,"comment_status":"open","ping_status":"closed","template":"","meta":{"jetpack_post_was_ever_published":false,"jetpack_publicize_message":"","jetpack_publicize_feature_enabled":true,"jetpack_social_post_already_shared":true,"jetpack_social_options":{"image_generator_settings":{"template":"highway","default_image_id":0,"font":"","enabled":false},"version":2}},"product_brand":[],"product_cat":[16],"product_tag":[40,34,41,42,39],"class_list":{"0":"post-3433","1":"product","2":"type-product","3":"status-publish","4":"has-post-thumbnail","6":"product_cat-textile-bijoux","7":"product_tag-woussoulan-salati","8":"product_tag-encens","9":"product_tag-mali","10":"product_tag-oussoulan","11":"product_tag-paquet-dencens-malien-woussoulan-salati","13":"first","14":"instock","15":"shipping-taxable","16":"purchasable","17":"product-type-simple"},"ams_default_variation_id":0,"ams_product_points_reward":[],"ams_product_discount_percentage":0,"ams_price_to_display":2000,"aioseo_notices":[],"ams_acf":[],"jetpack_publicize_connections":[],"jetpack_sharing_enabled":true,"jetpack_likes_enabled":true,"_links":{"self":[{"href":"https:\/\/ikasougou.com\/gopedesign\/wp-json\/wp\/v2\/product\/3433","targetHints":{"allow":["GET"]}}],"collection":[{"href":"https:\/\/ikasougou.com\/gopedesign\/wp-json\/wp\/v2\/product"}],"about":[{"href":"https:\/\/ikasougou.com\/gopedesign\/wp-json\/wp\/v2\/types\/product"}],"replies":[{"embeddable":true,"href":"https:\/\/ikasougou.com\/gopedesign\/wp-json\/wp\/v2\/comments?post=3433"}],"wp:featuredmedia":[{"embeddable":true,"href":"https:\/\/ikasougou.com\/gopedesign\/wp-json\/wp\/v2\/media\/3434"}],"wp:attachment":[{"href":"https:\/\/ikasougou.com\/gopedesign\/wp-json\/wp\/v2\/media?parent=3433"}],"wp:term":[{"taxonomy":"product_brand","embeddable":true,"href":"https:\/\/ikasougou.com\/gopedesign\/wp-json\/wp\/v2\/product_brand?post=3433"},{"taxonomy":"product_cat","embeddable":true,"href":"https:\/\/ikasougou.com\/gopedesign\/wp-json\/wp\/v2\/product_cat?post=3433"},{"taxonomy":"product_tag","embeddable":true,"href":"https:\/\/ikasougou.com\/gopedesign\/wp-json\/wp\/v2\/product_tag?post=3433"}],"curies":[{"name":"wp","href":"https:\/\/api.w.org\/{rel}","templated":true}]}}