{"id":3445,"date":"2020-09-15T02:10:14","date_gmt":"2020-09-15T00:10:14","guid":{"rendered":"https:\/\/ikasougou.com\/gopedesign\/?post_type=product&#038;p=3445"},"modified":"2020-09-15T02:10:14","modified_gmt":"2020-09-15T00:10:14","slug":"coussin-bogolan-blanc","status":"publish","type":"product","link":"https:\/\/ikasougou.com\/gopedesign\/produit\/coussin-bogolan-blanc\/","title":{"rendered":"Coussin Bogolan Blanc"},"content":{"rendered":"<h1>Illuminez votre int\u00e9rieur (salon, chambre,bureau et resto ) en apportant de la couleur et de cr\u00e9ativit\u00e9 africaine avec ce coussin d\u00e9cor\u00e9 avec du vrai tissu boglan africain Made in Mali .<\/h1>\n<p><img loading=\"lazy\" decoding=\"async\" class=\"alignnone size-medium wp-image-3446\" src=\"https:\/\/ikasougou.com\/gopedesign\/wp-content\/uploads\/sites\/47\/2020\/09\/Coussin-en-bogolan-blanc-noir-leger-7500-532x400.jpeg\" alt=\"\" width=\"532\" height=\"400\" srcset=\"https:\/\/ikasougou.com\/gopedesign\/wp-content\/uploads\/sites\/47\/2020\/09\/Coussin-en-bogolan-blanc-noir-leger-7500-532x400.jpeg 532w, https:\/\/ikasougou.com\/gopedesign\/wp-content\/uploads\/sites\/47\/2020\/09\/Coussin-en-bogolan-blanc-noir-leger-7500-1064x800.jpeg 1064w, https:\/\/ikasougou.com\/gopedesign\/wp-content\/uploads\/sites\/47\/2020\/09\/Coussin-en-bogolan-blanc-noir-leger-7500-768x577.jpeg 768w, https:\/\/ikasougou.com\/gopedesign\/wp-content\/uploads\/sites\/47\/2020\/09\/Coussin-en-bogolan-blanc-noir-leger-7500-510x383.jpeg 510w, https:\/\/ikasougou.com\/gopedesign\/wp-content\/uploads\/sites\/47\/2020\/09\/Coussin-en-bogolan-blanc-noir-leger-7500.jpeg 1080w\" sizes=\"auto, (max-width: 532px) 100vw, 532px\" \/><\/p>\n<div style=\"display:flex; gap:10px;justify-content:center\" class=\"wps-pgfw-pdf-generate-icon__wrapper-frontend\">\n\t\t<a  href=\"https:\/\/ikasougou.com\/gopedesign\/wp-json\/wp\/v2\/product\/3445?action=genpdf&amp;id=3445\" class=\"pgfw-single-pdf-download-button\" ><img src=\"https:\/\/ikasougou.com\/gopedesign\/wp-content\/plugins\/pdf-generator-for-wp\/admin\/src\/images\/PDF_Tray.svg\" title=\"G\u00e9n\u00e9rer un PDF\" style=\"width:auto; height:45px;\"><\/a>\n\t\t<\/div>","protected":false},"excerpt":{"rendered":"<p>Illuminez votre int\u00e9rieur (salon, chambre,bureau et resto ) en apportant de la couleur et de cr\u00e9ativit\u00e9 africaine avec ce coussin d\u00e9cor\u00e9 avec du vrai tissu boglan africain Made in Mali .<\/p>\n","protected":false},"featured_media":3446,"comment_status":"open","ping_status":"closed","template":"","meta":{"jetpack_post_was_ever_published":false,"jetpack_publicize_message":"","jetpack_publicize_feature_enabled":true,"jetpack_social_post_already_shared":true,"jetpack_social_options":{"image_generator_settings":{"template":"highway","default_image_id":0,"font":"","enabled":false},"version":2}},"product_brand":[],"product_cat":[30,16],"product_tag":[46],"class_list":{"0":"post-3445","1":"product","2":"type-product","3":"status-publish","4":"has-post-thumbnail","6":"product_cat-bogolan","7":"product_cat-textile-bijoux","8":"product_tag-coussin-bogolan-blanc","10":"first","11":"instock","12":"sale","13":"shipping-taxable","14":"purchasable","15":"product-type-simple"},"ams_default_variation_id":0,"ams_product_points_reward":[],"ams_product_discount_percentage":6.25,"ams_price_to_display":7500,"aioseo_notices":[],"ams_acf":[],"jetpack_publicize_connections":[],"jetpack_sharing_enabled":true,"jetpack_likes_enabled":true,"_links":{"self":[{"href":"https:\/\/ikasougou.com\/gopedesign\/wp-json\/wp\/v2\/product\/3445","targetHints":{"allow":["GET"]}}],"collection":[{"href":"https:\/\/ikasougou.com\/gopedesign\/wp-json\/wp\/v2\/product"}],"about":[{"href":"https:\/\/ikasougou.com\/gopedesign\/wp-json\/wp\/v2\/types\/product"}],"replies":[{"embeddable":true,"href":"https:\/\/ikasougou.com\/gopedesign\/wp-json\/wp\/v2\/comments?post=3445"}],"wp:featuredmedia":[{"embeddable":true,"href":"https:\/\/ikasougou.com\/gopedesign\/wp-json\/wp\/v2\/media\/3446"}],"wp:attachment":[{"href":"https:\/\/ikasougou.com\/gopedesign\/wp-json\/wp\/v2\/media?parent=3445"}],"wp:term":[{"taxonomy":"product_brand","embeddable":true,"href":"https:\/\/ikasougou.com\/gopedesign\/wp-json\/wp\/v2\/product_brand?post=3445"},{"taxonomy":"product_cat","embeddable":true,"href":"https:\/\/ikasougou.com\/gopedesign\/wp-json\/wp\/v2\/product_cat?post=3445"},{"taxonomy":"product_tag","embeddable":true,"href":"https:\/\/ikasougou.com\/gopedesign\/wp-json\/wp\/v2\/product_tag?post=3445"}],"curies":[{"name":"wp","href":"https:\/\/api.w.org\/{rel}","templated":true}]}}