{"id":3463,"date":"2020-11-16T15:30:02","date_gmt":"2020-11-16T14:30:02","guid":{"rendered":"https:\/\/ikasougou.com\/gopedesign\/?post_type=product&#038;p=3463"},"modified":"2020-11-17T16:50:24","modified_gmt":"2020-11-17T15:50:24","slug":"mini-robe-bogolan","status":"publish","type":"product","link":"https:\/\/ikasougou.com\/gopedesign\/produit\/mini-robe-bogolan\/","title":{"rendered":"Mini-Robe Bogolan"},"content":{"rendered":"<h2>Sublimez avec cette magnifique mini-robe bogolan personnalis\u00e9 \u00e0 l&#8217;africaine id\u00e9ale pour \u00eatre porter comme tenue de tout les jours .Simple et classe elle s&#8217;adaptera avec tous vos style tout en gardant la touche africaine.<\/h2>\n<p><img loading=\"lazy\" decoding=\"async\" class=\"alignnone size-medium wp-image-3465\" src=\"https:\/\/ikasougou.com\/gopedesign\/wp-content\/uploads\/sites\/47\/2020\/11\/GD1231-272x400.jpg\" alt=\"\" width=\"272\" height=\"400\" srcset=\"https:\/\/ikasougou.com\/gopedesign\/wp-content\/uploads\/sites\/47\/2020\/11\/GD1231-272x400.jpg 272w, https:\/\/ikasougou.com\/gopedesign\/wp-content\/uploads\/sites\/47\/2020\/11\/GD1231-544x800.jpg 544w, https:\/\/ikasougou.com\/gopedesign\/wp-content\/uploads\/sites\/47\/2020\/11\/GD1231-510x749.jpg 510w, https:\/\/ikasougou.com\/gopedesign\/wp-content\/uploads\/sites\/47\/2020\/11\/GD1231.jpg 735w\" sizes=\"auto, (max-width: 272px) 100vw, 272px\" \/><\/p>\n<div style=\"display:flex; gap:10px;justify-content:center\" class=\"wps-pgfw-pdf-generate-icon__wrapper-frontend\">\n\t\t<a  href=\"https:\/\/ikasougou.com\/gopedesign\/wp-json\/wp\/v2\/product\/3463?action=genpdf&amp;id=3463\" class=\"pgfw-single-pdf-download-button\" ><img src=\"https:\/\/ikasougou.com\/gopedesign\/wp-content\/plugins\/pdf-generator-for-wp\/admin\/src\/images\/PDF_Tray.svg\" title=\"G\u00e9n\u00e9rer un PDF\" style=\"width:auto; height:45px;\"><\/a>\n\t\t<\/div>","protected":false},"excerpt":{"rendered":"<p>Sublimez avec cette magnifique mini-robe bogolan personnalis\u00e9 \u00e0 l&#8217;africaine id\u00e9ale pour \u00eatre porter comme tenue de tout les jours .Simple et classe elle s&#8217;adaptera avec tous vos style tout en gardant la touche africaine.<\/p>\n","protected":false},"featured_media":3466,"comment_status":"open","ping_status":"closed","template":"","meta":{"jetpack_post_was_ever_published":false,"jetpack_publicize_message":"","jetpack_publicize_feature_enabled":true,"jetpack_social_post_already_shared":true,"jetpack_social_options":{"image_generator_settings":{"template":"highway","default_image_id":0,"font":"","enabled":false},"version":2}},"product_brand":[],"product_cat":[30,16],"product_tag":[],"class_list":{"0":"post-3463","1":"product","2":"type-product","3":"status-publish","4":"has-post-thumbnail","6":"product_cat-bogolan","7":"product_cat-textile-bijoux","9":"first","10":"instock","11":"shipping-taxable","12":"purchasable","13":"product-type-simple"},"ams_default_variation_id":0,"ams_product_points_reward":[],"ams_product_discount_percentage":0,"ams_price_to_display":25000,"aioseo_notices":[],"ams_acf":[],"jetpack_publicize_connections":[],"jetpack_sharing_enabled":true,"jetpack_likes_enabled":true,"_links":{"self":[{"href":"https:\/\/ikasougou.com\/gopedesign\/wp-json\/wp\/v2\/product\/3463","targetHints":{"allow":["GET"]}}],"collection":[{"href":"https:\/\/ikasougou.com\/gopedesign\/wp-json\/wp\/v2\/product"}],"about":[{"href":"https:\/\/ikasougou.com\/gopedesign\/wp-json\/wp\/v2\/types\/product"}],"replies":[{"embeddable":true,"href":"https:\/\/ikasougou.com\/gopedesign\/wp-json\/wp\/v2\/comments?post=3463"}],"wp:featuredmedia":[{"embeddable":true,"href":"https:\/\/ikasougou.com\/gopedesign\/wp-json\/wp\/v2\/media\/3466"}],"wp:attachment":[{"href":"https:\/\/ikasougou.com\/gopedesign\/wp-json\/wp\/v2\/media?parent=3463"}],"wp:term":[{"taxonomy":"product_brand","embeddable":true,"href":"https:\/\/ikasougou.com\/gopedesign\/wp-json\/wp\/v2\/product_brand?post=3463"},{"taxonomy":"product_cat","embeddable":true,"href":"https:\/\/ikasougou.com\/gopedesign\/wp-json\/wp\/v2\/product_cat?post=3463"},{"taxonomy":"product_tag","embeddable":true,"href":"https:\/\/ikasougou.com\/gopedesign\/wp-json\/wp\/v2\/product_tag?post=3463"}],"curies":[{"name":"wp","href":"https:\/\/api.w.org\/{rel}","templated":true}]}}