{"id":156,"date":"2021-03-29T13:11:21","date_gmt":"2021-03-29T11:11:21","guid":{"rendered":"https:\/\/ikasougou.com\/ibrahimyara\/produit\/wax-bogolan-12\/"},"modified":"2021-03-29T13:11:21","modified_gmt":"2021-03-29T11:11:21","slug":"wax-bogolan-12","status":"publish","type":"product","link":"https:\/\/ikasougou.com\/ibrahimyara\/produit\/wax-bogolan-12\/","title":{"rendered":"Wax Bogolan"},"content":{"rendered":"<h3>Sublimez avec ce Wax Bogolan M\u00e9lang\u00e9 avec un tissus Noir .ce wax est id\u00e9al pour \u00eatre offert en cadeau ou pour \u00eatre port\u00e9e dans les grand c\u00e9r\u00e9monies. La fusion de ce bogolan avec le tissus offre une large vari\u00e9t\u00e9 de cr\u00e9ation tout en gardant une authenticit\u00e9 africaine.<\/h3>\n<div style=\"display:flex; gap:10px;justify-content:center\" class=\"wps-pgfw-pdf-generate-icon__wrapper-frontend\">\n\t\t<a  href=\"https:\/\/ikasougou.com\/ibrahimyara\/wp-json\/wp\/v2\/product\/156?action=genpdf&amp;id=156\" class=\"pgfw-single-pdf-download-button\" ><img src=\"https:\/\/ikasougou.com\/ibrahimyara\/wp-content\/plugins\/pdf-generator-for-wp\/admin\/src\/images\/PDF_Tray.svg\" title=\"G\u00e9n\u00e9rer un PDF\" style=\"width:auto; height:45px;\"><\/a>\n\t\t<\/div>","protected":false},"excerpt":{"rendered":"<p>Sublimez avec ce Wax Bogolan M\u00e9lang\u00e9 avec un tissus Noir .ce wax est id\u00e9al pour \u00eatre offert en cadeau ou pour \u00eatre port\u00e9e dans les grand c\u00e9r\u00e9monies. La fusion de ce bogolan avec le tissus offre une large vari\u00e9t\u00e9 de cr\u00e9ation tout en gardant une authenticit\u00e9 africaine.<\/p>\n","protected":false},"featured_media":131,"comment_status":"open","ping_status":"closed","template":"","meta":[],"product_brand":[],"product_cat":[16],"product_tag":[18,20,21,22,19,17],"class_list":{"0":"post-156","1":"product","2":"type-product","3":"status-publish","4":"has-post-thumbnail","6":"product_cat-wax","7":"product_tag-africa","8":"product_tag-bogolan","9":"product_tag-noir","10":"product_tag-orne-de-motif-blanc","11":"product_tag-tradition","12":"product_tag-wax","14":"first","15":"instock","16":"shipping-taxable","17":"purchasable","18":"product-type-simple"},"ams_default_variation_id":0,"ams_product_points_reward":[],"ams_product_discount_percentage":0,"ams_price_to_display":9000,"aioseo_notices":[],"ams_acf":[],"_links":{"self":[{"href":"https:\/\/ikasougou.com\/ibrahimyara\/wp-json\/wp\/v2\/product\/156","targetHints":{"allow":["GET"]}}],"collection":[{"href":"https:\/\/ikasougou.com\/ibrahimyara\/wp-json\/wp\/v2\/product"}],"about":[{"href":"https:\/\/ikasougou.com\/ibrahimyara\/wp-json\/wp\/v2\/types\/product"}],"replies":[{"embeddable":true,"href":"https:\/\/ikasougou.com\/ibrahimyara\/wp-json\/wp\/v2\/comments?post=156"}],"wp:featuredmedia":[{"embeddable":true,"href":"https:\/\/ikasougou.com\/ibrahimyara\/wp-json\/wp\/v2\/media\/131"}],"wp:attachment":[{"href":"https:\/\/ikasougou.com\/ibrahimyara\/wp-json\/wp\/v2\/media?parent=156"}],"wp:term":[{"taxonomy":"product_brand","embeddable":true,"href":"https:\/\/ikasougou.com\/ibrahimyara\/wp-json\/wp\/v2\/product_brand?post=156"},{"taxonomy":"product_cat","embeddable":true,"href":"https:\/\/ikasougou.com\/ibrahimyara\/wp-json\/wp\/v2\/product_cat?post=156"},{"taxonomy":"product_tag","embeddable":true,"href":"https:\/\/ikasougou.com\/ibrahimyara\/wp-json\/wp\/v2\/product_tag?post=156"}],"curies":[{"name":"wp","href":"https:\/\/api.w.org\/{rel}","templated":true}]}}