{"id":195,"date":"2021-09-29T16:51:17","date_gmt":"2021-09-29T14:51:17","guid":{"rendered":"https:\/\/ikasougou.com\/ikaecoleta\/?post_type=product&#038;p=195"},"modified":"2021-09-29T16:51:38","modified_gmt":"2021-09-29T14:51:38","slug":"livre-scolaire-japprends-les-maths-ce2-les-editions-retz","status":"publish","type":"product","link":"https:\/\/ikasougou.com\/ikaecoleta\/produit\/livre-scolaire-japprends-les-maths-ce2-les-editions-retz\/","title":{"rendered":"Livre scolaire J&#8217;apprends les maths CE2 &#8211; Les Editions Retz"},"content":{"rendered":"<div class=\"header reader-header reader-show-element\">\n<div class=\"credits reader-credits\">Editions Retz<\/div>\n<div class=\"meta-data\">\n<div class=\"reader-estimated-time\" dir=\"ltr\">3-4\u00a0minutes<\/div>\n<\/div>\n<\/div>\n<hr \/>\n<div class=\"content\">\n<div class=\"moz-reader-content reader-show-element\">\n<div id=\"readability-page-1\" class=\"page\">\n<p>J\u2019apprends les maths CE2 est une m\u00e9thode de math\u00e9matiques con\u00e7ue par R\u00e9mi Brissiaud, conforme aux programmes. Compos\u00e9e d\u2019un fichier de l\u2019\u00e9l\u00e8ve et d\u2019un m\u00e9mo inclus, elle permet de travailler le calcul mental ainsi que les techniques op\u00e9ratoires \u00e9crites (soustraction, multiplication, division).<\/p>\n<div>\n<p><strong>***************************************************<br \/>\n<u>Cette fiche pr\u00e9sente LE FICHIER DE L&#8217;\u00c9L\u00c8VE (+ M\u00c9MO) &#8211; J&#8217;apprends les maths CE2<\/u><br \/>\n***************************************************<\/strong><\/p>\n<p><strong> Les programmes<\/strong><\/p>\n<p>confirment les <strong>choix p\u00e9dagogiques<\/strong> qui ont toujours fait la force de <strong>J\u2019apprends les maths<\/strong> :<\/p>\n<p>* un <strong>apprentissage des nombres<\/strong> bas\u00e9 sur leurs <strong>d\u00e9compositions<\/strong> et <strong>recompositions<\/strong><br \/>\n* des <strong>situations d\u2019anticipation<\/strong> qui favorisent la <strong>repr\u00e9sentation mentale <\/strong>et l\u2019<strong>autocorrection<\/strong><br \/>\n* un entrainement quotidien au <strong>calcul mental<\/strong><br \/>\n* un <strong>apprentissage du calcul mental<\/strong> et du <strong>calcul en ligne<\/strong> qui pr\u00e9c\u00e8de le <strong>calcul pos\u00e9 en colonnes<br \/>\n*<\/strong>une progression au service du <strong>calcul mental<\/strong> et de la <strong>num\u00e9ration d\u00e9cimale<\/strong><br \/>\n* un entretien quotidien des notions pr\u00e9c\u00e9demment d\u00e9couvertes, pour une meilleure appropriation<br \/>\n* des <strong>probl\u00e8mes \u00e0 r\u00e9soudre <\/strong>qui permettent de r\u00e9investir les apprentissages : \u00ab Probl\u00e8mes pour apprendre \u00e0 chercher \u00bb<\/p>\n<p><strong><u>Les points forts du fichier J&#8217;apprends les maths CE2 <\/u>:<\/strong><\/p>\n<p>* Une <strong>progression<\/strong> qui privil\u00e9gie \u00e0 la fois le <strong>calcul mental <\/strong>et le <strong>sens des op\u00e9rations<\/strong>. Le calcul mental est privil\u00e9gi\u00e9 avant d&#8217;aborder la <strong>technique \u00e9crite de l&#8217;op\u00e9ration<\/strong>.<\/p>\n<p>* \u00c0 partir de la p\u00e9riode 2, <strong>chaque p\u00e9riode s&#8217;ouvre sur une nouvelle technique op\u00e9ratoire <\/strong>(<strong>soustraction<\/strong>, <strong>multiplication<\/strong> par un nombre \u00e0 1 chiffre, <strong>division<\/strong>, multiplication par un nombre \u00e0 2 chiffres) et travaille sur des donn\u00e9es num\u00e9riques de plus en plus importantes.<\/p>\n<p>* Un enseignement pr\u00e9coce de la <strong>division<\/strong> qui permet de renforcer l&#8217;approche originale de cette op\u00e9ration.<\/p>\n<p>* Une progression qui favorise la <strong>m\u00e9morisation des r\u00e9sultats de multiplications et de divisions \u00e9l\u00e9mentaires<\/strong>.<\/p>\n<p><strong><u>Dans chaque fichier, retrouvez \u00e9galement<\/u> :<\/strong><\/p>\n<ul>\n<li><strong>Un m\u00e9mo de 24 pages<\/strong><\/li>\n<\/ul>\n<p>Pour m\u00e9moriser l\u2019essentiel, un outil facile \u00e0 s\u2019approprier, personnalisable (on colorie l\u2019\u00e9toile accroch\u00e9e \u00e0 chaque cadre quand on a appris et qu\u2019on sait faire) et qui permet de faire la liaison \u00e9cole-maison.<\/p>\n<ul>\n<li><strong>Du mat\u00e9riel cartonn\u00e9 pr\u00e9d\u00e9coup\u00e9<\/strong><\/li>\n<\/ul>\n<p>Deux planches pour travailler la soustraction ; deux planches pour travailler les multiplications ; le mat\u00e9riel pour construire un compteur ; deux r\u00e8gles gradu\u00e9es en pouces et en centim\u00e8tres pour travailler les mesures ; des patrons pour construire des solides ; une horloge \u00e0 assembler pour travailler l&#8217;heure.<\/p>\n<ul>\n<li><strong>Une feuille calque<\/strong><\/li>\n<\/ul>\n<p>Pour travailler les angles et les sym\u00e9tries.<\/p>\n<ul>\n<li><strong>Deux planches autocollantes<\/strong><\/li>\n<\/ul>\n<p>Avec les couvertures \u00e0 coller sur les bo\u00eetes et les valises de Picbille pour travailler les dizaines et les centaines.<\/p>\n<p>&nbsp;<\/p>\n<\/div>\n<\/div>\n<\/div>\n<\/div>\n<div style=\"display:flex; gap:10px;justify-content:center\" class=\"wps-pgfw-pdf-generate-icon__wrapper-frontend\">\n\t\t<a  href=\"https:\/\/ikasougou.com\/ikaecoleta\/wp-json\/wp\/v2\/product\/195?action=genpdf&amp;id=195\" class=\"pgfw-single-pdf-download-button\" ><img src=\"https:\/\/ikasougou.com\/ikaecoleta\/wp-content\/plugins\/pdf-generator-for-wp\/admin\/src\/images\/PDF_Tray.svg\" title=\"G\u00e9n\u00e9rer un PDF\" style=\"width:auto; height:45px;\"><\/a>\n\t\t<\/div>","protected":false},"excerpt":{"rendered":"<p>Editions Retz 3-4\u00a0minutes J\u2019apprends les maths CE2 est une m\u00e9thode de math\u00e9matiques con\u00e7ue par R\u00e9mi Brissiaud, conforme aux programmes. Compos\u00e9e d\u2019un fichier de l\u2019\u00e9l\u00e8ve et d\u2019un m\u00e9mo inclus, elle permet de travailler le calcul mental ainsi que les techniques op\u00e9ratoires \u00e9crites (soustraction, multiplication, division). *************************************************** Cette fiche pr\u00e9sente LE FICHIER DE L&#8217;\u00c9L\u00c8VE (+ M\u00c9MO) &#8211; [&#8230;]\n","protected":false},"featured_media":211,"comment_status":"open","ping_status":"closed","template":"","meta":{"jetpack_post_was_ever_published":false,"jetpack_publicize_message":"","jetpack_publicize_feature_enabled":true,"jetpack_social_post_already_shared":true,"jetpack_social_options":{"image_generator_settings":{"template":"highway","default_image_id":0,"font":"","enabled":false},"version":2}},"product_brand":[],"product_cat":[20,21],"product_tag":[22,23,24,25,26,27,28,29,30],"class_list":{"0":"post-195","1":"product","2":"type-product","3":"status-publish","4":"has-post-thumbnail","6":"product_cat-fournitures-scolaires","7":"product_cat-livre","8":"product_tag-bamako","9":"product_tag-ecole","10":"product_tag-enfant","11":"product_tag-francais","12":"product_tag-ikasougou-com","13":"product_tag-japprends-les-maths","14":"product_tag-les-editions-retz","15":"product_tag-livres","16":"product_tag-mali","18":"first","19":"instock","20":"shipping-taxable","21":"purchasable","22":"product-type-simple"},"ams_default_variation_id":0,"ams_product_points_reward":[],"ams_product_discount_percentage":0,"ams_price_to_display":13500,"aioseo_notices":[],"ams_acf":[],"jetpack_publicize_connections":[],"jetpack_sharing_enabled":true,"jetpack_likes_enabled":true,"_links":{"self":[{"href":"https:\/\/ikasougou.com\/ikaecoleta\/wp-json\/wp\/v2\/product\/195","targetHints":{"allow":["GET"]}}],"collection":[{"href":"https:\/\/ikasougou.com\/ikaecoleta\/wp-json\/wp\/v2\/product"}],"about":[{"href":"https:\/\/ikasougou.com\/ikaecoleta\/wp-json\/wp\/v2\/types\/product"}],"replies":[{"embeddable":true,"href":"https:\/\/ikasougou.com\/ikaecoleta\/wp-json\/wp\/v2\/comments?post=195"}],"wp:featuredmedia":[{"embeddable":true,"href":"https:\/\/ikasougou.com\/ikaecoleta\/wp-json\/wp\/v2\/media\/211"}],"wp:attachment":[{"href":"https:\/\/ikasougou.com\/ikaecoleta\/wp-json\/wp\/v2\/media?parent=195"}],"wp:term":[{"taxonomy":"product_brand","embeddable":true,"href":"https:\/\/ikasougou.com\/ikaecoleta\/wp-json\/wp\/v2\/product_brand?post=195"},{"taxonomy":"product_cat","embeddable":true,"href":"https:\/\/ikasougou.com\/ikaecoleta\/wp-json\/wp\/v2\/product_cat?post=195"},{"taxonomy":"product_tag","embeddable":true,"href":"https:\/\/ikasougou.com\/ikaecoleta\/wp-json\/wp\/v2\/product_tag?post=195"}],"curies":[{"name":"wp","href":"https:\/\/api.w.org\/{rel}","templated":true}]}}