{"id":197,"date":"2021-09-29T16:51:18","date_gmt":"2021-09-29T14:51:18","guid":{"rendered":"https:\/\/ikasougou.com\/ikaecoleta\/?post_type=product&#038;p=197"},"modified":"2021-09-29T16:51:58","modified_gmt":"2021-09-29T14:51:58","slug":"la-balle-aux-mots-cm2","status":"publish","type":"product","link":"https:\/\/ikasougou.com\/ikaecoleta\/produit\/la-balle-aux-mots-cm2\/","title":{"rendered":"La balle aux mots CM2"},"content":{"rendered":"<div id=\"presentation\">\n<div class=\"field field-name-field-ouvrage-accroche field-type-text-long field-label-hidden\">\n<div class=\"field-items\">\n<div class=\"field-item even\">\n<p>Une m\u00e9thode de r\u00e9f\u00e9rence incontournable pour l&#8217;enseignement de la langue<\/p>\n<\/div>\n<\/div>\n<\/div>\n<\/div>\n<div class=\"field field-name-body field-type-text-with-summary field-label-hidden\">\n<div class=\"field-items\">\n<div class=\"field-item even\">\n<p><strong>Manuel de l&#8217;\u00e9l\u00e8ve<\/strong>\u00a0:<\/p>\n<p>&#8211;\u00a0<strong>Cinq p\u00e9riodes<\/strong>\u00a0d&#8217;\u00e9tude correspondant au rythme de l&#8217;ann\u00e9e scolaire.<br \/>\n&#8211; Pour chaque p\u00e9riode,<strong>\u00a0quatre grands domaines<\/strong>\u00a0:\u00a0<strong>grammaire<\/strong>\u00a0(notions li\u00e9es \u00e0 la phrase et au texte),\u00a0<strong>conjugaison<\/strong>,<strong>\u00a0orthographe<\/strong>,\u00a0<strong>vocabulaire<\/strong>.<br \/>\n&#8211; En ouverture et en milieu de p\u00e9riode, un\u00a0<strong>texte de litt\u00e9rature de jeunesse<\/strong>\u00a0pour\u00a0<strong>observer les faits de langue <\/strong>\u00e9tudi\u00e9s dans les unit\u00e9s.<br \/>\n&#8211; Dans chaque unit\u00e9, l&#8217;\u00e9tude d&#8217;une notion avec les\u00a0<strong>principaux \u00e9l\u00e9ments \u00e0 retenir<\/strong>\u00a0et de\u00a0<strong>nombreux exercices<\/strong>\u00a0d&#8217;apprentissage et de consolidation.<br \/>\n&#8211; Des\u00a0<strong>projets d&#8217;expression \u00e9crite<\/strong>\u00a0pour r\u00e9investir les points abord\u00e9s.<br \/>\n&#8211; En fin de p\u00e9riode, un\u00a0<strong>bilan<\/strong>\u00a0pour v\u00e9rifier le acquis.<\/p>\n<\/div>\n<\/div>\n<\/div>\n<div class=\"field field-name-field-ouvrage-doc-associes field-type-link-field field-label-hidden\">\n<div class=\"field-items\"><\/div>\n<\/div>\n<div class=\"field field-name-field-ouvrage-site field-type-link-field field-label-hidden\">\n<div class=\"field-items\"><\/div>\n<\/div>\n<div style=\"display:flex; gap:10px;justify-content:center\" class=\"wps-pgfw-pdf-generate-icon__wrapper-frontend\">\n\t\t<a  href=\"https:\/\/ikasougou.com\/ikaecoleta\/wp-json\/wp\/v2\/product\/197?action=genpdf&amp;id=197\" class=\"pgfw-single-pdf-download-button\" ><img src=\"https:\/\/ikasougou.com\/ikaecoleta\/wp-content\/plugins\/pdf-generator-for-wp\/admin\/src\/images\/PDF_Tray.svg\" title=\"G\u00e9n\u00e9rer un PDF\" style=\"width:auto; height:45px;\"><\/a>\n\t\t<\/div>","protected":false},"excerpt":{"rendered":"<div id=\"presentation\">\n<div class=\"field field-name-field-ouvrage-accroche field-type-text-long field-label-hidden\">\n<div class=\"field-items\">\n<div class=\"field-item even\">\n<p>Une m\u00e9thode de r\u00e9f\u00e9rence incontournable pour l&#8217;enseignement de la langue<\/p>\n<\/div>\n<\/div>\n<\/div>\n<\/div>\n<div class=\"field field-name-body field-type-text-with-summary field-label-hidden\">\n<div class=\"field-items\">\n<div class=\"field-item even\">\n<p><strong>Manuel de l&#8217;\u00e9l\u00e8ve<\/strong>\u00a0:<\/p>\n<p>&#8211;\u00a0<strong>Cinq p\u00e9riodes<\/strong>\u00a0d&#8217;\u00e9tude correspondant au rythme de l&#8217;ann\u00e9e scolaire.<br \/>\n&#8211; Pour chaque p\u00e9riode,<strong>\u00a0quatre grands domaines<\/strong>\u00a0:\u00a0<strong>grammaire<\/strong>\u00a0(notions li\u00e9es \u00e0 la phrase et au texte),\u00a0<strong>conjugaison<\/strong>,<strong>\u00a0orthographe<\/strong>,\u00a0<strong>vocabulaire<\/strong>.<br \/>\n&#8211; En ouverture et en milieu de p\u00e9riode, un\u00a0<strong>texte de litt\u00e9rature de jeunesse<\/strong>\u00a0pour\u00a0<strong>observer les faits de langue <\/strong>\u00e9tudi\u00e9s dans les unit\u00e9s.<br \/>\n&#8211; Dans chaque unit\u00e9, l&#8217;\u00e9tude d&#8217;une notion avec les\u00a0<strong>principaux \u00e9l\u00e9ments \u00e0 retenir<\/strong>\u00a0et de\u00a0<strong>nombreux exercices<\/strong>\u00a0d&#8217;apprentissage et de consolidation.<br \/>\n&#8211; Des\u00a0<strong>projets d&#8217;expression \u00e9crite<\/strong>\u00a0pour r\u00e9investir les points abord\u00e9s.<br \/>\n&#8211; En fin de p\u00e9riode, un\u00a0<strong>bilan<\/strong> pour v\u00e9rifier les acquis.<\/p>\n<\/div>\n<\/div>\n<\/div>\n<div class=\"field field-name-field-ouvrage-doc-associes field-type-link-field field-label-hidden\">\n<div class=\"field-items\"><\/div>\n<\/div>\n<div class=\"field field-name-field-ouvrage-site field-type-link-field field-label-hidden\">\n<div class=\"field-items\"><\/div>\n<\/div>\n","protected":false},"featured_media":215,"comment_status":"open","ping_status":"closed","template":"","meta":{"jetpack_post_was_ever_published":false,"jetpack_publicize_message":"","jetpack_publicize_feature_enabled":true,"jetpack_social_post_already_shared":true,"jetpack_social_options":{"image_generator_settings":{"template":"highway","default_image_id":0,"font":"","enabled":false},"version":2}},"product_brand":[],"product_cat":[20,21],"product_tag":[22,23,24,25,26,31,29,30],"class_list":{"0":"post-197","1":"product","2":"type-product","3":"status-publish","4":"has-post-thumbnail","6":"product_cat-fournitures-scolaires","7":"product_cat-livre","8":"product_tag-bamako","9":"product_tag-ecole","10":"product_tag-enfant","11":"product_tag-francais","12":"product_tag-ikasougou-com","13":"product_tag-la-balle-aux-mots","14":"product_tag-livres","15":"product_tag-mali","17":"first","18":"instock","19":"shipping-taxable","20":"product-type-simple"},"ams_default_variation_id":0,"ams_product_points_reward":[],"ams_product_discount_percentage":0,"ams_price_to_display":0,"aioseo_notices":[],"ams_acf":[],"jetpack_publicize_connections":[],"jetpack_sharing_enabled":true,"jetpack_likes_enabled":true,"_links":{"self":[{"href":"https:\/\/ikasougou.com\/ikaecoleta\/wp-json\/wp\/v2\/product\/197","targetHints":{"allow":["GET"]}}],"collection":[{"href":"https:\/\/ikasougou.com\/ikaecoleta\/wp-json\/wp\/v2\/product"}],"about":[{"href":"https:\/\/ikasougou.com\/ikaecoleta\/wp-json\/wp\/v2\/types\/product"}],"replies":[{"embeddable":true,"href":"https:\/\/ikasougou.com\/ikaecoleta\/wp-json\/wp\/v2\/comments?post=197"}],"wp:featuredmedia":[{"embeddable":true,"href":"https:\/\/ikasougou.com\/ikaecoleta\/wp-json\/wp\/v2\/media\/215"}],"wp:attachment":[{"href":"https:\/\/ikasougou.com\/ikaecoleta\/wp-json\/wp\/v2\/media?parent=197"}],"wp:term":[{"taxonomy":"product_brand","embeddable":true,"href":"https:\/\/ikasougou.com\/ikaecoleta\/wp-json\/wp\/v2\/product_brand?post=197"},{"taxonomy":"product_cat","embeddable":true,"href":"https:\/\/ikasougou.com\/ikaecoleta\/wp-json\/wp\/v2\/product_cat?post=197"},{"taxonomy":"product_tag","embeddable":true,"href":"https:\/\/ikasougou.com\/ikaecoleta\/wp-json\/wp\/v2\/product_tag?post=197"}],"curies":[{"name":"wp","href":"https:\/\/api.w.org\/{rel}","templated":true}]}}