{"id":199,"date":"2021-09-29T16:51:18","date_gmt":"2021-09-29T14:51:18","guid":{"rendered":"https:\/\/ikasougou.com\/ikaecoleta\/?post_type=product&#038;p=199"},"modified":"2021-09-29T16:52:26","modified_gmt":"2021-09-29T14:52:26","slug":"registre-31x21-300","status":"publish","type":"product","link":"https:\/\/ikasougou.com\/ikaecoleta\/produit\/registre-31x21-300\/","title":{"rendered":"Registre 31&#215;21 300"},"content":{"rendered":"<h1 class=\"productDetail-tileName heading3\">Registre 31&#215;21 300 pages 5&#215;5 Couverture Papier finition toil\u00e9e Quadrill\u00e9 5&#215;5 Taille: 310&#215;210 mm \/ 31&#215;21 cm Lot de 4 EZ Office.<\/h1>\n<h3 class=\"desc\">D\u00e9tails<\/h3>\n<ul>\n<li><span class=\"a-list-item\">Dimensions : 310&#215;210 mm \/ 31&#215;21 cm<\/span><\/li>\n<li><span class=\"a-list-item\">Avec sa couverture en v\u00e9ritable toile, ce registre vous assure une qualit\u00e9 sup\u00e9rieure.<\/span><\/li>\n<li><span class=\"a-list-item\">Son papier 90 g c&#8217;est la garantie d&#8217;une qualit\u00e9 exceptionnelle<\/span><\/li>\n<li><span class=\"a-list-item\">Broch\u00e9 et cousu avec extr\u00eamement de soins pour une ouverture \u00e0 plat garantie. Couverture rigide.<\/span><\/li>\n<\/ul>\n<div style=\"display:flex; gap:10px;justify-content:center\" class=\"wps-pgfw-pdf-generate-icon__wrapper-frontend\">\n\t\t<a  href=\"https:\/\/ikasougou.com\/ikaecoleta\/wp-json\/wp\/v2\/product\/199?action=genpdf&amp;id=199\" class=\"pgfw-single-pdf-download-button\" ><img src=\"https:\/\/ikasougou.com\/ikaecoleta\/wp-content\/plugins\/pdf-generator-for-wp\/admin\/src\/images\/PDF_Tray.svg\" title=\"G\u00e9n\u00e9rer un PDF\" style=\"width:auto; height:45px;\"><\/a>\n\t\t<\/div>","protected":false},"excerpt":{"rendered":"<h1 class=\"productDetail-tileName heading3\">Registre 31&#215;21 300 pages 5&#215;5 Couverture Papier finition toil\u00e9e Quadrill\u00e9 5&#215;5 Taille: 310&#215;210 mm \/ 31&#215;21 cm Lot de 4 EZ Office.<\/h1>\n","protected":false},"featured_media":219,"comment_status":"open","ping_status":"closed","template":"","meta":{"jetpack_post_was_ever_published":false,"jetpack_publicize_message":"","jetpack_publicize_feature_enabled":true,"jetpack_social_post_already_shared":true,"jetpack_social_options":{"image_generator_settings":{"template":"highway","default_image_id":0,"font":"","enabled":false},"version":2}},"product_brand":[],"product_cat":[32,33],"product_tag":[22,34,25,30],"class_list":{"0":"post-199","1":"product","2":"type-product","3":"status-publish","4":"has-post-thumbnail","6":"product_cat-fournitures-bureautique","7":"product_cat-registre","8":"product_tag-bamako","9":"product_tag-bureautique","10":"product_tag-francais","11":"product_tag-mali","13":"first","14":"instock","15":"shipping-taxable","16":"purchasable","17":"product-type-simple"},"ams_default_variation_id":0,"ams_product_points_reward":[],"ams_product_discount_percentage":0,"ams_price_to_display":2500,"aioseo_notices":[],"ams_acf":[],"jetpack_publicize_connections":[],"jetpack_sharing_enabled":true,"jetpack_likes_enabled":true,"_links":{"self":[{"href":"https:\/\/ikasougou.com\/ikaecoleta\/wp-json\/wp\/v2\/product\/199","targetHints":{"allow":["GET"]}}],"collection":[{"href":"https:\/\/ikasougou.com\/ikaecoleta\/wp-json\/wp\/v2\/product"}],"about":[{"href":"https:\/\/ikasougou.com\/ikaecoleta\/wp-json\/wp\/v2\/types\/product"}],"replies":[{"embeddable":true,"href":"https:\/\/ikasougou.com\/ikaecoleta\/wp-json\/wp\/v2\/comments?post=199"}],"wp:featuredmedia":[{"embeddable":true,"href":"https:\/\/ikasougou.com\/ikaecoleta\/wp-json\/wp\/v2\/media\/219"}],"wp:attachment":[{"href":"https:\/\/ikasougou.com\/ikaecoleta\/wp-json\/wp\/v2\/media?parent=199"}],"wp:term":[{"taxonomy":"product_brand","embeddable":true,"href":"https:\/\/ikasougou.com\/ikaecoleta\/wp-json\/wp\/v2\/product_brand?post=199"},{"taxonomy":"product_cat","embeddable":true,"href":"https:\/\/ikasougou.com\/ikaecoleta\/wp-json\/wp\/v2\/product_cat?post=199"},{"taxonomy":"product_tag","embeddable":true,"href":"https:\/\/ikasougou.com\/ikaecoleta\/wp-json\/wp\/v2\/product_tag?post=199"}],"curies":[{"name":"wp","href":"https:\/\/api.w.org\/{rel}","templated":true}]}}