{"id":204,"date":"2021-09-29T16:51:19","date_gmt":"2021-09-29T14:51:19","guid":{"rendered":"https:\/\/ikasougou.com\/ikaecoleta\/?post_type=product&#038;p=204"},"modified":"2021-09-29T16:53:22","modified_gmt":"2021-09-29T14:53:22","slug":"chemise-sous-chemise-paquet","status":"publish","type":"product","link":"https:\/\/ikasougou.com\/ikaecoleta\/produit\/chemise-sous-chemise-paquet\/","title":{"rendered":"Chemise sous chemise paquet"},"content":{"rendered":"<div id=\"js-pageliste__containertop\" class=\"pageliste__containertop\">\n<div class=\"category__header\">\n<div class=\"imageitem__container\"><img loading=\"lazy\" decoding=\"async\" class=\"imageitem__photo\" src=\"https:\/\/www.bureau-vallee.fr\/fstrz\/r\/s\/bv-prd-fbi-fr-media.s3.amazonaws.com\/pub\/media\/catalog\/product\/cache\/5a94cf32f761692b6142c27ccc759bbf\/2\/e\/2ecc8f5a68a0d45a65841a49abade52ce618017e_b604ac0f_26f7_441c_a9cc_ad7e864f7daf.jpg?frz-v=333\" alt=\"Exacompta Rock&quot;s - 100 Sous-chemises - 80 gr - pour 100 feuilles - couleurs assorties\" width=\"226\" height=\"173\" \/><\/div>\n<\/div>\n<\/div>\n<div class=\"item__container product_list_item_79346061\" data-container=\"product-grid\" data-bind=\"scope: 'product-component-79346061'\">\n<div class=\"item__container product_list_item_79346084\" data-container=\"product-grid\" data-bind=\"scope: 'product-component-79346084'\">\n<div class=\"addcart__container\">\n<div class=\"product actions product-item-actions\">\n<div class=\"actions-primary\">\n<form action=\"https:\/\/www.bureau-vallee.fr\/checkout\/cart\/add\/uenc\/aHR0cHM6Ly93d3cuYnVyZWF1LXZhbGxlZS5mci9jbGFzc2VtZW50LWFyY2hpdmFnZS9jaGVtaXNlcy9jaGVtaXNlcy1ldC1zb3VzLWNoZW1pc2VzLmh0bWw%2C\/product\/25807\/\" method=\"post\" data-role=\"tocart-form\" data-product-sku=\"79346084\">\n<div><\/div>\n<\/form>\n<\/div>\n<\/div>\n<\/div>\n<\/div>\n<\/div>\n<div class=\"pagelist__containerbottom\">\n<div class=\"footer__additionnal\">\n<div class=\"category-description content-seo-container\">Plus classique, la chemise cartonn\u00e9e convient aussi bien aux salles de classes qu\u2019aux bureaux gr\u00e2ce \u00e0 son format suffisamment petit pour \u00eatre rang\u00e9 dans un cartable et suffisamment grand pour contenir des dizaines de documents. La chemise cartonn\u00e9e contiendra facilement vos dossiers en cours tout en vous suivant dans vos journ\u00e9es de travail. Plus grande et toute aussi r\u00e9sistante, la pochette cartonn\u00e9e pourra contenir vos recharges de papier par exemple.<\/div>\n<\/div>\n<\/div>\n<div style=\"display:flex; gap:10px;justify-content:center\" class=\"wps-pgfw-pdf-generate-icon__wrapper-frontend\">\n\t\t<a  href=\"https:\/\/ikasougou.com\/ikaecoleta\/wp-json\/wp\/v2\/product\/204?action=genpdf&amp;id=204\" class=\"pgfw-single-pdf-download-button\" ><img src=\"https:\/\/ikasougou.com\/ikaecoleta\/wp-content\/plugins\/pdf-generator-for-wp\/admin\/src\/images\/PDF_Tray.svg\" title=\"G\u00e9n\u00e9rer un PDF\" style=\"width:auto; height:45px;\"><\/a>\n\t\t<\/div>","protected":false},"excerpt":{"rendered":"<p>Plus classique, la chemise cartonn\u00e9e convient aussi bien aux salles de classes qu\u2019aux bureaux gr\u00e2ce \u00e0 son format suffisamment petit pour \u00eatre rang\u00e9 dans un cartable et suffisamment grand pour contenir des dizaines de documents. La chemise cartonn\u00e9e contiendra facilement vos dossiers en cours tout en vous suivant dans vos journ\u00e9es de travail. Plus grande [&#8230;]\n","protected":false},"featured_media":228,"comment_status":"open","ping_status":"closed","template":"","meta":{"jetpack_post_was_ever_published":false,"jetpack_publicize_message":"","jetpack_publicize_feature_enabled":true,"jetpack_social_post_already_shared":true,"jetpack_social_options":{"image_generator_settings":{"template":"highway","default_image_id":0,"font":"","enabled":false},"version":2}},"product_brand":[],"product_cat":[37,32],"product_tag":[22,34,23,25,26,30],"class_list":{"0":"post-204","1":"product","2":"type-product","3":"status-publish","4":"has-post-thumbnail","6":"product_cat-chemise","7":"product_cat-fournitures-bureautique","8":"product_tag-bamako","9":"product_tag-bureautique","10":"product_tag-ecole","11":"product_tag-francais","12":"product_tag-ikasougou-com","13":"product_tag-mali","15":"first","16":"instock","17":"shipping-taxable","18":"purchasable","19":"product-type-simple"},"ams_default_variation_id":0,"ams_product_points_reward":[],"ams_product_discount_percentage":0,"ams_price_to_display":3500,"aioseo_notices":[],"ams_acf":[],"jetpack_publicize_connections":[],"jetpack_sharing_enabled":true,"jetpack_likes_enabled":true,"_links":{"self":[{"href":"https:\/\/ikasougou.com\/ikaecoleta\/wp-json\/wp\/v2\/product\/204","targetHints":{"allow":["GET"]}}],"collection":[{"href":"https:\/\/ikasougou.com\/ikaecoleta\/wp-json\/wp\/v2\/product"}],"about":[{"href":"https:\/\/ikasougou.com\/ikaecoleta\/wp-json\/wp\/v2\/types\/product"}],"replies":[{"embeddable":true,"href":"https:\/\/ikasougou.com\/ikaecoleta\/wp-json\/wp\/v2\/comments?post=204"}],"wp:featuredmedia":[{"embeddable":true,"href":"https:\/\/ikasougou.com\/ikaecoleta\/wp-json\/wp\/v2\/media\/228"}],"wp:attachment":[{"href":"https:\/\/ikasougou.com\/ikaecoleta\/wp-json\/wp\/v2\/media?parent=204"}],"wp:term":[{"taxonomy":"product_brand","embeddable":true,"href":"https:\/\/ikasougou.com\/ikaecoleta\/wp-json\/wp\/v2\/product_brand?post=204"},{"taxonomy":"product_cat","embeddable":true,"href":"https:\/\/ikasougou.com\/ikaecoleta\/wp-json\/wp\/v2\/product_cat?post=204"},{"taxonomy":"product_tag","embeddable":true,"href":"https:\/\/ikasougou.com\/ikaecoleta\/wp-json\/wp\/v2\/product_tag?post=204"}],"curies":[{"name":"wp","href":"https:\/\/api.w.org\/{rel}","templated":true}]}}