{"id":210,"date":"2021-09-29T16:51:20","date_gmt":"2021-09-29T14:51:20","guid":{"rendered":"https:\/\/ikasougou.com\/ikaecoleta\/?post_type=product&#038;p=210"},"modified":"2021-09-29T16:54:31","modified_gmt":"2021-09-29T14:54:31","slug":"taille-crayon-avec-reservoir","status":"publish","type":"product","link":"https:\/\/ikasougou.com\/ikaecoleta\/produit\/taille-crayon-avec-reservoir\/","title":{"rendered":"TAILLE CRAYON AVEC RESERVOIR"},"content":{"rendered":"<p>Taille-crayon m\u00e9tal avec r\u00e9servoir plastique, 2 usages &#8211; Taille-crayon m\u00e9tal avec r\u00e9servoir plastique.<img loading=\"lazy\" decoding=\"async\" class=\"alignnone size-medium wp-image-74\" src=\"https:\/\/ikasougou.com\/papeterie\/wp-content\/uploads\/sites\/84\/2021\/03\/taillecrayon-562x400.jpg\" alt=\"\" width=\"562\" height=\"400\" \/><\/p>\n<div style=\"display:flex; gap:10px;justify-content:center\" class=\"wps-pgfw-pdf-generate-icon__wrapper-frontend\">\n\t\t<a  href=\"https:\/\/ikasougou.com\/ikaecoleta\/wp-json\/wp\/v2\/product\/210?action=genpdf&amp;id=210\" class=\"pgfw-single-pdf-download-button\" ><img src=\"https:\/\/ikasougou.com\/ikaecoleta\/wp-content\/plugins\/pdf-generator-for-wp\/admin\/src\/images\/PDF_Tray.svg\" title=\"G\u00e9n\u00e9rer un PDF\" style=\"width:auto; height:45px;\"><\/a>\n\t\t<\/div>","protected":false},"excerpt":{"rendered":"<p>Taille-crayon m\u00e9tal avec r\u00e9servoir plastique, 2 usages &#8211; Taille-crayon m\u00e9tal avec r\u00e9servoir plastique.<\/p>\n","protected":false},"featured_media":238,"comment_status":"open","ping_status":"closed","template":"","meta":{"jetpack_post_was_ever_published":false,"jetpack_publicize_message":"","jetpack_publicize_feature_enabled":true,"jetpack_social_post_already_shared":true,"jetpack_social_options":{"image_generator_settings":{"template":"highway","default_image_id":0,"font":"","enabled":false},"version":2}},"product_brand":[],"product_cat":[32,20],"product_tag":[22,34,23,24,30],"class_list":{"0":"post-210","1":"product","2":"type-product","3":"status-publish","4":"has-post-thumbnail","6":"product_cat-fournitures-bureautique","7":"product_cat-fournitures-scolaires","8":"product_tag-bamako","9":"product_tag-bureautique","10":"product_tag-ecole","11":"product_tag-enfant","12":"product_tag-mali","14":"first","15":"instock","16":"shipping-taxable","17":"purchasable","18":"product-type-simple"},"ams_default_variation_id":0,"ams_product_points_reward":[],"ams_product_discount_percentage":0,"ams_price_to_display":800,"aioseo_notices":[],"ams_acf":[],"jetpack_publicize_connections":[],"jetpack_sharing_enabled":true,"jetpack_likes_enabled":true,"_links":{"self":[{"href":"https:\/\/ikasougou.com\/ikaecoleta\/wp-json\/wp\/v2\/product\/210","targetHints":{"allow":["GET"]}}],"collection":[{"href":"https:\/\/ikasougou.com\/ikaecoleta\/wp-json\/wp\/v2\/product"}],"about":[{"href":"https:\/\/ikasougou.com\/ikaecoleta\/wp-json\/wp\/v2\/types\/product"}],"replies":[{"embeddable":true,"href":"https:\/\/ikasougou.com\/ikaecoleta\/wp-json\/wp\/v2\/comments?post=210"}],"wp:featuredmedia":[{"embeddable":true,"href":"https:\/\/ikasougou.com\/ikaecoleta\/wp-json\/wp\/v2\/media\/238"}],"wp:attachment":[{"href":"https:\/\/ikasougou.com\/ikaecoleta\/wp-json\/wp\/v2\/media?parent=210"}],"wp:term":[{"taxonomy":"product_brand","embeddable":true,"href":"https:\/\/ikasougou.com\/ikaecoleta\/wp-json\/wp\/v2\/product_brand?post=210"},{"taxonomy":"product_cat","embeddable":true,"href":"https:\/\/ikasougou.com\/ikaecoleta\/wp-json\/wp\/v2\/product_cat?post=210"},{"taxonomy":"product_tag","embeddable":true,"href":"https:\/\/ikasougou.com\/ikaecoleta\/wp-json\/wp\/v2\/product_tag?post=210"}],"curies":[{"name":"wp","href":"https:\/\/api.w.org\/{rel}","templated":true}]}}