{"id":249,"date":"2021-09-29T16:55:37","date_gmt":"2021-09-29T14:55:37","guid":{"rendered":"https:\/\/ikasougou.com\/ikaecoleta\/?post_type=product&#038;p=249"},"modified":"2021-09-29T16:56:49","modified_gmt":"2021-09-29T14:56:49","slug":"mini-gourde-couleur-verte-pour-enfant","status":"publish","type":"product","link":"https:\/\/ikasougou.com\/ikaecoleta\/produit\/mini-gourde-couleur-verte-pour-enfant\/","title":{"rendered":"Mini Gourde Couleur Verte Pour Enfant"},"content":{"rendered":"<h2>Offrez \u00e0 votre bout de chou cette magnifique mini-gourde pour enfants de couleur verte .<\/h2>\n<h2>Elle est d\u00e9cor\u00e9e avec des motifs ludiques id\u00e9al pour l&#8217;encourager \u00e0 s&#8217;hydrater .<\/h2>\n<h2>L\u00e9g\u00e8re et r\u00e9sistante elle est facile \u00e0 transporter et apportera de la joie \u00e0 vos enfants.<\/h2>\n<p><img loading=\"lazy\" decoding=\"async\" class=\"alignnone size-medium wp-image-2785\" src=\"https:\/\/ikasougou.com\/bintaservice\/wp-content\/uploads\/sites\/3\/2021\/01\/BIDON-DEAU-ENFANT-VERT-3000-267x400.jpg\" alt=\"\" width=\"267\" height=\"400\" \/> <img loading=\"lazy\" decoding=\"async\" class=\"alignnone size-medium wp-image-2786\" src=\"https:\/\/ikasougou.com\/bintaservice\/wp-content\/uploads\/sites\/3\/2021\/01\/TF-TH-51-267x400.jpg\" alt=\"\" width=\"267\" height=\"400\" \/><\/p>\n<div style=\"display:flex; gap:10px;justify-content:center\" class=\"wps-pgfw-pdf-generate-icon__wrapper-frontend\">\n\t\t<a  href=\"https:\/\/ikasougou.com\/ikaecoleta\/wp-json\/wp\/v2\/product\/249?action=genpdf&amp;id=249\" class=\"pgfw-single-pdf-download-button\" ><img src=\"https:\/\/ikasougou.com\/ikaecoleta\/wp-content\/plugins\/pdf-generator-for-wp\/admin\/src\/images\/PDF_Tray.svg\" title=\"G\u00e9n\u00e9rer un PDF\" style=\"width:auto; height:45px;\"><\/a>\n\t\t<\/div>","protected":false},"excerpt":{"rendered":"<p>Offrez \u00e0 votre bout de chou cette magnifique mini-gourde pour enfants de couleur verte . Elle est d\u00e9cor\u00e9e avec des motifs ludiques id\u00e9al pour l&#8217;encourager \u00e0 s&#8217;hydrater . L\u00e9g\u00e8re et r\u00e9sistante elle est facile \u00e0 transporter et apportera de la joie \u00e0 vos enfants.<\/p>\n","protected":false},"featured_media":277,"comment_status":"open","ping_status":"closed","template":"","meta":{"jetpack_post_was_ever_published":false,"jetpack_publicize_message":"","jetpack_publicize_feature_enabled":true,"jetpack_social_post_already_shared":true,"jetpack_social_options":{"image_generator_settings":{"template":"highway","default_image_id":0,"font":"","enabled":false},"version":2}},"product_brand":[],"product_cat":[44,43],"product_tag":[22,45,46,47,48,49,50,51,30,52],"class_list":{"0":"post-249","1":"product","2":"type-product","3":"status-publish","4":"has-post-thumbnail","6":"product_cat-gourde-pour-enfants","7":"product_cat-fourniture-scolaire","8":"product_tag-bamako","9":"product_tag-bidon","10":"product_tag-boisson","11":"product_tag-eau","12":"product_tag-enfants","13":"product_tag-fourniture-scolaire","14":"product_tag-gourde","15":"product_tag-jardin-denfants","16":"product_tag-mali","17":"product_tag-mini-gourde-couleur-verte-pour-enfant","19":"first","20":"instock","21":"shipping-taxable","22":"purchasable","23":"product-type-simple"},"ams_default_variation_id":0,"ams_product_points_reward":[],"ams_product_discount_percentage":0,"ams_price_to_display":3000,"aioseo_notices":[],"ams_acf":[],"jetpack_publicize_connections":[],"jetpack_sharing_enabled":true,"jetpack_likes_enabled":true,"_links":{"self":[{"href":"https:\/\/ikasougou.com\/ikaecoleta\/wp-json\/wp\/v2\/product\/249","targetHints":{"allow":["GET"]}}],"collection":[{"href":"https:\/\/ikasougou.com\/ikaecoleta\/wp-json\/wp\/v2\/product"}],"about":[{"href":"https:\/\/ikasougou.com\/ikaecoleta\/wp-json\/wp\/v2\/types\/product"}],"replies":[{"embeddable":true,"href":"https:\/\/ikasougou.com\/ikaecoleta\/wp-json\/wp\/v2\/comments?post=249"}],"wp:featuredmedia":[{"embeddable":true,"href":"https:\/\/ikasougou.com\/ikaecoleta\/wp-json\/wp\/v2\/media\/277"}],"wp:attachment":[{"href":"https:\/\/ikasougou.com\/ikaecoleta\/wp-json\/wp\/v2\/media?parent=249"}],"wp:term":[{"taxonomy":"product_brand","embeddable":true,"href":"https:\/\/ikasougou.com\/ikaecoleta\/wp-json\/wp\/v2\/product_brand?post=249"},{"taxonomy":"product_cat","embeddable":true,"href":"https:\/\/ikasougou.com\/ikaecoleta\/wp-json\/wp\/v2\/product_cat?post=249"},{"taxonomy":"product_tag","embeddable":true,"href":"https:\/\/ikasougou.com\/ikaecoleta\/wp-json\/wp\/v2\/product_tag?post=249"}],"curies":[{"name":"wp","href":"https:\/\/api.w.org\/{rel}","templated":true}]}}