{"id":764,"date":"2024-10-09T15:38:07","date_gmt":"2024-10-09T13:38:07","guid":{"rendered":"https:\/\/ikasougou.com\/ikaecoleta\/?post_type=product&#038;p=764"},"modified":"2024-10-09T15:38:07","modified_gmt":"2024-10-09T13:38:07","slug":"sac-decolier-fast-and-furious","status":"publish","type":"product","link":"https:\/\/ikasougou.com\/ikaecoleta\/produit\/sac-decolier-fast-and-furious\/","title":{"rendered":"Sac d&#8217;\u00e9colier Fast and furious"},"content":{"rendered":"<p>D\u00e9couvrez notre sac d\u2019\u00e9colier styl\u00e9 pour les \u00e9l\u00e8ves de 3\u00e8me \u00e0 5\u00e8me ann\u00e9e ! Inspir\u00e9 par le c\u00e9l\u00e8bre film <strong>Fast and Furious<\/strong>, ce sac est orn\u00e9 d\u2019une superbe image de voiture de course qui fera sensation \u00e0 l\u2019\u00e9cole. Confort garanti gr\u00e2ce \u00e0 son dos rembourr\u00e9 et solide, con\u00e7u pour accompagner vos enfants dans toutes leurs aventures scolaires. Le sac est disponible au prix comp\u00e9titif de <strong>10 000 FCFA<\/strong>, avec une livraison rapide partout \u00e0 Bamako, entre 1 000 et 2 000 FCFA. Ne manquez pas cette occasion d\u2019offrir \u00e0 vos enfants un sac pratique et tendance !<\/p>\n<div style=\"display:flex; gap:10px;justify-content:center\" class=\"wps-pgfw-pdf-generate-icon__wrapper-frontend\">\n\t\t<a  href=\"https:\/\/ikasougou.com\/ikaecoleta\/wp-json\/wp\/v2\/product\/764?action=genpdf&amp;id=764\" class=\"pgfw-single-pdf-download-button\" ><img src=\"https:\/\/ikasougou.com\/ikaecoleta\/wp-content\/plugins\/pdf-generator-for-wp\/admin\/src\/images\/PDF_Tray.svg\" title=\"G\u00e9n\u00e9rer un PDF\" style=\"width:auto; height:45px;\"><\/a>\n\t\t<\/div>","protected":false},"excerpt":{"rendered":"<p>D\u00e9couvrez notre sac d\u2019\u00e9colier styl\u00e9 pour les \u00e9l\u00e8ves de 3\u00e8me \u00e0 5\u00e8me ann\u00e9e ! Inspir\u00e9 par le c\u00e9l\u00e8bre film Fast and Furious, ce sac est orn\u00e9 d\u2019une superbe image de voiture de course qui fera sensation \u00e0 l\u2019\u00e9cole. Confort garanti gr\u00e2ce \u00e0 son dos rembourr\u00e9 et solide, con\u00e7u pour accompagner vos enfants dans toutes leurs [&#8230;]\n","protected":false},"featured_media":913,"comment_status":"open","ping_status":"closed","template":"","meta":{"jetpack_post_was_ever_published":false,"jetpack_publicize_message":"","jetpack_publicize_feature_enabled":true,"jetpack_social_post_already_shared":false,"jetpack_social_options":{"image_generator_settings":{"template":"highway","default_image_id":0,"font":"","enabled":false},"version":2}},"product_brand":[],"product_cat":[41,54],"product_tag":[],"class_list":{"0":"post-764","1":"product","2":"type-product","3":"status-publish","4":"has-post-thumbnail","6":"product_cat-sac-enfants","7":"product_cat-sac-a-doc","9":"first","10":"instock","11":"shipping-taxable","12":"purchasable","13":"product-type-simple"},"ams_default_variation_id":0,"ams_product_points_reward":[],"ams_product_discount_percentage":0,"ams_price_to_display":10000,"aioseo_notices":[],"ams_acf":[],"jetpack_publicize_connections":[],"jetpack_sharing_enabled":true,"jetpack_likes_enabled":true,"_links":{"self":[{"href":"https:\/\/ikasougou.com\/ikaecoleta\/wp-json\/wp\/v2\/product\/764","targetHints":{"allow":["GET"]}}],"collection":[{"href":"https:\/\/ikasougou.com\/ikaecoleta\/wp-json\/wp\/v2\/product"}],"about":[{"href":"https:\/\/ikasougou.com\/ikaecoleta\/wp-json\/wp\/v2\/types\/product"}],"replies":[{"embeddable":true,"href":"https:\/\/ikasougou.com\/ikaecoleta\/wp-json\/wp\/v2\/comments?post=764"}],"wp:featuredmedia":[{"embeddable":true,"href":"https:\/\/ikasougou.com\/ikaecoleta\/wp-json\/wp\/v2\/media\/913"}],"wp:attachment":[{"href":"https:\/\/ikasougou.com\/ikaecoleta\/wp-json\/wp\/v2\/media?parent=764"}],"wp:term":[{"taxonomy":"product_brand","embeddable":true,"href":"https:\/\/ikasougou.com\/ikaecoleta\/wp-json\/wp\/v2\/product_brand?post=764"},{"taxonomy":"product_cat","embeddable":true,"href":"https:\/\/ikasougou.com\/ikaecoleta\/wp-json\/wp\/v2\/product_cat?post=764"},{"taxonomy":"product_tag","embeddable":true,"href":"https:\/\/ikasougou.com\/ikaecoleta\/wp-json\/wp\/v2\/product_tag?post=764"}],"curies":[{"name":"wp","href":"https:\/\/api.w.org\/{rel}","templated":true}]}}