{"id":944,"date":"2024-10-09T19:00:43","date_gmt":"2024-10-09T17:00:43","guid":{"rendered":"https:\/\/ikasougou.com\/ikaecoleta\/?post_type=product&#038;p=944"},"modified":"2024-10-09T19:04:09","modified_gmt":"2024-10-09T17:04:09","slug":"sac-decolier-a-rayure-pour-fille","status":"publish","type":"product","link":"https:\/\/ikasougou.com\/ikaecoleta\/produit\/sac-decolier-a-rayure-pour-fille\/","title":{"rendered":"Sac d&#8217;\u00e9colier a rayure violet pour fille"},"content":{"rendered":"<p>D\u00e9couvrez notre sac \u00e0 dos chic , con\u00e7u sp\u00e9cialement pour les \u00e9coli\u00e8res de la 7\u00e8me ann\u00e9e au lyc\u00e9e, disponible sur ikasougou.com pour seulement 10 000 FCFA. Ce sac \u00e0 dos \u00e9l\u00e9gant et pratique se distingue par ses multiples poches, id\u00e9ales pour organiser vos affaires, et son dossier rembourr\u00e9 pour un confort optimal tout au long de la journ\u00e9e. Tr\u00e8s r\u00e9sistant, il est pr\u00eat \u00e0 vous accompagner pendant toute l\u2019ann\u00e9e scolaire. Profitez de notre service de livraison rapide \u00e0 Bamako, avec des frais variant entre 1,000 et 2,000 FCFA selon votre localisation.<\/p>\n<div style=\"display:flex; gap:10px;justify-content:center\" class=\"wps-pgfw-pdf-generate-icon__wrapper-frontend\">\n\t\t<a  href=\"https:\/\/ikasougou.com\/ikaecoleta\/wp-json\/wp\/v2\/product\/944?action=genpdf&amp;id=944\" class=\"pgfw-single-pdf-download-button\" ><img src=\"https:\/\/ikasougou.com\/ikaecoleta\/wp-content\/plugins\/pdf-generator-for-wp\/admin\/src\/images\/PDF_Tray.svg\" title=\"G\u00e9n\u00e9rer un PDF\" style=\"width:auto; height:45px;\"><\/a>\n\t\t<\/div>","protected":false},"excerpt":{"rendered":"<p>D\u00e9couvrez notre sac \u00e0 dos chic , con\u00e7u sp\u00e9cialement pour les \u00e9coli\u00e8res de la 7\u00e8me ann\u00e9e au lyc\u00e9e, disponible sur ikasougou.com pour seulement 10 000 FCFA. Ce sac \u00e0 dos \u00e9l\u00e9gant et pratique se distingue par ses multiples poches, id\u00e9ales pour organiser vos affaires, et son dossier rembourr\u00e9 pour un confort optimal tout au long [&#8230;]\n","protected":false},"featured_media":871,"comment_status":"open","ping_status":"closed","template":"","meta":{"jetpack_post_was_ever_published":false,"jetpack_publicize_message":"","jetpack_publicize_feature_enabled":true,"jetpack_social_post_already_shared":false,"jetpack_social_options":{"image_generator_settings":{"template":"highway","default_image_id":0,"font":"","enabled":false},"version":2}},"product_brand":[],"product_cat":[41,54],"product_tag":[],"class_list":{"0":"post-944","1":"product","2":"type-product","3":"status-publish","4":"has-post-thumbnail","6":"product_cat-sac-enfants","7":"product_cat-sac-a-doc","9":"first","10":"instock","11":"sale","12":"shipping-taxable","13":"purchasable","14":"product-type-simple"},"ams_default_variation_id":0,"ams_product_points_reward":[],"ams_product_discount_percentage":20,"ams_price_to_display":10000,"aioseo_notices":[],"ams_acf":[],"jetpack_publicize_connections":[],"jetpack_sharing_enabled":true,"jetpack_likes_enabled":true,"_links":{"self":[{"href":"https:\/\/ikasougou.com\/ikaecoleta\/wp-json\/wp\/v2\/product\/944","targetHints":{"allow":["GET"]}}],"collection":[{"href":"https:\/\/ikasougou.com\/ikaecoleta\/wp-json\/wp\/v2\/product"}],"about":[{"href":"https:\/\/ikasougou.com\/ikaecoleta\/wp-json\/wp\/v2\/types\/product"}],"replies":[{"embeddable":true,"href":"https:\/\/ikasougou.com\/ikaecoleta\/wp-json\/wp\/v2\/comments?post=944"}],"wp:featuredmedia":[{"embeddable":true,"href":"https:\/\/ikasougou.com\/ikaecoleta\/wp-json\/wp\/v2\/media\/871"}],"wp:attachment":[{"href":"https:\/\/ikasougou.com\/ikaecoleta\/wp-json\/wp\/v2\/media?parent=944"}],"wp:term":[{"taxonomy":"product_brand","embeddable":true,"href":"https:\/\/ikasougou.com\/ikaecoleta\/wp-json\/wp\/v2\/product_brand?post=944"},{"taxonomy":"product_cat","embeddable":true,"href":"https:\/\/ikasougou.com\/ikaecoleta\/wp-json\/wp\/v2\/product_cat?post=944"},{"taxonomy":"product_tag","embeddable":true,"href":"https:\/\/ikasougou.com\/ikaecoleta\/wp-json\/wp\/v2\/product_tag?post=944"}],"curies":[{"name":"wp","href":"https:\/\/api.w.org\/{rel}","templated":true}]}}