{"id":100,"date":"2021-12-18T14:02:00","date_gmt":"2021-12-18T13:02:00","guid":{"rendered":"https:\/\/ikasougou.com\/ikanoel\/?post_type=product&#038;p=100"},"modified":"2021-12-23T11:35:43","modified_gmt":"2021-12-23T10:35:43","slug":"voiture-telecommande-pour-enfant","status":"publish","type":"product","link":"https:\/\/ikasougou.com\/ikanoel\/produit\/voiture-telecommande-pour-enfant\/","title":{"rendered":"Voiture T\u00e9l\u00e9command\u00e9 pour Enfant"},"content":{"rendered":"<p><img loading=\"lazy\" decoding=\"async\" class=\"size-medium wp-image-101 aligncenter\" src=\"https:\/\/ikasougou.com\/ikanoel\/wp-content\/uploads\/sites\/98\/2021\/12\/photo_2021-12-15_17-05-13-300x148.jpg\" alt=\"\" width=\"300\" height=\"148\" srcset=\"https:\/\/ikasougou.com\/ikanoel\/wp-content\/uploads\/sites\/98\/2021\/12\/photo_2021-12-15_17-05-13-300x148.jpg 300w, https:\/\/ikasougou.com\/ikanoel\/wp-content\/uploads\/sites\/98\/2021\/12\/photo_2021-12-15_17-05-13-1024x504.jpg 1024w, https:\/\/ikasougou.com\/ikanoel\/wp-content\/uploads\/sites\/98\/2021\/12\/photo_2021-12-15_17-05-13-768x378.jpg 768w, https:\/\/ikasougou.com\/ikanoel\/wp-content\/uploads\/sites\/98\/2021\/12\/photo_2021-12-15_17-05-13-510x251.jpg 510w, https:\/\/ikasougou.com\/ikanoel\/wp-content\/uploads\/sites\/98\/2021\/12\/photo_2021-12-15_17-05-13.jpg 1280w\" sizes=\"auto, (max-width: 300px) 100vw, 300px\" \/><\/p>\n<p>Surprenez vos bouts de chou, pour ces f\u00eates de fin d&#8217;ann\u00e9e, avec cette voiture t\u00e9l\u00e9command\u00e9e, qui les rendra surement joyeux\u202f!<\/p>\n<p><img loading=\"lazy\" decoding=\"async\" class=\"size-medium wp-image-102 aligncenter\" src=\"https:\/\/ikasougou.com\/ikanoel\/wp-content\/uploads\/sites\/98\/2021\/12\/photo_2021-12-15_17-05-20-300x168.jpg\" alt=\"\" width=\"300\" height=\"168\" srcset=\"https:\/\/ikasougou.com\/ikanoel\/wp-content\/uploads\/sites\/98\/2021\/12\/photo_2021-12-15_17-05-20-300x168.jpg 300w, https:\/\/ikasougou.com\/ikanoel\/wp-content\/uploads\/sites\/98\/2021\/12\/photo_2021-12-15_17-05-20-1024x573.jpg 1024w, https:\/\/ikasougou.com\/ikanoel\/wp-content\/uploads\/sites\/98\/2021\/12\/photo_2021-12-15_17-05-20-768x430.jpg 768w, https:\/\/ikasougou.com\/ikanoel\/wp-content\/uploads\/sites\/98\/2021\/12\/photo_2021-12-15_17-05-20-510x285.jpg 510w, https:\/\/ikasougou.com\/ikanoel\/wp-content\/uploads\/sites\/98\/2021\/12\/photo_2021-12-15_17-05-20.jpg 1280w\" sizes=\"auto, (max-width: 300px) 100vw, 300px\" \/><\/p>\n<div style=\"display:flex; gap:10px;justify-content:center\" class=\"wps-pgfw-pdf-generate-icon__wrapper-frontend\">\n\t\t<a  href=\"https:\/\/ikasougou.com\/ikanoel\/wp-json\/wp\/v2\/product\/100?action=genpdf&amp;id=100\" class=\"pgfw-single-pdf-download-button\" ><img src=\"https:\/\/ikasougou.com\/ikanoel\/wp-content\/plugins\/pdf-generator-for-wp\/admin\/src\/images\/PDF_Tray.svg\" title=\"G\u00e9n\u00e9rer un PDF\" style=\"width:auto; height:45px;\"><\/a>\n\t\t<\/div>","protected":false},"excerpt":{"rendered":"<p>Surprenez vos bouts de chou, pour ces f\u00eates de fin d&#8217;ann\u00e9e, avec cette voiture t\u00e9l\u00e9command\u00e9e, qui les rendra surement joyeux\u202f!<\/p>\n","protected":false},"featured_media":102,"comment_status":"open","ping_status":"closed","template":"","meta":[],"product_brand":[],"product_cat":[17],"product_tag":[19,78,74,20,23,77],"class_list":{"0":"post-100","1":"product","2":"type-product","3":"status-publish","4":"has-post-thumbnail","6":"product_cat-cadeaux-de-noel","7":"product_tag-bamako","8":"product_tag-cadeaux-de-noel","9":"product_tag-fete","10":"product_tag-mali","11":"product_tag-pere-noel","12":"product_tag-voiture-telecommande-pour-enfant","14":"first","15":"instock","16":"shipping-taxable","17":"purchasable","18":"product-type-simple"},"ams_default_variation_id":0,"ams_product_points_reward":[],"ams_product_discount_percentage":0,"ams_price_to_display":4000,"aioseo_notices":[],"ams_acf":[],"_links":{"self":[{"href":"https:\/\/ikasougou.com\/ikanoel\/wp-json\/wp\/v2\/product\/100","targetHints":{"allow":["GET"]}}],"collection":[{"href":"https:\/\/ikasougou.com\/ikanoel\/wp-json\/wp\/v2\/product"}],"about":[{"href":"https:\/\/ikasougou.com\/ikanoel\/wp-json\/wp\/v2\/types\/product"}],"replies":[{"embeddable":true,"href":"https:\/\/ikasougou.com\/ikanoel\/wp-json\/wp\/v2\/comments?post=100"}],"wp:featuredmedia":[{"embeddable":true,"href":"https:\/\/ikasougou.com\/ikanoel\/wp-json\/wp\/v2\/media\/102"}],"wp:attachment":[{"href":"https:\/\/ikasougou.com\/ikanoel\/wp-json\/wp\/v2\/media?parent=100"}],"wp:term":[{"taxonomy":"product_brand","embeddable":true,"href":"https:\/\/ikasougou.com\/ikanoel\/wp-json\/wp\/v2\/product_brand?post=100"},{"taxonomy":"product_cat","embeddable":true,"href":"https:\/\/ikasougou.com\/ikanoel\/wp-json\/wp\/v2\/product_cat?post=100"},{"taxonomy":"product_tag","embeddable":true,"href":"https:\/\/ikasougou.com\/ikanoel\/wp-json\/wp\/v2\/product_tag?post=100"}],"curies":[{"name":"wp","href":"https:\/\/api.w.org\/{rel}","templated":true}]}}