{"id":1005,"date":"2021-12-23T13:29:43","date_gmt":"2021-12-23T12:29:43","guid":{"rendered":"https:\/\/ikasougou.com\/ikanoel\/?post_type=product&#038;p=1005"},"modified":"2021-12-23T13:29:44","modified_gmt":"2021-12-23T12:29:44","slug":"ferrero-rocher-golden-gallery","status":"publish","type":"product","link":"https:\/\/ikasougou.com\/ikanoel\/produit\/ferrero-rocher-golden-gallery\/","title":{"rendered":"Ferrero Rocher Golden Gallery"},"content":{"rendered":"<p><img loading=\"lazy\" decoding=\"async\" class=\"size-medium wp-image-1006 alignleft\" src=\"https:\/\/ikasougou.com\/ikanoel\/wp-content\/uploads\/sites\/98\/2021\/12\/ferrero-golden-gallery-collection.0963-282x300.jpg\" alt=\"\" width=\"282\" height=\"300\" srcset=\"https:\/\/ikasougou.com\/ikanoel\/wp-content\/uploads\/sites\/98\/2021\/12\/ferrero-golden-gallery-collection.0963-282x300.jpg 282w, https:\/\/ikasougou.com\/ikanoel\/wp-content\/uploads\/sites\/98\/2021\/12\/ferrero-golden-gallery-collection.0963-963x1024.jpg 963w, https:\/\/ikasougou.com\/ikanoel\/wp-content\/uploads\/sites\/98\/2021\/12\/ferrero-golden-gallery-collection.0963-768x816.jpg 768w, https:\/\/ikasougou.com\/ikanoel\/wp-content\/uploads\/sites\/98\/2021\/12\/ferrero-golden-gallery-collection.0963-510x542.jpg 510w, https:\/\/ikasougou.com\/ikanoel\/wp-content\/uploads\/sites\/98\/2021\/12\/ferrero-golden-gallery-collection.0963-scaled.jpg 1204w\" sizes=\"auto, (max-width: 282px) 100vw, 282px\" \/>Un nouveau r\u00e9pertoire de chefs-d\u2019\u0153uvre n\u00e9s du savoir-faire p\u00e2tissier unique de Ferrero. Une gamme de recettes exclusives pour une palette de saveurs uniques et irr\u00e9sistibles, pr\u00e9sent\u00e9es dans un \u00e9l\u00e9gant coffret. Le cadeau qui allie originalit\u00e9 et raffinement pour les f\u00eates de fin d\u2019ann\u00e9e\u202f!<\/p>\n<div style=\"display:flex; gap:10px;justify-content:center\" class=\"wps-pgfw-pdf-generate-icon__wrapper-frontend\">\n\t\t<a  href=\"https:\/\/ikasougou.com\/ikanoel\/wp-json\/wp\/v2\/product\/1005?action=genpdf&amp;id=1005\" class=\"pgfw-single-pdf-download-button\" ><img src=\"https:\/\/ikasougou.com\/ikanoel\/wp-content\/plugins\/pdf-generator-for-wp\/admin\/src\/images\/PDF_Tray.svg\" title=\"G\u00e9n\u00e9rer un PDF\" style=\"width:auto; height:45px;\"><\/a>\n\t\t<\/div>","protected":false},"excerpt":{"rendered":"<p>Une gamme de recettes exclusives pour une palette de saveurs uniques et irr\u00e9sistibles, pr\u00e9sent\u00e9es dans un \u00e9l\u00e9gant coffret.<\/p>\n","protected":false},"featured_media":1007,"comment_status":"open","ping_status":"closed","template":"","meta":[],"product_brand":[],"product_cat":[17],"product_tag":[341,337,340,339,344,342,338,343],"class_list":{"0":"post-1005","1":"product","2":"type-product","3":"status-publish","4":"has-post-thumbnail","6":"product_cat-cadeaux-de-noel","7":"product_tag-chefs-doeuvre","8":"product_tag-ferrero","9":"product_tag-gallery","10":"product_tag-golden","11":"product_tag-irresistible","12":"product_tag-patissier","13":"product_tag-rocher","14":"product_tag-saveurs-uniques","16":"first","17":"instock","18":"shipping-taxable","19":"product-type-simple"},"ams_default_variation_id":0,"ams_product_points_reward":[],"ams_product_discount_percentage":0,"ams_price_to_display":0,"aioseo_notices":[],"ams_acf":[],"_links":{"self":[{"href":"https:\/\/ikasougou.com\/ikanoel\/wp-json\/wp\/v2\/product\/1005","targetHints":{"allow":["GET"]}}],"collection":[{"href":"https:\/\/ikasougou.com\/ikanoel\/wp-json\/wp\/v2\/product"}],"about":[{"href":"https:\/\/ikasougou.com\/ikanoel\/wp-json\/wp\/v2\/types\/product"}],"replies":[{"embeddable":true,"href":"https:\/\/ikasougou.com\/ikanoel\/wp-json\/wp\/v2\/comments?post=1005"}],"wp:featuredmedia":[{"embeddable":true,"href":"https:\/\/ikasougou.com\/ikanoel\/wp-json\/wp\/v2\/media\/1007"}],"wp:attachment":[{"href":"https:\/\/ikasougou.com\/ikanoel\/wp-json\/wp\/v2\/media?parent=1005"}],"wp:term":[{"taxonomy":"product_brand","embeddable":true,"href":"https:\/\/ikasougou.com\/ikanoel\/wp-json\/wp\/v2\/product_brand?post=1005"},{"taxonomy":"product_cat","embeddable":true,"href":"https:\/\/ikasougou.com\/ikanoel\/wp-json\/wp\/v2\/product_cat?post=1005"},{"taxonomy":"product_tag","embeddable":true,"href":"https:\/\/ikasougou.com\/ikanoel\/wp-json\/wp\/v2\/product_tag?post=1005"}],"curies":[{"name":"wp","href":"https:\/\/api.w.org\/{rel}","templated":true}]}}