{"id":1013,"date":"2021-12-23T11:59:43","date_gmt":"2021-12-23T10:59:43","guid":{"rendered":"https:\/\/ikasougou.com\/ikanoel\/?post_type=product&#038;p=1013"},"modified":"2021-12-24T20:18:00","modified_gmt":"2021-12-24T19:18:00","slug":"poupe-senn-dolls","status":"publish","type":"product","link":"https:\/\/ikasougou.com\/ikanoel\/produit\/poupe-senn-dolls\/","title":{"rendered":"Poupe Senn Dolls"},"content":{"rendered":"<p>Vos petites princesses seront ravies de recevoir en cadeau cette jolie poup\u00e9e. Vous avez dans la boite en plus de la poup\u00e9e : le peigne, le miroir, le pot, le petit biberon et les couches pour la poup\u00e9e\u202f!<\/p>\n<div style=\"display:flex; gap:10px;justify-content:center\" class=\"wps-pgfw-pdf-generate-icon__wrapper-frontend\">\n\t\t<a  href=\"https:\/\/ikasougou.com\/ikanoel\/wp-json\/wp\/v2\/product\/1013?action=genpdf&amp;id=1013\" class=\"pgfw-single-pdf-download-button\" ><img src=\"https:\/\/ikasougou.com\/ikanoel\/wp-content\/plugins\/pdf-generator-for-wp\/admin\/src\/images\/PDF_Tray.svg\" title=\"G\u00e9n\u00e9rer un PDF\" style=\"width:auto; height:45px;\"><\/a>\n\t\t<\/div>","protected":false},"excerpt":{"rendered":"<p>En plus de la poup\u00e9e : le peigne, le miroir, le pot, le petit biberon et les couches pour la poup\u00e9e\u202f!<\/p>\n","protected":false},"featured_media":1015,"comment_status":"open","ping_status":"closed","template":"","meta":[],"product_brand":[],"product_cat":[17],"product_tag":[355,352,351,354,353,349,350],"class_list":{"0":"post-1013","1":"product","2":"type-product","3":"status-publish","4":"has-post-thumbnail","6":"product_cat-cadeaux-de-noel","7":"product_tag-couches-pour-poupee","8":"product_tag-miroir","9":"product_tag-peigne","10":"product_tag-petit-biberon","11":"product_tag-pot","12":"product_tag-poupe","13":"product_tag-senn-dolls","15":"first","16":"instock","17":"shipping-taxable","18":"purchasable","19":"product-type-simple"},"ams_default_variation_id":0,"ams_product_points_reward":[],"ams_product_discount_percentage":0,"ams_price_to_display":10500,"aioseo_notices":[],"ams_acf":[],"_links":{"self":[{"href":"https:\/\/ikasougou.com\/ikanoel\/wp-json\/wp\/v2\/product\/1013","targetHints":{"allow":["GET"]}}],"collection":[{"href":"https:\/\/ikasougou.com\/ikanoel\/wp-json\/wp\/v2\/product"}],"about":[{"href":"https:\/\/ikasougou.com\/ikanoel\/wp-json\/wp\/v2\/types\/product"}],"replies":[{"embeddable":true,"href":"https:\/\/ikasougou.com\/ikanoel\/wp-json\/wp\/v2\/comments?post=1013"}],"wp:featuredmedia":[{"embeddable":true,"href":"https:\/\/ikasougou.com\/ikanoel\/wp-json\/wp\/v2\/media\/1015"}],"wp:attachment":[{"href":"https:\/\/ikasougou.com\/ikanoel\/wp-json\/wp\/v2\/media?parent=1013"}],"wp:term":[{"taxonomy":"product_brand","embeddable":true,"href":"https:\/\/ikasougou.com\/ikanoel\/wp-json\/wp\/v2\/product_brand?post=1013"},{"taxonomy":"product_cat","embeddable":true,"href":"https:\/\/ikasougou.com\/ikanoel\/wp-json\/wp\/v2\/product_cat?post=1013"},{"taxonomy":"product_tag","embeddable":true,"href":"https:\/\/ikasougou.com\/ikanoel\/wp-json\/wp\/v2\/product_tag?post=1013"}],"curies":[{"name":"wp","href":"https:\/\/api.w.org\/{rel}","templated":true}]}}