{"id":1016,"date":"2021-12-23T12:15:31","date_gmt":"2021-12-23T11:15:31","guid":{"rendered":"https:\/\/ikasougou.com\/ikanoel\/?post_type=product&#038;p=1016"},"modified":"2021-12-23T13:27:37","modified_gmt":"2021-12-23T12:27:37","slug":"ferrero-collection","status":"publish","type":"product","link":"https:\/\/ikasougou.com\/ikanoel\/produit\/ferrero-collection\/","title":{"rendered":"Ferrero Collection"},"content":{"rendered":"<ul class=\"a-unordered-list a-vertical a-spacing-mini\">\n<li><span class=\"a-list-item\">La collection Ferrero &#8211; une offre riche en sp\u00e9cialit\u00e9s : Ferrero rocher, Rondnoir et Raffaello<\/span><\/li>\n<li><span class=\"a-list-item\">Collection Ferrero &#8211; repr\u00e9sente l&#8217;assortiment Ferrero id\u00e9al \u00e0 offrir en toute occasion : des plus \u00e9l\u00e9gants et formels aux plus confidentiels et informels<\/span><\/li>\n<li><span class=\"a-list-item\">Compos\u00e9 du Ferrero rocher (Classique et Chocolat Noir) et du Raffaello<\/span><\/li>\n<li><span class=\"a-list-item\">FORMAT &#8211; Une bo\u00eete \u00e9l\u00e9gante et pratique, id\u00e9ale pour un cadeau raffin\u00e9 : elle permet de conserver le produit pour en profiter au mieux<\/span><\/li>\n<\/ul>\n<div style=\"display:flex; gap:10px;justify-content:center\" class=\"wps-pgfw-pdf-generate-icon__wrapper-frontend\">\n\t\t<a  href=\"https:\/\/ikasougou.com\/ikanoel\/wp-json\/wp\/v2\/product\/1016?action=genpdf&amp;id=1016\" class=\"pgfw-single-pdf-download-button\" ><img src=\"https:\/\/ikasougou.com\/ikanoel\/wp-content\/plugins\/pdf-generator-for-wp\/admin\/src\/images\/PDF_Tray.svg\" title=\"G\u00e9n\u00e9rer un PDF\" style=\"width:auto; height:45px;\"><\/a>\n\t\t<\/div>","protected":false},"excerpt":{"rendered":"<p><span class=\"a-list-item\">La collection Ferrero &#8211; une offre riche en sp\u00e9cialit\u00e9s : Ferrero rocher, Rondnoir et Raffaello<\/span><\/p>\n","protected":false},"featured_media":1022,"comment_status":"open","ping_status":"closed","template":"","meta":[],"product_brand":[],"product_cat":[17],"product_tag":[219,359,356,358,357],"class_list":{"0":"post-1016","1":"product","2":"type-product","3":"status-publish","4":"has-post-thumbnail","6":"product_cat-cadeaux-de-noel","7":"product_tag-chocolat-noir","8":"product_tag-classique","9":"product_tag-ferrero-collection","10":"product_tag-raffaello","11":"product_tag-rondnoir","13":"first","14":"instock","15":"shipping-taxable","16":"purchasable","17":"product-type-simple"},"ams_default_variation_id":0,"ams_product_points_reward":[],"ams_product_discount_percentage":0,"ams_price_to_display":10000,"aioseo_notices":[],"ams_acf":[],"_links":{"self":[{"href":"https:\/\/ikasougou.com\/ikanoel\/wp-json\/wp\/v2\/product\/1016","targetHints":{"allow":["GET"]}}],"collection":[{"href":"https:\/\/ikasougou.com\/ikanoel\/wp-json\/wp\/v2\/product"}],"about":[{"href":"https:\/\/ikasougou.com\/ikanoel\/wp-json\/wp\/v2\/types\/product"}],"replies":[{"embeddable":true,"href":"https:\/\/ikasougou.com\/ikanoel\/wp-json\/wp\/v2\/comments?post=1016"}],"wp:featuredmedia":[{"embeddable":true,"href":"https:\/\/ikasougou.com\/ikanoel\/wp-json\/wp\/v2\/media\/1022"}],"wp:attachment":[{"href":"https:\/\/ikasougou.com\/ikanoel\/wp-json\/wp\/v2\/media?parent=1016"}],"wp:term":[{"taxonomy":"product_brand","embeddable":true,"href":"https:\/\/ikasougou.com\/ikanoel\/wp-json\/wp\/v2\/product_brand?post=1016"},{"taxonomy":"product_cat","embeddable":true,"href":"https:\/\/ikasougou.com\/ikanoel\/wp-json\/wp\/v2\/product_cat?post=1016"},{"taxonomy":"product_tag","embeddable":true,"href":"https:\/\/ikasougou.com\/ikanoel\/wp-json\/wp\/v2\/product_tag?post=1016"}],"curies":[{"name":"wp","href":"https:\/\/api.w.org\/{rel}","templated":true}]}}