{"id":1023,"date":"2021-12-23T13:06:52","date_gmt":"2021-12-23T12:06:52","guid":{"rendered":"https:\/\/ikasougou.com\/ikanoel\/?post_type=product&#038;p=1023"},"modified":"2025-06-11T09:34:20","modified_gmt":"2025-06-11T07:34:20","slug":"calendrier-mm-friends-24-sachets","status":"publish","type":"product","link":"https:\/\/ikasougou.com\/ikanoel\/produit\/calendrier-mm-friends-24-sachets\/","title":{"rendered":"Calendrier M&#038;M Friends 24 sachets"},"content":{"rendered":"<ul class=\"a-unordered-list a-vertical a-spacing-mini\">\n<li><span class=\"a-list-item\"><span class=\"\">Le calendrier de l&#8217;Avent M &amp; M&#8217;S &amp; Friends apporte une anticipation color\u00e9e dans la saison de No\u00ebl : tout le monde trouvera quelque chose \u00e0 grignoter dans le nouveau m\u00e9lange de M &amp; M&#8217;S, Bounty, Mars, Milky Way, Snickers et Twix<\/span><\/span><\/li>\n<li><span class=\"a-list-item\"><span class=\"\">Exactement la bonne chose pour 24 jours color\u00e9s : le calendrier de l&#8217;Avent M &amp; M&#8217;S Friends apporte des lentilles au chocolat a\u00e9r\u00e9es ou des barres Twix croustillantes &#8211; les amateurs de noix et de chocolat vont adorer<\/span><\/span><\/li>\n<li><span class=\"a-list-item\">Rempli \u00e0 ras bord et d\u00e9licieux : le calendrier de No\u00ebl M &amp; M&#8217;S &amp; Friends est parfait pour une saison de l&#8217;Avent vari\u00e9e &#8211; \u00e0 offrir ou \u00e0 grignoter soi-m\u00eame<\/span><\/li>\n<li><span class=\"a-list-item\"><span class=\"\">Gr\u00e2ce \u00e0 son contenu vari\u00e9, M &amp; M&#8217;S &amp; Friends est une collation id\u00e9ale pour chaque occasion &#8211; ou comme dirait notre Jaune : &#8221; Tout le monde a un bon noyau &#8220;<\/span><\/span><\/li>\n<li><span class=\"a-list-item\"><span class=\"\">Contenu de la livraison : 1 x 361 g Calendrier de l&#8217;avent M&amp;M&#8217;S Friends \/ Original uniquement avec le \u00ab m \u00bb sur chaque verre \/ Plus d&#8217;informations sur la composition dans la description du produit<\/span><\/span><\/li>\n<\/ul>\n<div style=\"display:flex; gap:10px;justify-content:center\" class=\"wps-pgfw-pdf-generate-icon__wrapper-frontend\">\n\t\t<a  href=\"https:\/\/ikasougou.com\/ikanoel\/wp-json\/wp\/v2\/product\/1023?action=genpdf&amp;id=1023\" class=\"pgfw-single-pdf-download-button\" ><img src=\"https:\/\/ikasougou.com\/ikanoel\/wp-content\/plugins\/pdf-generator-for-wp\/admin\/src\/images\/PDF_Tray.svg\" title=\"G\u00e9n\u00e9rer un PDF\" style=\"width:auto; height:45px;\"><\/a>\n\t\t<\/div>","protected":false},"excerpt":{"rendered":"<p><span class=\"a-list-item\"><span class=\"\">Tout le monde trouvera quelque chose \u00e0 grignoter dans le nouveau m\u00e9lange de M &amp; M&#8217;S, Bounty, Mars, Milky Way, Snickers et Twix<\/span><\/span><\/p>\n","protected":false},"featured_media":1026,"comment_status":"open","ping_status":"closed","template":"","meta":[],"product_brand":[],"product_cat":[17],"product_tag":[361,360,362,363,364,365],"class_list":{"0":"post-1023","1":"product","2":"type-product","3":"status-publish","4":"has-post-thumbnail","6":"product_cat-cadeaux-de-noel","7":"product_tag-bounty","8":"product_tag-m-ms","9":"product_tag-mars","10":"product_tag-milky-way","11":"product_tag-snickers","12":"product_tag-twix","14":"first","15":"instock","16":"shipping-taxable","17":"purchasable","18":"product-type-simple"},"ams_default_variation_id":0,"ams_product_points_reward":[],"ams_product_discount_percentage":0,"ams_price_to_display":10000,"aioseo_notices":[],"ams_acf":[],"_links":{"self":[{"href":"https:\/\/ikasougou.com\/ikanoel\/wp-json\/wp\/v2\/product\/1023","targetHints":{"allow":["GET"]}}],"collection":[{"href":"https:\/\/ikasougou.com\/ikanoel\/wp-json\/wp\/v2\/product"}],"about":[{"href":"https:\/\/ikasougou.com\/ikanoel\/wp-json\/wp\/v2\/types\/product"}],"replies":[{"embeddable":true,"href":"https:\/\/ikasougou.com\/ikanoel\/wp-json\/wp\/v2\/comments?post=1023"}],"wp:featuredmedia":[{"embeddable":true,"href":"https:\/\/ikasougou.com\/ikanoel\/wp-json\/wp\/v2\/media\/1026"}],"wp:attachment":[{"href":"https:\/\/ikasougou.com\/ikanoel\/wp-json\/wp\/v2\/media?parent=1023"}],"wp:term":[{"taxonomy":"product_brand","embeddable":true,"href":"https:\/\/ikasougou.com\/ikanoel\/wp-json\/wp\/v2\/product_brand?post=1023"},{"taxonomy":"product_cat","embeddable":true,"href":"https:\/\/ikasougou.com\/ikanoel\/wp-json\/wp\/v2\/product_cat?post=1023"},{"taxonomy":"product_tag","embeddable":true,"href":"https:\/\/ikasougou.com\/ikanoel\/wp-json\/wp\/v2\/product_tag?post=1023"}],"curies":[{"name":"wp","href":"https:\/\/api.w.org\/{rel}","templated":true}]}}